{"id":19420,"date":"2023-11-30T09:31:06","date_gmt":"2023-11-30T09:31:06","guid":{"rendered":"https:\/\/energizerprofessional.eu\/?post_type=product&#038;p=19420"},"modified":"2024-02-15T04:40:10","modified_gmt":"2024-02-15T04:40:10","slug":"energizer-pro-series-tm-work-light","status":"publish","type":"product","link":"https:\/\/energizerprofessional.eu\/pl\/produkt\/energizer-pro-series-tm-work-light\/","title":{"rendered":"Lampa robocza <i>Energizer<\/i><sub>\u00ae<\/sub> Pro Series <sup>TM<\/sup>"},"content":{"rendered":"<p><div class=\"fusion-fullwidth fullwidth-box fusion-builder-row-1 fusion-flex-container nonhundred-percent-fullwidth non-hundred-percent-height-scrolling\" style=\"--awb-border-radius-top-left:0px;--awb-border-radius-top-right:0px;--awb-border-radius-bottom-right:0px;--awb-border-radius-bottom-left:0px;--awb-flex-wrap:wrap;\" ><div class=\"fusion-builder-row fusion-row fusion-flex-align-items-flex-start fusion-flex-content-wrap\" style=\"max-width:calc( 1364px + 18px );margin-left: calc(-18px \/ 2 );margin-right: calc(-18px \/ 2 );\"><div class=\"fusion-layout-column fusion_builder_column fusion-builder-column-0 fusion_builder_column_2_5 2_5 fusion-flex-column\" style=\"--awb-bg-size:cover;--awb-width-large:40%;--awb-margin-top-large:0px;--awb-spacing-right-large:9px;--awb-margin-bottom-large:20px;--awb-spacing-left-large:9px;--awb-width-medium:40%;--awb-order-medium:0;--awb-spacing-right-medium:9px;--awb-spacing-left-medium:9px;--awb-width-small:100%;--awb-order-small:0;--awb-spacing-right-small:9px;--awb-spacing-left-small:9px;\"><div class=\"fusion-column-wrapper fusion-column-has-shadow fusion-flex-justify-content-flex-start fusion-content-layout-column\"><div class=\"fusion-image-element \" style=\"text-align:center;--awb-caption-title-font-family:var(--h2_typography-font-family);--awb-caption-title-font-weight:var(--h2_typography-font-weight);--awb-caption-title-font-style:var(--h2_typography-font-style);--awb-caption-title-size:var(--h2_typography-font-size);--awb-caption-title-transform:var(--h2_typography-text-transform);--awb-caption-title-line-height:var(--h2_typography-line-height);--awb-caption-title-letter-spacing:var(--h2_typography-letter-spacing);\"><span class=\" fusion-imageframe imageframe-none imageframe-1 hover-type-none\"><img decoding=\"async\" width=\"333\" height=\"500\" title=\"FY23_ENR_YPWL31_Pro_Series_Work-Light_Lifestyle1\" src=\"https:\/\/energizerprofessional.eu\/wp-content\/uploads\/2023\/11\/FY23_ENR_YPWL31_Pro_Series_Work-Light_Lifestyle1.png\" alt class=\"img-responsive wp-image-19440\" srcset=\"https:\/\/energizerprofessional.eu\/wp-content\/uploads\/2023\/11\/FY23_ENR_YPWL31_Pro_Series_Work-Light_Lifestyle1-200x300.png 200w, https:\/\/energizerprofessional.eu\/wp-content\/uploads\/2023\/11\/FY23_ENR_YPWL31_Pro_Series_Work-Light_Lifestyle1.png 333w\" sizes=\"(max-width: 800px) 100vw, 333px\" \/><\/span><\/div><\/div><\/div><div class=\"fusion-layout-column fusion_builder_column fusion-builder-column-1 fusion_builder_column_3_5 3_5 fusion-flex-column single-flashlight-product-column\" style=\"--awb-bg-size:cover;--awb-width-large:60%;--awb-margin-top-large:0px;--awb-spacing-right-large:9px;--awb-margin-bottom-large:20px;--awb-spacing-left-large:9px;--awb-width-medium:60%;--awb-order-medium:0;--awb-spacing-right-medium:9px;--awb-spacing-left-medium:9px;--awb-width-small:100%;--awb-order-small:0;--awb-spacing-right-small:9px;--awb-spacing-left-small:9px;\"><div class=\"fusion-column-wrapper fusion-column-has-shadow fusion-flex-justify-content-flex-start fusion-content-layout-column\"><div class=\"fusion-title title fusion-title-1 fusion-sep-none fusion-title-text fusion-title-size-two flashlight-product-title\" style=\"--awb-margin-top-small:10px;--awb-margin-right-small:0px;--awb-margin-bottom-small:10px;--awb-margin-left-small:0px;--awb-font-size:42px;\"><h2 class=\"fusion-title-heading title-heading-left\" style=\"font-family:Arial, Helvetica, sans-serif;font-style:normal;font-weight:700;margin:0;font-size:1em;\"><h2><strong>Lampa robocza <i>Energizer<\/i><sub>\u00ae<\/sub> Pro Series <sup>TM<\/sup><\/strong><\/h2><\/h2><\/div><div class=\"fusion-text fusion-text-1\" style=\"--awb-font-size:21px;--awb-text-color:#000000;--awb-text-font-family:Arial, Helvetica, sans-serif;--awb-text-font-style:normal;--awb-text-font-weight:400;\"><p>Lampa robocza Energizer Pro Series zapewnia wszechstronno\u015b\u0107 urz\u0105dzenia o\u015bwietleniowego 2 w 1: \u015bwiat\u0142o obszarowe i \u015bwiat\u0142o kieunkowe! Posiada siln\u0105 technologi\u0119 LED, kt\u00f3ra zapewnia wyrazisto\u015b\u0107 kolor\u00f3w w wysokiej rozdzielczo\u015bci (wysoki wsp\u00f3\u0142czynnik CRI). Dzi\u0119ki temu, \u017ce jest wodoodporna i py\u0142oszczelna (IP67), wytrzymuje trudne warunki pracy. Lampa robocza Work Light zapewnia r\u00f3wnie\u017c elastyczno\u015b\u0107 zasilania hybrydowego, dzi\u0119ki czemu nigdy nie zabraknie Ci ani mocy, ani \u015bwiat\u0142a. Posiada r\u00f3wnie\u017c wbudowany power bank z wej\u015bciem USB do \u0142adowania innych urz\u0105dze\u0144.<br \/>\nJest zbudowana z my\u015bl\u0105 o trwa\u0142o\u015bci i wszechstronno\u015bci, lampa robocza Work Light zawiera wiele dodatkowych funkcji, takich jak haczyk do powieszenia, regulowane podp\u00f3rki, uchwyt antypo\u015blizgowy, mocowanie do statywu, magnesy do mocowania i przechowywania oraz wska\u017anik \u017cywotno\u015bci akumulatora &#8211; wszystko w jednym urz\u0105dzeniu!<\/p>\n<\/div><\/div><\/div><\/div><\/div><div class=\"fusion-fullwidth fullwidth-box fusion-builder-row-2 fusion-flex-container nonhundred-percent-fullwidth non-hundred-percent-height-scrolling\" style=\"--awb-border-radius-top-left:0px;--awb-border-radius-top-right:0px;--awb-border-radius-bottom-right:0px;--awb-border-radius-bottom-left:0px;--awb-flex-wrap:wrap;\" ><div class=\"fusion-builder-row fusion-row fusion-flex-align-items-flex-start fusion-flex-content-wrap\" style=\"max-width:calc( 1364px + 18px );margin-left: calc(-18px \/ 2 );margin-right: calc(-18px \/ 2 );\"><div class=\"fusion-layout-column fusion_builder_column fusion-builder-column-2 fusion_builder_column_1_1 1_1 fusion-flex-column tab-slide\" style=\"--awb-bg-size:cover;--awb-width-large:100%;--awb-margin-top-large:0px;--awb-spacing-right-large:9px;--awb-margin-bottom-large:20px;--awb-spacing-left-large:9px;--awb-width-medium:100%;--awb-order-medium:0;--awb-spacing-right-medium:9px;--awb-spacing-left-medium:9px;--awb-width-small:100%;--awb-order-small:0;--awb-spacing-right-small:9px;--awb-spacing-left-small:9px;\"><div class=\"fusion-column-wrapper fusion-column-has-shadow fusion-flex-justify-content-flex-start fusion-content-layout-column\"><div class=\"fusion-tabs fusion-tabs-1 clean nav-not-justified lithium-tab horizontal-tabs icon-position-left mobile-mode-accordion\" style=\"--awb-title-border-radius-top-left:0px;--awb-title-border-radius-top-right:0px;--awb-title-border-radius-bottom-right:0px;--awb-title-border-radius-bottom-left:0px;--awb-alignment:center;--awb-inactive-color:#92d14f;--awb-background-color:#ea212e;--awb-border-color:#e2e2e2;--awb-active-border-color:#000000;\"><div class=\"nav\"><ul class=\"nav-tabs\" role=\"tablist\"><li class=\"active\" role=\"presentation\"><a class=\"tab-link\" data-toggle=\"tab\" role=\"tab\" aria-controls=\"tab-5cb48e62830cd44de92\" aria-selected=\"true\" id=\"fusion-tab-lamparobocza1000lumen\u00f3w\" href=\"#tab-5cb48e62830cd44de92\"><h4 class=\"fusion-tab-heading\">Lampa robocza 1000 lumen\u00f3w<\/h4><\/a><\/li><\/ul><\/div><div class=\"tab-content\"><div class=\"nav fusion-mobile-tab-nav\"><ul class=\"nav-tabs\" role=\"tablist\"><li class=\"active\" role=\"presentation\"><a class=\"tab-link\" data-toggle=\"tab\" role=\"tab\" aria-controls=\"tab-5cb48e62830cd44de92\" aria-selected=\"true\" id=\"mobile-fusion-tab-lamparobocza1000lumen\u00f3w\" href=\"#tab-5cb48e62830cd44de92\"><h4 class=\"fusion-tab-heading\">Lampa robocza 1000 lumen\u00f3w<\/h4><\/a><\/li><\/ul><\/div><div class=\"tab-pane fade fusion-clearfix in active\" role=\"tabpanel\" tabindex=\"0\" aria-labelledby=\"fusion-tab-lamparobocza1000lumen\u00f3w\" id=\"tab-5cb48e62830cd44de92\">\n<div class=\"tab-slide\">\n<div class=\"fusion-slider-sc fusion-flexslider-loading flexslider flexslider-hover-type-none\" data-slideshow_autoplay=\"0\" data-slideshow_smooth_height=\"0\" data-slideshow_speed=\"7000\" style=\"max-width:100%;height:100%;\"><ul class=\"slides\">\n<li class=\"image\"><a class=\"lightbox-enabled fusion-lightbox\" data-rel=\"iLightbox[slider_carousel_1]\" href=\"\/wp-content\/uploads\/2023\/11\/ENR_ProSeries_YYPWL31P_HybridFL_UnitBox_HeroImage_FRONT_UPN-170845_EMEA.png\" target=\"_self\"><span class=\"fusion-image-hover-element hover-type-none\"><img decoding=\"async\" src=\"\/wp-content\/uploads\/2023\/11\/ENR_ProSeries_YYPWL31P_HybridFL_UnitBox_HeroImage_FRONT_UPN-170845_EMEA.png\" \/><\/span><\/a><\/li>\n<li class=\"image\"><a class=\"lightbox-enabled fusion-lightbox\" data-rel=\"iLightbox[slider_carousel_1]\" href=\"\/wp-content\/uploads\/2023\/11\/FY23_ENR_ProSeries_YPWL31-_HybridWorkLight_eCommerce_P07_AMZ_INTL.png\" target=\"_self\"><span class=\"fusion-image-hover-element hover-type-none\"><img decoding=\"async\" src=\"\/wp-content\/uploads\/2023\/11\/FY23_ENR_ProSeries_YPWL31-_HybridWorkLight_eCommerce_P07_AMZ_INTL.png\" \/><\/span><\/a><\/li>\n<li class=\"image\"><a class=\"lightbox-enabled fusion-lightbox\" data-rel=\"iLightbox[slider_carousel_1]\" href=\"\/wp-content\/uploads\/2023\/11\/FY23_ENR_ProSeries_YPWL31-_HybridWorkLight_eCommerce_P03_AMZ_INTL.png\" target=\"_self\"><span class=\"fusion-image-hover-element hover-type-none\"><img decoding=\"async\" src=\"\/wp-content\/uploads\/2023\/11\/FY23_ENR_ProSeries_YPWL31-_HybridWorkLight_eCommerce_P03_AMZ_INTL.png\" \/><\/span><\/a><\/li>\n<li class=\"image\"><a class=\"lightbox-enabled fusion-lightbox\" data-rel=\"iLightbox[slider_carousel_1]\" href=\"\/wp-content\/uploads\/2023\/11\/FY23_ENR_ProSeries_YPWL31-_HybridWorkLight_eCommerce_P05_AMZ_INTL.png\" target=\"_self\"><span class=\"fusion-image-hover-element hover-type-none\"><img decoding=\"async\" src=\"\/wp-content\/uploads\/2023\/11\/FY23_ENR_ProSeries_YPWL31-_HybridWorkLight_eCommerce_P05_AMZ_INTL.png\" \/><\/span><\/a><\/li>\n<li class=\"image\"><a class=\"lightbox-enabled fusion-lightbox\" data-rel=\"iLightbox[slider_carousel_1]\" href=\"\/wp-content\/uploads\/2023\/11\/work-light5.png\" target=\"_self\"><span class=\"fusion-image-hover-element hover-type-none\"><img decoding=\"async\" src=\"\/wp-content\/uploads\/2023\/11\/work-light5.png\" \/><\/span><\/a><\/li>\n<\/ul><\/div>\n<div style=\"float: left; color: #000000;\">\n<div class=\"fusion-text fusion-text-1 sku-number\" style=\"text-align: left; font-size: 14px; color: #6f6f6f; font-family: 'Arial, Helvetica, sans-serif'; font-weight: 400; padding-bottom: 10px;\"><\/div>\n<h2 style=\"font-size: 46px;\"><em>Energizer<\/em><sub>\u00ae<\/sub> Pro Series\u2122 &#8211; Lampa robocza 1000 lumen\u00f3w<\/h2>\n<ul style=\"font-size: 21px;\">\n<li>Moc hybrydowa: Dzia\u0142a na akumulator litowo-jonowy lub 3 baterie AA (w zestawie)<\/li>\n<li>Uniwersalna 2 w 1: \u015bwiat\u0142o obszarowe (3 tryby: wysoki, \u015bredni, niski ) oraz \u015bwiat\u0142o kierunkowe<\/li>\n<li>Wysoki wsp\u00f3\u0142czynnik oddawania barw CRI wynosz\u0105cy 90+<\/li>\n<li>Trwa\u0142o\u015b\u0107: odporno\u015b\u0107 na upadek z 2 metr\u00f3w<\/li>\n<li>Wodoodporno\u015b\u0107 i py\u0142oszczelno\u015b\u0107 (IP67)<\/li>\n<li>Uchwyt antypo\u015blizgowy<\/li>\n<li>Magnesy u\u0142atwiaj\u0105ce u\u017cycie bez r\u0105k oraz przechowywanie<\/li>\n<li>\u0141atwy w u\u017cyciu w\u0142\u0105cznik przyciskowy<\/li>\n<li>Haczyk dla wygody<\/li>\n<li>Mocowanie do statywu<\/li>\n<li>Regulowane podp\u00f3rki do odpowiedniego skierowania \u015bwiat\u0142a<\/li>\n<li>Wbudowany power bank do \u0142adowania innych urz\u0105dze\u0144<\/li>\n<li>Wska\u017anik \u017cywotno\u015bci baterii<\/li>\n<li>CCT: 5000K<\/li>\n<li>805g<\/li>\n<li>94mmx92mmx225mm<\/li>\n<\/ul>\n<div class=\"fusion-video fusion-youtube\" style=\"--awb-max-width:600px;--awb-max-height:360px;\"><div class=\"video-shortcode\"><div class=\"fluid-width-video-wrapper\" style=\"padding-top:60%;\" ><iframe title=\"YouTube video player 1\" src=\"https:\/\/www.youtube.com\/embed\/_hM-VFxK8vI?wmode=transparent&autoplay=0&amp;mute=1\" width=\"600\" height=\"360\" allowfullscreen allow=\"autoplay; clipboard-write; encrypted-media; gyroscope; picture-in-picture;\"><\/iframe><\/div><\/div><\/div>\n<div class=\"product-description-table-div\" style=\"margin-top: 20px!important;\">\n<table class=\"product-description-table\">\n<thead>\n<tr>\n<th align=\"left\"><\/th>\n<th align=\"left\">Tryb<\/th>\n<th align=\"left\"><img decoding=\"async\" class=\"alignnone size-full wp-image-355\" src=\"\/wp-content\/uploads\/2020\/10\/Image_6.png\" alt=\"\" width=\"44\" height=\"43\"><\/p>\n<p>wydatek \u015bwietlny<\/th>\n<th align=\"left\"><img decoding=\"async\" class=\"alignnone size-full wp-image-357\" src=\"\/wp-content\/uploads\/2020\/10\/Image_7.png\" alt=\"\" width=\"44\" height=\"43\"><\/p>\n<p>Czas dzia\u0142ania<\/th>\n<th align=\"left\"><img decoding=\"async\" class=\"alignnone wp-image-1273 size-full\" src=\"\/wp-content\/uploads\/2020\/11\/beam_distance.png\" alt=\"\" width=\"46\" height=\"46\"><\/p>\n<p>Odleg\u0142o\u015b\u0107 wi\u0105zki<\/th>\n<th align=\"left\"><img decoding=\"async\" class=\"alignnone wp-image-359 size-full\" src=\"\/wp-content\/uploads\/2020\/10\/Image_8.png\" alt=\"\" width=\"46\" height=\"46\"><\/p>\n<p>Odporny na uderzenia<\/th>\n<th align=\"left\"><img decoding=\"async\" class=\"alignnone size-full wp-image-361\" src=\"\/wp-content\/uploads\/2020\/10\/Image_9.png\" alt=\"\" width=\"44\" height=\"43\"><\/p>\n<p>Wodoodporny<\/th>\n<\/tr>\n<\/thead>\n<tbody>\n<tr>\n<td rowspan=\"3\" align=\"left\">z bateri\u0105 litowo-jonow\u0105<\/td>\n<td align=\"left\">Wysoki<\/td>\n<td align=\"left\">1000 lumen\u00f3w<\/td>\n<td align=\"left\">6 godzin<\/td>\n<td align=\"left\">150 metr\u00f3w<\/td>\n<td rowspan=\"3\" align=\"left\">2 metr\u00f3w<\/td>\n<td rowspan=\"3\" align=\"left\">IP67<\/td>\n<\/tr>\n<tr>\n<td align=\"left\">Niski<\/td>\n<td align=\"left\">100 lumen\u00f3w<\/td>\n<td align=\"left\">60 godzin<\/td>\n<td align=\"left\"><\/td>\n<\/tr>\n<tr>\n<td align=\"left\">\u015bwiat\u0142o kierunkowe<\/td>\n<td align=\"left\">400 lumen\u00f3w<\/td>\n<td align=\"left\">15 godzin<\/td>\n<td align=\"left\"><\/td>\n<\/tr>\n<\/tbody>\n<\/table>\n<\/div>\n<\/div>\n<\/div>\n<\/div><\/div><\/div><\/div><\/div><\/div><\/div><div class=\"fusion-fullwidth fullwidth-box fusion-builder-row-3 fusion-flex-container nonhundred-percent-fullwidth non-hundred-percent-height-scrolling\" style=\"--awb-border-radius-top-left:0px;--awb-border-radius-top-right:0px;--awb-border-radius-bottom-right:0px;--awb-border-radius-bottom-left:0px;--awb-flex-wrap:wrap;\" ><div class=\"fusion-builder-row fusion-row fusion-flex-align-items-flex-start fusion-flex-content-wrap\" style=\"max-width:calc( 1364px + 18px );margin-left: calc(-18px \/ 2 );margin-right: calc(-18px \/ 2 );\"><\/div><\/div><\/p>\n","protected":false},"excerpt":{"rendered":"<div>Lampa robocza Energizer\u00ae Pro Series\u2122 zapewnia wszechstronno\u015b\u0107 u\u017cytkowania. Pe\u0142ni funkcj\u0119 \u015bwiat\u0142a obszarowego lub kierunkowego, posiadaj\u0105c przy tym konstrukcj\u0119 daj\u0105c\u0105 mo\u017cliwo\u015b\u0107 dzia\u0142ania bez u\u017cycia r\u0105k, kieruj\u0105c \u015bwiat\u0142o zawsze tam, gdzie jest potrzebne! Work Light ma wiele przydatnych dodatkowych funkcji, kt\u00f3re pomagaj\u0105 wykonywa\u0107 prac\u0119 w profesjonalny spos\u00f3b!<\/div>\n<div>Dowiedz si\u0119 wi\u0119cej o Energizer\u00ae Pro Series\u2122 Work Light <a style=\"color: #ffffff;\" href=\"\/pl\/produkt\/energizer-pro-series-tm-work-light\/\"> <u>tutaj.<\/u><\/a> <\/div>\n","protected":false},"featured_media":19427,"template":"","meta":[],"product_brand":[],"product_cat":[163,199],"product_tag":[],"class_list":{"0":"post-19420","1":"product","2":"type-product","3":"status-publish","4":"has-post-thumbnail","6":"product_cat-area-pl","7":"product_cat-pro-series-pl","9":"first","10":"instock","11":"shipping-taxable","12":"product-type-simple"},"yoast_head":"<!-- This site is optimized with the Yoast SEO plugin v27.2 - https:\/\/yoast.com\/product\/yoast-seo-wordpress\/ -->\n<title>Lampa robocza Energizer\u00ae Pro Series TM | Energizer Industrial<\/title>\n<meta name=\"description\" content=\"Lampa robocza Energizer\u00ae Pro Series TM\" \/>\n<meta name=\"robots\" content=\"index, follow, max-snippet:-1, max-image-preview:large, max-video-preview:-1\" \/>\n<link rel=\"canonical\" href=\"https:\/\/energizerprofessional.eu\/pl\/produkt\/energizer-pro-series-tm-work-light\/\" \/>\n<meta property=\"og:locale\" content=\"pl_PL\" \/>\n<meta property=\"og:type\" content=\"article\" \/>\n<meta property=\"og:title\" content=\"Lampa robocza Energizer\u00ae Pro Series TM | Energizer Industrial\" \/>\n<meta property=\"og:description\" content=\"Lampa robocza Energizer\u00ae Pro Series TM\" \/>\n<meta property=\"og:url\" content=\"https:\/\/energizerprofessional.eu\/pl\/produkt\/energizer-pro-series-tm-work-light\/\" \/>\n<meta property=\"og:site_name\" content=\"Energizer Professional Europe\" \/>\n<meta property=\"article:modified_time\" content=\"2024-02-15T04:40:10+00:00\" \/>\n<meta property=\"og:image\" content=\"https:\/\/energizerprofessional.eu\/wp-content\/uploads\/2023\/11\/worklight.png\" \/>\n\t<meta property=\"og:image:width\" content=\"600\" \/>\n\t<meta property=\"og:image:height\" content=\"301\" \/>\n\t<meta property=\"og:image:type\" content=\"image\/png\" \/>\n<meta name=\"twitter:card\" content=\"summary_large_image\" \/>\n<meta name=\"twitter:label1\" content=\"Szacowany czas czytania\" \/>\n\t<meta name=\"twitter:data1\" content=\"4 minuty\" \/>\n<script type=\"application\/ld+json\" class=\"yoast-schema-graph\">{\"@context\":\"https:\/\/schema.org\",\"@graph\":[{\"@type\":\"WebPage\",\"@id\":\"https:\/\/energizerprofessional.eu\/pl\/produkt\/energizer-pro-series-tm-work-light\/\",\"url\":\"https:\/\/energizerprofessional.eu\/pl\/produkt\/energizer-pro-series-tm-work-light\/\",\"name\":\"Lampa robocza Energizer\u00ae Pro Series TM | Energizer Industrial\",\"isPartOf\":{\"@id\":\"https:\/\/energizerprofessional.eu\/pl\/#website\"},\"primaryImageOfPage\":{\"@id\":\"https:\/\/energizerprofessional.eu\/pl\/produkt\/energizer-pro-series-tm-work-light\/#primaryimage\"},\"image\":{\"@id\":\"https:\/\/energizerprofessional.eu\/pl\/produkt\/energizer-pro-series-tm-work-light\/#primaryimage\"},\"thumbnailUrl\":\"https:\/\/energizerprofessional.eu\/wp-content\/uploads\/2023\/11\/worklight.png\",\"datePublished\":\"2023-11-30T09:31:06+00:00\",\"dateModified\":\"2024-02-15T04:40:10+00:00\",\"description\":\"Lampa robocza Energizer\u00ae Pro Series TM\",\"breadcrumb\":{\"@id\":\"https:\/\/energizerprofessional.eu\/pl\/produkt\/energizer-pro-series-tm-work-light\/#breadcrumb\"},\"inLanguage\":\"pl-PL\",\"potentialAction\":[{\"@type\":\"ReadAction\",\"target\":[\"https:\/\/energizerprofessional.eu\/pl\/produkt\/energizer-pro-series-tm-work-light\/\"]}]},{\"@type\":\"ImageObject\",\"inLanguage\":\"pl-PL\",\"@id\":\"https:\/\/energizerprofessional.eu\/pl\/produkt\/energizer-pro-series-tm-work-light\/#primaryimage\",\"url\":\"https:\/\/energizerprofessional.eu\/wp-content\/uploads\/2023\/11\/worklight.png\",\"contentUrl\":\"https:\/\/energizerprofessional.eu\/wp-content\/uploads\/2023\/11\/worklight.png\",\"width\":600,\"height\":301},{\"@type\":\"BreadcrumbList\",\"@id\":\"https:\/\/energizerprofessional.eu\/pl\/produkt\/energizer-pro-series-tm-work-light\/#breadcrumb\",\"itemListElement\":[{\"@type\":\"ListItem\",\"position\":1,\"name\":\"Home\",\"item\":\"https:\/\/energizerprofessional.eu\/pl\/\"},{\"@type\":\"ListItem\",\"position\":2,\"name\":\"Priv\u00e9\u00a0: Shop\",\"item\":\"https:\/\/energizerprofessional.eu\/shop\/\"},{\"@type\":\"ListItem\",\"position\":3,\"name\":\"Lampa robocza Energizer\u00ae Pro Series TM\"}]},{\"@type\":\"WebSite\",\"@id\":\"https:\/\/energizerprofessional.eu\/pl\/#website\",\"url\":\"https:\/\/energizerprofessional.eu\/pl\/\",\"name\":\"Energizer Industrial\",\"description\":\"\",\"publisher\":{\"@id\":\"https:\/\/energizerprofessional.eu\/pl\/#organization\"},\"potentialAction\":[{\"@type\":\"SearchAction\",\"target\":{\"@type\":\"EntryPoint\",\"urlTemplate\":\"https:\/\/energizerprofessional.eu\/pl\/?s={search_term_string}\"},\"query-input\":{\"@type\":\"PropertyValueSpecification\",\"valueRequired\":true,\"valueName\":\"search_term_string\"}}],\"inLanguage\":\"pl-PL\"},{\"@type\":\"Organization\",\"@id\":\"https:\/\/energizerprofessional.eu\/pl\/#organization\",\"name\":\"Energizer Industrial\",\"url\":\"https:\/\/energizerprofessional.eu\/pl\/\",\"logo\":{\"@type\":\"ImageObject\",\"inLanguage\":\"pl-PL\",\"@id\":\"https:\/\/energizerprofessional.eu\/pl\/#\/schema\/logo\/image\/\",\"url\":\"\/wp-content\/uploads\/2020\/10\/logo.png\",\"contentUrl\":\"\/wp-content\/uploads\/2020\/10\/logo.png\",\"width\":688,\"height\":317,\"caption\":\"Energizer Industrial\"},\"image\":{\"@id\":\"https:\/\/energizerprofessional.eu\/pl\/#\/schema\/logo\/image\/\"}}]}<\/script>\n<!-- \/ Yoast SEO plugin. -->","yoast_head_json":{"title":"Lampa robocza Energizer\u00ae Pro Series TM | Energizer Industrial","description":"Lampa robocza Energizer\u00ae Pro Series TM","robots":{"index":"index","follow":"follow","max-snippet":"max-snippet:-1","max-image-preview":"max-image-preview:large","max-video-preview":"max-video-preview:-1"},"canonical":"https:\/\/energizerprofessional.eu\/pl\/produkt\/energizer-pro-series-tm-work-light\/","og_locale":"pl_PL","og_type":"article","og_title":"Lampa robocza Energizer\u00ae Pro Series TM | Energizer Industrial","og_description":"Lampa robocza Energizer\u00ae Pro Series TM","og_url":"https:\/\/energizerprofessional.eu\/pl\/produkt\/energizer-pro-series-tm-work-light\/","og_site_name":"Energizer Professional Europe","article_modified_time":"2024-02-15T04:40:10+00:00","og_image":[{"width":600,"height":301,"url":"https:\/\/energizerprofessional.eu\/wp-content\/uploads\/2023\/11\/worklight.png","type":"image\/png"}],"twitter_card":"summary_large_image","twitter_misc":{"Szacowany czas czytania":"4 minuty"},"schema":{"@context":"https:\/\/schema.org","@graph":[{"@type":"WebPage","@id":"https:\/\/energizerprofessional.eu\/pl\/produkt\/energizer-pro-series-tm-work-light\/","url":"https:\/\/energizerprofessional.eu\/pl\/produkt\/energizer-pro-series-tm-work-light\/","name":"Lampa robocza Energizer\u00ae Pro Series TM | Energizer Industrial","isPartOf":{"@id":"https:\/\/energizerprofessional.eu\/pl\/#website"},"primaryImageOfPage":{"@id":"https:\/\/energizerprofessional.eu\/pl\/produkt\/energizer-pro-series-tm-work-light\/#primaryimage"},"image":{"@id":"https:\/\/energizerprofessional.eu\/pl\/produkt\/energizer-pro-series-tm-work-light\/#primaryimage"},"thumbnailUrl":"https:\/\/energizerprofessional.eu\/wp-content\/uploads\/2023\/11\/worklight.png","datePublished":"2023-11-30T09:31:06+00:00","dateModified":"2024-02-15T04:40:10+00:00","description":"Lampa robocza Energizer\u00ae Pro Series TM","breadcrumb":{"@id":"https:\/\/energizerprofessional.eu\/pl\/produkt\/energizer-pro-series-tm-work-light\/#breadcrumb"},"inLanguage":"pl-PL","potentialAction":[{"@type":"ReadAction","target":["https:\/\/energizerprofessional.eu\/pl\/produkt\/energizer-pro-series-tm-work-light\/"]}]},{"@type":"ImageObject","inLanguage":"pl-PL","@id":"https:\/\/energizerprofessional.eu\/pl\/produkt\/energizer-pro-series-tm-work-light\/#primaryimage","url":"https:\/\/energizerprofessional.eu\/wp-content\/uploads\/2023\/11\/worklight.png","contentUrl":"https:\/\/energizerprofessional.eu\/wp-content\/uploads\/2023\/11\/worklight.png","width":600,"height":301},{"@type":"BreadcrumbList","@id":"https:\/\/energizerprofessional.eu\/pl\/produkt\/energizer-pro-series-tm-work-light\/#breadcrumb","itemListElement":[{"@type":"ListItem","position":1,"name":"Home","item":"https:\/\/energizerprofessional.eu\/pl\/"},{"@type":"ListItem","position":2,"name":"Priv\u00e9\u00a0: Shop","item":"https:\/\/energizerprofessional.eu\/shop\/"},{"@type":"ListItem","position":3,"name":"Lampa robocza Energizer\u00ae Pro Series TM"}]},{"@type":"WebSite","@id":"https:\/\/energizerprofessional.eu\/pl\/#website","url":"https:\/\/energizerprofessional.eu\/pl\/","name":"Energizer Industrial","description":"","publisher":{"@id":"https:\/\/energizerprofessional.eu\/pl\/#organization"},"potentialAction":[{"@type":"SearchAction","target":{"@type":"EntryPoint","urlTemplate":"https:\/\/energizerprofessional.eu\/pl\/?s={search_term_string}"},"query-input":{"@type":"PropertyValueSpecification","valueRequired":true,"valueName":"search_term_string"}}],"inLanguage":"pl-PL"},{"@type":"Organization","@id":"https:\/\/energizerprofessional.eu\/pl\/#organization","name":"Energizer Industrial","url":"https:\/\/energizerprofessional.eu\/pl\/","logo":{"@type":"ImageObject","inLanguage":"pl-PL","@id":"https:\/\/energizerprofessional.eu\/pl\/#\/schema\/logo\/image\/","url":"\/wp-content\/uploads\/2020\/10\/logo.png","contentUrl":"\/wp-content\/uploads\/2020\/10\/logo.png","width":688,"height":317,"caption":"Energizer Industrial"},"image":{"@id":"https:\/\/energizerprofessional.eu\/pl\/#\/schema\/logo\/image\/"}}]}},"_links":{"self":[{"href":"https:\/\/energizerprofessional.eu\/pl\/wp-json\/wp\/v2\/product\/19420","targetHints":{"allow":["GET"]}}],"collection":[{"href":"https:\/\/energizerprofessional.eu\/pl\/wp-json\/wp\/v2\/product"}],"about":[{"href":"https:\/\/energizerprofessional.eu\/pl\/wp-json\/wp\/v2\/types\/product"}],"wp:featuredmedia":[{"embeddable":true,"href":"https:\/\/energizerprofessional.eu\/pl\/wp-json\/wp\/v2\/media\/19427"}],"wp:attachment":[{"href":"https:\/\/energizerprofessional.eu\/pl\/wp-json\/wp\/v2\/media?parent=19420"}],"wp:term":[{"taxonomy":"product_brand","embeddable":true,"href":"https:\/\/energizerprofessional.eu\/pl\/wp-json\/wp\/v2\/product_brand?post=19420"},{"taxonomy":"product_cat","embeddable":true,"href":"https:\/\/energizerprofessional.eu\/pl\/wp-json\/wp\/v2\/product_cat?post=19420"},{"taxonomy":"product_tag","embeddable":true,"href":"https:\/\/energizerprofessional.eu\/pl\/wp-json\/wp\/v2\/product_tag?post=19420"}],"curies":[{"name":"wp","href":"https:\/\/api.w.org\/{rel}","templated":true}]}}