{"id":20055,"date":"2023-11-30T04:50:21","date_gmt":"2023-11-30T04:50:21","guid":{"rendered":"https:\/\/energizerprofessional.eu\/produkty\/pro-series\/"},"modified":"2023-12-25T07:50:43","modified_gmt":"2023-12-25T07:50:43","slug":"pro-series","status":"publish","type":"page","link":"https:\/\/energizerprofessional.eu\/pl\/produkty\/pro-series\/","title":{"rendered":"Pro Series"},"content":{"rendered":"<p><div class=\"fusion-fullwidth fullwidth-box fusion-builder-row-1 fusion-flex-container nonhundred-percent-fullwidth non-hundred-percent-height-scrolling\" style=\"--awb-border-radius-top-left:0px;--awb-border-radius-top-right:0px;--awb-border-radius-bottom-right:0px;--awb-border-radius-bottom-left:0px;--awb-padding-bottom:150px;--awb-padding-bottom-medium:100px;--awb-padding-bottom-small:100px;--awb-flex-wrap:wrap;\" ><div class=\"fusion-builder-row fusion-row fusion-flex-align-items-flex-start fusion-flex-content-wrap\" style=\"max-width:calc( 1364px + 18px );margin-left: calc(-18px \/ 2 );margin-right: calc(-18px \/ 2 );\"><div class=\"fusion-layout-column fusion_builder_column fusion-builder-column-0 fusion_builder_column_1_1 1_1 fusion-flex-column\" style=\"--awb-bg-size:cover;--awb-width-large:100%;--awb-margin-top-large:0px;--awb-spacing-right-large:9px;--awb-margin-bottom-large:20px;--awb-spacing-left-large:9px;--awb-width-medium:100%;--awb-order-medium:0;--awb-spacing-right-medium:9px;--awb-spacing-left-medium:9px;--awb-width-small:100%;--awb-order-small:0;--awb-spacing-right-small:9px;--awb-spacing-left-small:9px;\"><div class=\"fusion-column-wrapper fusion-column-has-shadow fusion-flex-justify-content-flex-start fusion-content-layout-column\">\t\t\t\t\t<div class=\"fusion-slider-container fusion-slider-sc-pro-series-pl fusion-slider-196 full-width-slider page-slider\" style=\"height:430px; max-width:100%;\" data-id=\"196\" data-full_height=\"\" id=\"flashlight-slider\">\n\t\t\t\t\t\t<style type=\"text\/css\">.fusion-slider-196 .flex-direction-nav a {width:63px;height:63px;line-height:63px;font-size:25px;}<\/style>\t\t\t\t\t\t<div class=\"fusion-slider-loading\">Loading...<\/div>\n\t\t\t\t\t\t<div class=\"tfs-slider flexslider main-flex full-width-slider\" data-slider_width=\"100%\" data-slider_height=\"430px\" data-full_screen=\"0\" data-parallax=\"0\" data-nav_arrows=\"1\" data-nav_arrow_size=\"25px\" data-nav_box_width=\"63px\" data-nav_box_height=\"63px\" data-slideshow_speed=\"7000\" data-loop=\"1\" data-autoplay=\"1\" data-orderby=\"date\" data-order=\"DESC\" data-animation=\"fade\" data-animation_speed=\"600\" data-typo_sensitivity=\"0.1\" data-typo_factor=\"1.5\" style=\"max-width:100%;\">\n\t\t\t\t\t\t\t<ul class=\"slides\">\n\t\t\t\t\t\t\t\t\t\t\t\t\t\t\t\t\t<li data-mute=\"yes\" data-loop=\"yes\" data-autoplay=\"yes\">\n\t\t\t\t\t\t\t\t\t\t<div class=\"slide-content-container slide-content-left\" style=\"display: none;\">\n\t\t\t\t\t\t\t\t\t\t\t<div class=\"slide-content\" style=\"\">\n\t\t\t\t\t\t\t\t\t\t\t\t\t\t\t\t\t\t\t\t\t\t\t\t\t<div class=\"heading \">\n\t\t\t\t\t\t\t\t\t\t\t\t\t\t<div class=\"fusion-title-sc-wrapper\" style=\"\">\n\t\t\t\t\t\t\t\t\t\t\t\t\t\t\t<div class=\"fusion-title title fusion-title-1 fusion-sep-none fusion-title-text fusion-title-size-one\" style=\"--awb-text-color:#ffffff;--awb-margin-top:0px;--awb-margin-bottom:0px;--awb-margin-top-small:10px;--awb-margin-right-small:0px;--awb-margin-bottom-small:10px;--awb-margin-left-small:0px;--awb-sep-color:#ffffff;--awb-font-size:60px;\"><h1 class=\"fusion-title-heading title-heading-left\" style=\"margin:0;font-size:1em;line-height:80px;\">Pro Series<\/h1><\/div>\t\t\t\t\t\t\t\t\t\t\t\t\t\t<\/div>\n\t\t\t\t\t\t\t\t\t\t\t\t\t<\/div>\n\t\t\t\t\t\t\t\t\t\t\t\t\t\t\t\t\t\t\t\t\t\t\t\t\t\t\t\t\t\t\t\t\t\t\t\t\t<div class=\"caption \">\n\t\t\t\t\t\t\t\t\t\t\t\t\t\t<div class=\"fusion-title-sc-wrapper\" style=\"\">\n\t\t\t\t\t\t\t\t\t\t\t\t\t\t\t<div class=\"fusion-title title fusion-title-2 fusion-sep-none fusion-title-text fusion-title-size-two\" style=\"--awb-text-color:#ffffff;--awb-margin-top:0px;--awb-margin-bottom:0px;--awb-margin-top-small:10px;--awb-margin-right-small:0px;--awb-margin-bottom-small:10px;--awb-margin-left-small:0px;--awb-sep-color:#ffffff;--awb-font-size:24px;\"><h2 class=\"fusion-title-heading title-heading-left\" style=\"margin:0;font-size:1em;line-height:38px;\">Odkryj nasz\u0105 NAJNOWSZ\u0104 seri\u0119 latarek dla profesjonalist\u00f3w, kt\u00f3ra zawiera w sobie jedn\u0105 latark\u0119 inspekcyjn\u0105, dwie latarki r\u0119czne, dwie latarki czo\u0142owe oraz 1 lamp\u0119 robocz\u0105.<\/h2><\/div>\t\t\t\t\t\t\t\t\t\t\t\t\t\t<\/div>\n\t\t\t\t\t\t\t\t\t\t\t\t\t<\/div>\n\t\t\t\t\t\t\t\t\t\t\t\t\t\t\t\t\t\t\t\t\t\t\t\t\t\t\t\t\t\t\t\t\t\t\t\t\t<div class=\"buttons\" >\n\t\t\t\t\t\t\t\t\t\t\t\t\t\t\t\t\t\t\t\t\t\t\t\t\t\t\t\t\t\t\t\t\t\t\t\t\t\t\t\t\t<\/div>\n\t\t\t\t\t\t\t\t\t\t\t\t\t\t\t\t\t\t\t\t\t\t\t<\/div>\n\t\t\t\t\t\t\t\t\t\t<\/div>\n\t\t\t\t\t\t\t\t\t\t\t\t\t\t\t\t\t\t\t\t\t\t\t\t\t\t\t\t\t\t\t\t\t\t\t\t\t\t\t\t<div class=\"background background-image\" style=\"background-image: url(https:\/\/energizerprofessional.eu\/wp-content\/uploads\/2023\/12\/banner-pro.png);max-width:100%;height:430px;filter: progid:DXImageTransform.Microsoft.AlphaImageLoader(src='https:\/\/energizerprofessional.eu\/wp-content\/uploads\/2023\/12\/banner-pro.png', sizingMethod='scale');\" data-imgwidth=\"1538\">\n\t\t\t\t\t\t\t\t\t\t\t\t\t\t\t\t\t\t\t\t\t\t\t\t\t\t\t\t\t\t\t\t\t\t\t\t\t\t\t\t\t\t\t\t\t\t\t\t\t\t\t\t\t\t\t\t\t\t\t\t\t\t\t\t\t\t<\/div>\n\t\t\t\t\t\t\t\t\t<\/li>\n\t\t\t\t\t\t\t\t\t\t\t\t\t\t\t\t\t\t\t\t\t\t\t<\/ul>\n\t\t\t\t\t\t<\/div>\n\t\t\t\t\t<\/div>\n\t\t\t\t\t\t\t\t<div class=\"fusion-image-element fusion-no-small-visibility\" style=\"--awb-max-width:370px;--awb-caption-title-font-family:var(--h2_typography-font-family);--awb-caption-title-font-weight:var(--h2_typography-font-weight);--awb-caption-title-font-style:var(--h2_typography-font-style);--awb-caption-title-size:var(--h2_typography-font-size);--awb-caption-title-transform:var(--h2_typography-text-transform);--awb-caption-title-line-height:var(--h2_typography-line-height);--awb-caption-title-letter-spacing:var(--h2_typography-letter-spacing);\"><span class=\" fusion-imageframe imageframe-none imageframe-1 hover-type-none products-absolute-image\"><img decoding=\"async\" width=\"420\" height=\"500\" title=\"ENR_MrEnergizer_Pro-Series_Hand-Held_Determined1\" src=\"https:\/\/energizerprofessional.eu\/wp-content\/uploads\/2023\/12\/ENR_MrEnergizer_Pro-Series_Hand-Held_Determined1.png\" alt class=\"img-responsive wp-image-19918\" srcset=\"https:\/\/energizerprofessional.eu\/wp-content\/uploads\/2023\/12\/ENR_MrEnergizer_Pro-Series_Hand-Held_Determined1-200x238.png 200w, https:\/\/energizerprofessional.eu\/wp-content\/uploads\/2023\/12\/ENR_MrEnergizer_Pro-Series_Hand-Held_Determined1-400x476.png 400w, https:\/\/energizerprofessional.eu\/wp-content\/uploads\/2023\/12\/ENR_MrEnergizer_Pro-Series_Hand-Held_Determined1.png 420w\" sizes=\"(max-width: 800px) 100vw, 420px\" \/><\/span><\/div><\/div><\/div><\/div><\/div><div class=\"fusion-fullwidth fullwidth-box fusion-builder-row-2 fusion-flex-container nonhundred-percent-fullwidth non-hundred-percent-height-scrolling\" style=\"--awb-border-radius-top-left:0px;--awb-border-radius-top-right:0px;--awb-border-radius-bottom-right:0px;--awb-border-radius-bottom-left:0px;--awb-flex-wrap:wrap;\" ><div class=\"fusion-builder-row fusion-row fusion-flex-align-items-flex-start fusion-flex-content-wrap\" style=\"max-width:calc( 1364px + 18px );margin-left: calc(-18px \/ 2 );margin-right: calc(-18px \/ 2 );\"><div class=\"fusion-layout-column fusion_builder_column fusion-builder-column-1 fusion_builder_column_1_1 1_1 fusion-flex-column\" style=\"--awb-bg-size:cover;--awb-width-large:100%;--awb-margin-top-large:0px;--awb-spacing-right-large:9px;--awb-margin-bottom-large:0px;--awb-spacing-left-large:9px;--awb-width-medium:100%;--awb-spacing-right-medium:9px;--awb-spacing-left-medium:9px;--awb-width-small:100%;--awb-spacing-right-small:9px;--awb-spacing-left-small:9px;\"><div class=\"fusion-column-wrapper fusion-flex-justify-content-flex-start fusion-content-layout-column\"><div class=\"fusion-text fusion-text-1\" style=\"--awb-text-transform:none;\"><div class=\"woocommerce columns-3 \"><ul class=\"products clearfix products-3\">\n<li class=\"product type-product post-19341 status-publish first instock product_cat-latarki-bez-uzycia-rak product_cat-pro-series-pl has-post-thumbnail shipping-taxable product-type-simple product-grid-view\">\n\t<div class=\"fusion-product-wrapper\">\n<a href=\"https:\/\/energizerprofessional.eu\/pl\/produkt\/energizer-pro-series-tm-headlights\/\" class=\"product-images\" aria-label=\"Latarki czo\u0142owe Energizer\u00ae Pro Series TM\">\n\n<div class=\"featured-image\">\n\t\t<img decoding=\"async\" width=\"500\" height=\"251\" src=\"https:\/\/energizerprofessional.eu\/wp-content\/uploads\/2023\/11\/hl-500x251.png\" class=\"attachment-woocommerce_thumbnail size-woocommerce_thumbnail wp-post-image\" alt=\"\" srcset=\"https:\/\/energizerprofessional.eu\/wp-content\/uploads\/2023\/11\/hl-200x100.png 200w, https:\/\/energizerprofessional.eu\/wp-content\/uploads\/2023\/11\/hl-300x151.png 300w, https:\/\/energizerprofessional.eu\/wp-content\/uploads\/2023\/11\/hl-400x201.png 400w, https:\/\/energizerprofessional.eu\/wp-content\/uploads\/2023\/11\/hl-500x251.png 500w, https:\/\/energizerprofessional.eu\/wp-content\/uploads\/2023\/11\/hl.png 600w\" sizes=\"(max-width: 500px) 100vw, 500px\" \/>\n\t\t\t\t\t\t<div class=\"cart-loading\"><i class=\"awb-icon-spinner\" aria-hidden=\"true\"><\/i><\/div>\n\t\t\t<\/div>\n<\/a>\n<div class=\"fusion-product-content\">\n\t<div class=\"product-details\">\n\t\t<div class=\"product-details-container\">\n<h3 class=\"product-title\">\n\t<a href=\"https:\/\/energizerprofessional.eu\/pl\/produkt\/energizer-pro-series-tm-headlights\/\">\n\t\tLatarki czo\u0142owe <i>Energizer<\/i><sub>\u00ae<\/sub> Pro Series <sup>TM<\/sup>\t<\/a>\n<\/h3>\n<div class=\"fusion-price-rating\">\n\n\t\t<\/div>\n\t<\/div>\n<\/div>\n\n<div>Latarki czo\u0142owe Energizer\u00ae\u00a0Pro Series\u2122 stworzone przez profesjonalist\u00f3w dla profesjonalist\u00f3w. S\u0105 cz\u0119\u015bci\u0105 naszej najnowszej serii latarek przeno\u015bnych, kt\u00f3re zapewniaj\u0105 najlepsze funkcje i cechy dostosowane tak, aby wykona\u0107 prac\u0119 w profesjonalny spos\u00f3b.<\/div>\r\n<div><a style=\"color: #ffffff;\" href=\"\/pl\/produkt\/energizer-pro-series-tm-headlights\/\"><u>Kliknij tutaj, <\/u><\/a> aby przej\u015b\u0107 do latarek czo\u0142owych Energizer\u00ae\u00a0Pro Series\u2122<\/div>\n\t<div class=\"product-buttons\">\n\t\t<div class=\"fusion-content-sep sep-double sep-solid\"><\/div>\n\t\t<div class=\"product-buttons-container clearfix\">\n\n<a href=\"https:\/\/energizerprofessional.eu\/pl\/produkt\/energizer-pro-series-tm-headlights\/\" class=\"show_details_button\" style=\"float:none;max-width:none;text-align:center;\">\n\tDetails<\/a>\n\n\n\t<\/div>\n\t<\/div>\n\n\t<\/div> <\/div>\n<\/li>\n<li class=\"product type-product post-19242 status-publish instock product_cat-latarki product_cat-pro-series-pl has-post-thumbnail shipping-taxable product-type-simple product-grid-view\">\n\t<div class=\"fusion-product-wrapper\">\n<a href=\"https:\/\/energizerprofessional.eu\/pl\/produkt\/energizer-pro-series-tm-handhelds\/\" class=\"product-images\" aria-label=\"Latarki r\u0119czne Energizer\u00ae Pro Series TM\">\n\n<div class=\"featured-image\">\n\t\t<img decoding=\"async\" width=\"500\" height=\"251\" src=\"https:\/\/energizerprofessional.eu\/wp-content\/uploads\/2023\/11\/handheld-500x251.png\" class=\"attachment-woocommerce_thumbnail size-woocommerce_thumbnail wp-post-image\" alt=\"\" srcset=\"https:\/\/energizerprofessional.eu\/wp-content\/uploads\/2023\/11\/handheld-200x100.png 200w, https:\/\/energizerprofessional.eu\/wp-content\/uploads\/2023\/11\/handheld-300x151.png 300w, https:\/\/energizerprofessional.eu\/wp-content\/uploads\/2023\/11\/handheld-400x201.png 400w, https:\/\/energizerprofessional.eu\/wp-content\/uploads\/2023\/11\/handheld-500x251.png 500w, https:\/\/energizerprofessional.eu\/wp-content\/uploads\/2023\/11\/handheld.png 600w\" sizes=\"(max-width: 500px) 100vw, 500px\" \/>\n\t\t\t\t\t\t<div class=\"cart-loading\"><i class=\"awb-icon-spinner\" aria-hidden=\"true\"><\/i><\/div>\n\t\t\t<\/div>\n<\/a>\n<div class=\"fusion-product-content\">\n\t<div class=\"product-details\">\n\t\t<div class=\"product-details-container\">\n<h3 class=\"product-title\">\n\t<a href=\"https:\/\/energizerprofessional.eu\/pl\/produkt\/energizer-pro-series-tm-handhelds\/\">\n\t\tLatarki r\u0119czne <i>Energizer<\/i><sub>\u00ae<\/sub> Pro Series <sup>TM<\/sup>\t<\/a>\n<\/h3>\n<div class=\"fusion-price-rating\">\n\n\t\t<\/div>\n\t<\/div>\n<\/div>\n\n<div><a style=\"color: #ffffff;\" href=\"\/pl\/produkt\/energizer-pro-series-tm-handhelds\/\"><u>Kliknij tutaj,<\/u><\/a> aby przej\u015b\u0107 do latarek r\u0119cznych Energizer\u00ae\u00a0Pro Series\u2122 <\/div>\n\t<div class=\"product-buttons\">\n\t\t<div class=\"fusion-content-sep sep-double sep-solid\"><\/div>\n\t\t<div class=\"product-buttons-container clearfix\">\n\n<a href=\"https:\/\/energizerprofessional.eu\/pl\/produkt\/energizer-pro-series-tm-handhelds\/\" class=\"show_details_button\" style=\"float:none;max-width:none;text-align:center;\">\n\tDetails<\/a>\n\n\n\t<\/div>\n\t<\/div>\n\n\t<\/div> <\/div>\n<\/li>\n<li class=\"product type-product post-19420 status-publish last instock product_cat-area-pl product_cat-pro-series-pl has-post-thumbnail shipping-taxable product-type-simple product-grid-view\">\n\t<div class=\"fusion-product-wrapper\">\n<a href=\"https:\/\/energizerprofessional.eu\/pl\/produkt\/energizer-pro-series-tm-work-light\/\" class=\"product-images\" aria-label=\"Lampa robocza Energizer\u00ae Pro Series TM\">\n\n<div class=\"featured-image\">\n\t\t<img decoding=\"async\" width=\"500\" height=\"251\" src=\"https:\/\/energizerprofessional.eu\/wp-content\/uploads\/2023\/11\/worklight-500x251.png\" class=\"attachment-woocommerce_thumbnail size-woocommerce_thumbnail wp-post-image\" alt=\"\" srcset=\"https:\/\/energizerprofessional.eu\/wp-content\/uploads\/2023\/11\/worklight-200x100.png 200w, https:\/\/energizerprofessional.eu\/wp-content\/uploads\/2023\/11\/worklight-300x151.png 300w, https:\/\/energizerprofessional.eu\/wp-content\/uploads\/2023\/11\/worklight-400x201.png 400w, https:\/\/energizerprofessional.eu\/wp-content\/uploads\/2023\/11\/worklight-500x251.png 500w, https:\/\/energizerprofessional.eu\/wp-content\/uploads\/2023\/11\/worklight.png 600w\" sizes=\"(max-width: 500px) 100vw, 500px\" \/>\n\t\t\t\t\t\t<div class=\"cart-loading\"><i class=\"awb-icon-spinner\" aria-hidden=\"true\"><\/i><\/div>\n\t\t\t<\/div>\n<\/a>\n<div class=\"fusion-product-content\">\n\t<div class=\"product-details\">\n\t\t<div class=\"product-details-container\">\n<h3 class=\"product-title\">\n\t<a href=\"https:\/\/energizerprofessional.eu\/pl\/produkt\/energizer-pro-series-tm-work-light\/\">\n\t\tLampa robocza <i>Energizer<\/i><sub>\u00ae<\/sub> Pro Series <sup>TM<\/sup>\t<\/a>\n<\/h3>\n<div class=\"fusion-price-rating\">\n\n\t\t<\/div>\n\t<\/div>\n<\/div>\n\n<div>Lampa robocza Energizer\u00ae Pro Series\u2122 zapewnia wszechstronno\u015b\u0107 u\u017cytkowania. Pe\u0142ni funkcj\u0119 \u015bwiat\u0142a obszarowego lub kierunkowego, posiadaj\u0105c przy tym konstrukcj\u0119 daj\u0105c\u0105 mo\u017cliwo\u015b\u0107 dzia\u0142ania bez u\u017cycia r\u0105k, kieruj\u0105c \u015bwiat\u0142o zawsze tam, gdzie jest potrzebne! Work Light ma wiele przydatnych dodatkowych funkcji, kt\u00f3re pomagaj\u0105 wykonywa\u0107 prac\u0119 w profesjonalny spos\u00f3b!<\/div>\r\n<div>Dowiedz si\u0119 wi\u0119cej o Energizer\u00ae Pro Series\u2122 Work Light <a style=\"color: #ffffff;\" href=\"\/pl\/produkt\/energizer-pro-series-tm-work-light\/\"> <u>tutaj.<\/u><\/a> <\/div>\n\t<div class=\"product-buttons\">\n\t\t<div class=\"fusion-content-sep sep-double sep-solid\"><\/div>\n\t\t<div class=\"product-buttons-container clearfix\">\n\n<a href=\"https:\/\/energizerprofessional.eu\/pl\/produkt\/energizer-pro-series-tm-work-light\/\" class=\"show_details_button\" style=\"float:none;max-width:none;text-align:center;\">\n\tDetails<\/a>\n\n\n\t<\/div>\n\t<\/div>\n\n\t<\/div> <\/div>\n<\/li>\n<\/ul>\n<\/div>\n<\/div><\/div><\/div><\/div><\/div><\/p>\n","protected":false},"excerpt":{"rendered":"","protected":false},"author":1,"featured_media":0,"parent":13565,"menu_order":0,"comment_status":"closed","ping_status":"open","template":"","meta":{"footnotes":""},"class_list":["post-20055","page","type-page","status-publish","hentry"],"yoast_head":"<!-- This site is optimized with the Yoast SEO plugin v27.2 - https:\/\/yoast.com\/product\/yoast-seo-wordpress\/ -->\n<title>Energizer Industrial Flashlights | Professional Flashlights<\/title>\n<meta name=\"description\" content=\"Energizer Industrial Flashlights never leave professionals in the dark. Our professional flashlight is all you need for the job, the indoors or out. Learn more!\" \/>\n<meta name=\"robots\" content=\"index, follow, max-snippet:-1, max-image-preview:large, max-video-preview:-1\" \/>\n<link rel=\"canonical\" href=\"https:\/\/energizerprofessional.eu\/pl\/produkty\/pro-series\/\" \/>\n<meta property=\"og:locale\" content=\"pl_PL\" \/>\n<meta property=\"og:type\" content=\"article\" \/>\n<meta property=\"og:title\" content=\"Energizer Industrial Flashlights | Professional Flashlights\" \/>\n<meta property=\"og:description\" content=\"Energizer Industrial Flashlights never leave professionals in the dark. Our professional flashlight is all you need for the job, the indoors or out. Learn more!\" \/>\n<meta property=\"og:url\" content=\"https:\/\/energizerprofessional.eu\/pl\/produkty\/pro-series\/\" \/>\n<meta property=\"og:site_name\" content=\"Energizer Professional Europe\" \/>\n<meta property=\"article:modified_time\" content=\"2023-12-25T07:50:43+00:00\" \/>\n<meta name=\"twitter:card\" content=\"summary_large_image\" \/>\n<meta name=\"twitter:label1\" content=\"Szacowany czas czytania\" \/>\n\t<meta name=\"twitter:data1\" content=\"2 minuty\" \/>\n<script type=\"application\/ld+json\" class=\"yoast-schema-graph\">{\"@context\":\"https:\/\/schema.org\",\"@graph\":[{\"@type\":\"WebPage\",\"@id\":\"https:\/\/energizerprofessional.eu\/pl\/produkty\/pro-series\/\",\"url\":\"https:\/\/energizerprofessional.eu\/pl\/produkty\/pro-series\/\",\"name\":\"Energizer Industrial Flashlights | Professional Flashlights\",\"isPartOf\":{\"@id\":\"https:\/\/energizerprofessional.eu\/pl\/#website\"},\"datePublished\":\"2023-11-30T04:50:21+00:00\",\"dateModified\":\"2023-12-25T07:50:43+00:00\",\"description\":\"Energizer Industrial Flashlights never leave professionals in the dark. Our professional flashlight is all you need for the job, the indoors or out. Learn more!\",\"breadcrumb\":{\"@id\":\"https:\/\/energizerprofessional.eu\/pl\/produkty\/pro-series\/#breadcrumb\"},\"inLanguage\":\"pl-PL\",\"potentialAction\":[{\"@type\":\"ReadAction\",\"target\":[\"https:\/\/energizerprofessional.eu\/pl\/produkty\/pro-series\/\"]}]},{\"@type\":\"BreadcrumbList\",\"@id\":\"https:\/\/energizerprofessional.eu\/pl\/produkty\/pro-series\/#breadcrumb\",\"itemListElement\":[{\"@type\":\"ListItem\",\"position\":1,\"name\":\"Home\",\"item\":\"https:\/\/energizerprofessional.eu\/pl\/\"},{\"@type\":\"ListItem\",\"position\":2,\"name\":\"Produkty\",\"item\":\"https:\/\/energizerprofessional.eu\/pl\/produkty\/\"},{\"@type\":\"ListItem\",\"position\":3,\"name\":\"Pro Series\"}]},{\"@type\":\"WebSite\",\"@id\":\"https:\/\/energizerprofessional.eu\/pl\/#website\",\"url\":\"https:\/\/energizerprofessional.eu\/pl\/\",\"name\":\"Energizer Industrial\",\"description\":\"\",\"publisher\":{\"@id\":\"https:\/\/energizerprofessional.eu\/pl\/#organization\"},\"potentialAction\":[{\"@type\":\"SearchAction\",\"target\":{\"@type\":\"EntryPoint\",\"urlTemplate\":\"https:\/\/energizerprofessional.eu\/pl\/?s={search_term_string}\"},\"query-input\":{\"@type\":\"PropertyValueSpecification\",\"valueRequired\":true,\"valueName\":\"search_term_string\"}}],\"inLanguage\":\"pl-PL\"},{\"@type\":\"Organization\",\"@id\":\"https:\/\/energizerprofessional.eu\/pl\/#organization\",\"name\":\"Energizer Industrial\",\"url\":\"https:\/\/energizerprofessional.eu\/pl\/\",\"logo\":{\"@type\":\"ImageObject\",\"inLanguage\":\"pl-PL\",\"@id\":\"https:\/\/energizerprofessional.eu\/pl\/#\/schema\/logo\/image\/\",\"url\":\"\/wp-content\/uploads\/2020\/10\/logo.png\",\"contentUrl\":\"\/wp-content\/uploads\/2020\/10\/logo.png\",\"width\":688,\"height\":317,\"caption\":\"Energizer Industrial\"},\"image\":{\"@id\":\"https:\/\/energizerprofessional.eu\/pl\/#\/schema\/logo\/image\/\"}}]}<\/script>\n<!-- \/ Yoast SEO plugin. -->","yoast_head_json":{"title":"Energizer Industrial Flashlights | Professional Flashlights","description":"Energizer Industrial Flashlights never leave professionals in the dark. Our professional flashlight is all you need for the job, the indoors or out. Learn more!","robots":{"index":"index","follow":"follow","max-snippet":"max-snippet:-1","max-image-preview":"max-image-preview:large","max-video-preview":"max-video-preview:-1"},"canonical":"https:\/\/energizerprofessional.eu\/pl\/produkty\/pro-series\/","og_locale":"pl_PL","og_type":"article","og_title":"Energizer Industrial Flashlights | Professional Flashlights","og_description":"Energizer Industrial Flashlights never leave professionals in the dark. Our professional flashlight is all you need for the job, the indoors or out. Learn more!","og_url":"https:\/\/energizerprofessional.eu\/pl\/produkty\/pro-series\/","og_site_name":"Energizer Professional Europe","article_modified_time":"2023-12-25T07:50:43+00:00","twitter_card":"summary_large_image","twitter_misc":{"Szacowany czas czytania":"2 minuty"},"schema":{"@context":"https:\/\/schema.org","@graph":[{"@type":"WebPage","@id":"https:\/\/energizerprofessional.eu\/pl\/produkty\/pro-series\/","url":"https:\/\/energizerprofessional.eu\/pl\/produkty\/pro-series\/","name":"Energizer Industrial Flashlights | Professional Flashlights","isPartOf":{"@id":"https:\/\/energizerprofessional.eu\/pl\/#website"},"datePublished":"2023-11-30T04:50:21+00:00","dateModified":"2023-12-25T07:50:43+00:00","description":"Energizer Industrial Flashlights never leave professionals in the dark. Our professional flashlight is all you need for the job, the indoors or out. Learn more!","breadcrumb":{"@id":"https:\/\/energizerprofessional.eu\/pl\/produkty\/pro-series\/#breadcrumb"},"inLanguage":"pl-PL","potentialAction":[{"@type":"ReadAction","target":["https:\/\/energizerprofessional.eu\/pl\/produkty\/pro-series\/"]}]},{"@type":"BreadcrumbList","@id":"https:\/\/energizerprofessional.eu\/pl\/produkty\/pro-series\/#breadcrumb","itemListElement":[{"@type":"ListItem","position":1,"name":"Home","item":"https:\/\/energizerprofessional.eu\/pl\/"},{"@type":"ListItem","position":2,"name":"Produkty","item":"https:\/\/energizerprofessional.eu\/pl\/produkty\/"},{"@type":"ListItem","position":3,"name":"Pro Series"}]},{"@type":"WebSite","@id":"https:\/\/energizerprofessional.eu\/pl\/#website","url":"https:\/\/energizerprofessional.eu\/pl\/","name":"Energizer Industrial","description":"","publisher":{"@id":"https:\/\/energizerprofessional.eu\/pl\/#organization"},"potentialAction":[{"@type":"SearchAction","target":{"@type":"EntryPoint","urlTemplate":"https:\/\/energizerprofessional.eu\/pl\/?s={search_term_string}"},"query-input":{"@type":"PropertyValueSpecification","valueRequired":true,"valueName":"search_term_string"}}],"inLanguage":"pl-PL"},{"@type":"Organization","@id":"https:\/\/energizerprofessional.eu\/pl\/#organization","name":"Energizer Industrial","url":"https:\/\/energizerprofessional.eu\/pl\/","logo":{"@type":"ImageObject","inLanguage":"pl-PL","@id":"https:\/\/energizerprofessional.eu\/pl\/#\/schema\/logo\/image\/","url":"\/wp-content\/uploads\/2020\/10\/logo.png","contentUrl":"\/wp-content\/uploads\/2020\/10\/logo.png","width":688,"height":317,"caption":"Energizer Industrial"},"image":{"@id":"https:\/\/energizerprofessional.eu\/pl\/#\/schema\/logo\/image\/"}}]}},"_links":{"self":[{"href":"https:\/\/energizerprofessional.eu\/pl\/wp-json\/wp\/v2\/pages\/20055","targetHints":{"allow":["GET"]}}],"collection":[{"href":"https:\/\/energizerprofessional.eu\/pl\/wp-json\/wp\/v2\/pages"}],"about":[{"href":"https:\/\/energizerprofessional.eu\/pl\/wp-json\/wp\/v2\/types\/page"}],"author":[{"embeddable":true,"href":"https:\/\/energizerprofessional.eu\/pl\/wp-json\/wp\/v2\/users\/1"}],"replies":[{"embeddable":true,"href":"https:\/\/energizerprofessional.eu\/pl\/wp-json\/wp\/v2\/comments?post=20055"}],"version-history":[{"count":4,"href":"https:\/\/energizerprofessional.eu\/pl\/wp-json\/wp\/v2\/pages\/20055\/revisions"}],"predecessor-version":[{"id":20062,"href":"https:\/\/energizerprofessional.eu\/pl\/wp-json\/wp\/v2\/pages\/20055\/revisions\/20062"}],"up":[{"embeddable":true,"href":"https:\/\/energizerprofessional.eu\/pl\/wp-json\/wp\/v2\/pages\/13565"}],"wp:attachment":[{"href":"https:\/\/energizerprofessional.eu\/pl\/wp-json\/wp\/v2\/media?parent=20055"}],"curies":[{"name":"wp","href":"https:\/\/api.w.org\/{rel}","templated":true}]}}