{"id":14179,"date":"2020-11-13T14:53:12","date_gmt":"2020-11-13T14:53:12","guid":{"rendered":"https:\/\/staging.energizerindustrial.eu\/product\/energizer-expert-pro-zone-lumiere\/"},"modified":"2022-06-13T18:19:11","modified_gmt":"2022-06-13T18:19:11","slug":"lanterne-led-energizer-expert-pro","status":"publish","type":"product","link":"https:\/\/energizerprofessional.eu\/fr\/produit\/lanterne-led-energizer-expert-pro\/","title":{"rendered":"Lanterne LED <i>Energizer<\/i><sub>\u00ae<\/sub> Expert Pro"},"content":{"rendered":"<p><div class=\"fusion-fullwidth fullwidth-box fusion-builder-row-1 fusion-flex-container nonhundred-percent-fullwidth non-hundred-percent-height-scrolling\" style=\"--awb-border-radius-top-left:0px;--awb-border-radius-top-right:0px;--awb-border-radius-bottom-right:0px;--awb-border-radius-bottom-left:0px;--awb-flex-wrap:wrap;\" ><div class=\"fusion-builder-row fusion-row fusion-flex-align-items-flex-start fusion-flex-content-wrap\" style=\"max-width:calc( 1364px + 18px );margin-left: calc(-18px \/ 2 );margin-right: calc(-18px \/ 2 );\"><div class=\"fusion-layout-column fusion_builder_column fusion-builder-column-0 fusion_builder_column_2_5 2_5 fusion-flex-column\" style=\"--awb-bg-size:cover;--awb-width-large:40%;--awb-margin-top-large:0px;--awb-spacing-right-large:9px;--awb-margin-bottom-large:20px;--awb-spacing-left-large:9px;--awb-width-medium:40%;--awb-order-medium:0;--awb-spacing-right-medium:9px;--awb-spacing-left-medium:9px;--awb-width-small:100%;--awb-order-small:0;--awb-spacing-right-small:9px;--awb-spacing-left-small:9px;\"><div class=\"fusion-column-wrapper fusion-column-has-shadow fusion-flex-justify-content-flex-start fusion-content-layout-column\"><div class=\"fusion-image-element \" style=\"text-align:right;--awb-margin-right:20px;--awb-max-width:320px;--awb-caption-title-font-family:var(--h2_typography-font-family);--awb-caption-title-font-weight:var(--h2_typography-font-weight);--awb-caption-title-font-style:var(--h2_typography-font-style);--awb-caption-title-size:var(--h2_typography-font-size);--awb-caption-title-transform:var(--h2_typography-text-transform);--awb-caption-title-line-height:var(--h2_typography-line-height);--awb-caption-title-letter-spacing:var(--h2_typography-letter-spacing);\"><span class=\" fusion-imageframe imageframe-none imageframe-1 hover-type-none\"><img decoding=\"async\" width=\"732\" height=\"732\" alt=\"Lumi\u00e8re Energizer Expert Pro\" title=\"Visuel Expert LED fiche Energie\" src=\"\/wp-content\/uploads\/2020\/11\/Visuel-Expert-LED-fiche-Energie.jpg\" class=\"img-responsive wp-image-10485\" srcset=\"https:\/\/energizerprofessional.eu\/wp-content\/uploads\/2020\/11\/Visuel-Expert-LED-fiche-Energie-200x200.jpg 200w, https:\/\/energizerprofessional.eu\/wp-content\/uploads\/2020\/11\/Visuel-Expert-LED-fiche-Energie-400x400.jpg 400w, https:\/\/energizerprofessional.eu\/wp-content\/uploads\/2020\/11\/Visuel-Expert-LED-fiche-Energie-600x600.jpg 600w, https:\/\/energizerprofessional.eu\/wp-content\/uploads\/2020\/11\/Visuel-Expert-LED-fiche-Energie.jpg 732w\" sizes=\"(max-width: 800px) 100vw, 600px\" \/><\/span><\/div><\/div><\/div><div class=\"fusion-layout-column fusion_builder_column fusion-builder-column-1 fusion_builder_column_3_5 3_5 fusion-flex-column single-flashlight-product-column\" style=\"--awb-padding-left:5%;--awb-bg-size:cover;--awb-width-large:60%;--awb-margin-top-large:0px;--awb-spacing-right-large:9px;--awb-margin-bottom-large:20px;--awb-spacing-left-large:9px;--awb-width-medium:60%;--awb-order-medium:0;--awb-spacing-right-medium:9px;--awb-spacing-left-medium:9px;--awb-width-small:100%;--awb-order-small:0;--awb-spacing-right-small:9px;--awb-spacing-left-small:9px;\"><div class=\"fusion-column-wrapper fusion-column-has-shadow fusion-flex-justify-content-flex-start fusion-content-layout-column\"><div class=\"fusion-title title fusion-title-1 fusion-sep-none fusion-title-text fusion-title-size-two flashlight-product-title\" style=\"--awb-margin-top-small:10px;--awb-margin-right-small:0px;--awb-margin-bottom-small:10px;--awb-margin-left-small:0px;--awb-font-size:45px;\"><h2 class=\"fusion-title-heading title-heading-left\" style=\"font-family:Arial, Helvetica, sans-serif;font-style:normal;font-weight:700;margin:0;font-size:1em;\"><h1><b>Lanterne LED <i>Energizer<\/i><sub>\u00ae<\/sub> Expert Pro<\/b><\/h1><\/h2><\/div><div class=\"fusion-text fusion-text-1\" style=\"--awb-font-size:21px;--awb-text-transform:none;--awb-text-color:#000000;--awb-text-font-family:Arial, Helvetica, sans-serif;--awb-text-font-style:normal;--awb-text-font-weight:400;\"><p style=\"max-width: 75%; margin-top: 2em;\">Avec un angle de 140\u00b0 pour diriger la lumi\u00e8re ou vous en avez besoin, un positionnement simple des piles, une base solide et de nombreux modes d\u2019\u00e9clairage, la Lanterne Expert Pro LED est un outil polyvalent adapt\u00e9 \u00e0 de nombreux usages professionnels.<\/p>\n<\/div><\/div><\/div><div class=\"fusion-layout-column fusion_builder_column fusion-builder-column-2 fusion_builder_column_1_1 1_1 fusion-flex-column\" style=\"--awb-bg-size:cover;--awb-width-large:100%;--awb-margin-top-large:0px;--awb-spacing-right-large:9px;--awb-margin-bottom-large:20px;--awb-spacing-left-large:9px;--awb-width-medium:100%;--awb-order-medium:0;--awb-spacing-right-medium:9px;--awb-spacing-left-medium:9px;--awb-width-small:100%;--awb-order-small:0;--awb-spacing-right-small:9px;--awb-spacing-left-small:9px;\"><div class=\"fusion-column-wrapper fusion-column-has-shadow fusion-flex-justify-content-flex-start fusion-content-layout-column\"><div class=\"fusion-separator fusion-no-small-visibility fusion-no-medium-visibility fusion-full-width-sep\" style=\"align-self: center;margin-left: auto;margin-right: auto;margin-top:25px;width:100%;\"><\/div><\/div><\/div><\/div><\/div><div class=\"fusion-fullwidth fullwidth-box fusion-builder-row-2 fusion-flex-container nonhundred-percent-fullwidth non-hundred-percent-height-scrolling\" style=\"--awb-border-radius-top-left:0px;--awb-border-radius-top-right:0px;--awb-border-radius-bottom-right:0px;--awb-border-radius-bottom-left:0px;--awb-flex-wrap:wrap;\" ><div class=\"fusion-builder-row fusion-row fusion-flex-align-items-flex-start fusion-flex-content-wrap\" style=\"max-width:calc( 1364px + 18px );margin-left: calc(-18px \/ 2 );margin-right: calc(-18px \/ 2 );\"><div class=\"fusion-layout-column fusion_builder_column fusion-builder-column-3 fusion_builder_column_2_5 2_5 fusion-flex-column tab-slide\" style=\"--awb-padding-left:30%;--awb-bg-size:cover;--awb-width-large:40%;--awb-margin-top-large:0px;--awb-spacing-right-large:9px;--awb-margin-bottom-large:20px;--awb-spacing-left-large:9px;--awb-width-medium:40%;--awb-order-medium:0;--awb-spacing-right-medium:9px;--awb-spacing-left-medium:9px;--awb-width-small:100%;--awb-order-small:0;--awb-spacing-right-small:9px;--awb-spacing-left-small:9px;\"><div class=\"fusion-column-wrapper fusion-column-has-shadow fusion-flex-justify-content-flex-start fusion-content-layout-column\"><div class=\"fusion-slider-sc\"><div class=\"fusion-flexslider-loading flexslider flexslider-hover-type-none\" data-slideshow_autoplay=\"1\" data-slideshow_smooth_height=\"0\" data-slideshow_speed=\"7000\" style=\"max-width:100%;height:100%;\"><ul class=\"slides\"><li class=\"image\"><a class=\"lightbox-enabled fusion-lightbox\" data-rel=\"iLightbox[slider_carousel_1]\" title=\"ENR_Expert_Pro_LED_Lantern_GRD1LB_Angle_Right_hi-600&#215;770\" data-title=\"ENR_Expert_Pro_LED_Lantern_GRD1LB_Angle_Right_hi-600&#215;770\" aria-label=\"ENR_Expert_Pro_LED_Lantern_GRD1LB_Angle_Right_hi-600&#215;770\" href=\"\/wp-content\/uploads\/2021\/11\/ENR_Expert_Pro_LED_Lantern_GRD1LB_Angle_Right_hi-600x770-1.png\" target=\"_self\"><span class=\"fusion-image-hover-element hover-type-none\"><img decoding=\"async\" src=\"\/wp-content\/uploads\/2021\/11\/ENR_Expert_Pro_LED_Lantern_GRD1LB_Angle_Right_hi-600x770-1.png\" width=\"600\" height=\"600\" class=\"wp-image-12710\" srcset=\"https:\/\/energizerprofessional.eu\/wp-content\/uploads\/2021\/11\/ENR_Expert_Pro_LED_Lantern_GRD1LB_Angle_Right_hi-600x770-1-200x200.png 200w, https:\/\/energizerprofessional.eu\/wp-content\/uploads\/2021\/11\/ENR_Expert_Pro_LED_Lantern_GRD1LB_Angle_Right_hi-600x770-1-400x400.png 400w, https:\/\/energizerprofessional.eu\/wp-content\/uploads\/2021\/11\/ENR_Expert_Pro_LED_Lantern_GRD1LB_Angle_Right_hi-600x770-1.png 600w\" sizes=\"(max-width: 800px) 100vw, 400px\" \/><\/span><\/a><\/li><li class=\"image\"><a class=\"lightbox-enabled fusion-lightbox\" data-rel=\"iLightbox[slider_carousel_1]\" title=\"rigth-side\" data-title=\"rigth-side\" aria-label=\"rigth-side\" href=\"\/wp-content\/uploads\/2021\/11\/rigth-side.png\" target=\"_self\"><span class=\"fusion-image-hover-element hover-type-none\"><img decoding=\"async\" src=\"\/wp-content\/uploads\/2021\/11\/rigth-side.png\" width=\"600\" height=\"600\" class=\"wp-image-12644\" srcset=\"https:\/\/energizerprofessional.eu\/wp-content\/uploads\/2021\/11\/rigth-side-200x200.png 200w, https:\/\/energizerprofessional.eu\/wp-content\/uploads\/2021\/11\/rigth-side-400x400.png 400w, https:\/\/energizerprofessional.eu\/wp-content\/uploads\/2021\/11\/rigth-side.png 600w\" sizes=\"(max-width: 800px) 100vw, 400px\" \/><\/span><\/a><\/li><li class=\"image\"><a class=\"lightbox-enabled fusion-lightbox\" data-rel=\"iLightbox[slider_carousel_1]\" title=\"left-side\" data-title=\"left-side\" aria-label=\"left-side\" href=\"\/wp-content\/uploads\/2021\/11\/left-side.png\" target=\"_self\"><span class=\"fusion-image-hover-element hover-type-none\"><img decoding=\"async\" src=\"\/wp-content\/uploads\/2021\/11\/left-side.png\" width=\"600\" height=\"600\" class=\"wp-image-12638\" srcset=\"https:\/\/energizerprofessional.eu\/wp-content\/uploads\/2021\/11\/left-side-200x200.png 200w, https:\/\/energizerprofessional.eu\/wp-content\/uploads\/2021\/11\/left-side-400x400.png 400w, https:\/\/energizerprofessional.eu\/wp-content\/uploads\/2021\/11\/left-side.png 600w\" sizes=\"(max-width: 800px) 100vw, 400px\" \/><\/span><\/a><\/li><li class=\"image\"><a class=\"lightbox-enabled fusion-lightbox\" data-rel=\"iLightbox[slider_carousel_1]\" title=\"side-on\" data-title=\"side-on\" aria-label=\"side-on\" href=\"\/wp-content\/uploads\/2021\/11\/side-on.png\" target=\"_self\"><span class=\"fusion-image-hover-element hover-type-none\"><img decoding=\"async\" src=\"\/wp-content\/uploads\/2021\/11\/side-on.png\" width=\"600\" height=\"600\" class=\"wp-image-12632\" srcset=\"https:\/\/energizerprofessional.eu\/wp-content\/uploads\/2021\/11\/side-on-200x200.png 200w, https:\/\/energizerprofessional.eu\/wp-content\/uploads\/2021\/11\/side-on-400x400.png 400w, https:\/\/energizerprofessional.eu\/wp-content\/uploads\/2021\/11\/side-on.png 600w\" sizes=\"(max-width: 800px) 100vw, 400px\" \/><\/span><\/a><\/li><\/ul><\/div><\/div><\/div><\/div><div class=\"fusion-layout-column fusion_builder_column fusion-builder-column-4 fusion_builder_column_3_5 3_5 fusion-flex-column\" style=\"--awb-padding-top:5%;--awb-bg-size:cover;--awb-width-large:60%;--awb-margin-top-large:0px;--awb-spacing-right-large:9px;--awb-margin-bottom-large:20px;--awb-spacing-left-large:9px;--awb-width-medium:60%;--awb-order-medium:0;--awb-spacing-right-medium:9px;--awb-spacing-left-medium:9px;--awb-width-small:100%;--awb-order-small:0;--awb-spacing-right-small:9px;--awb-spacing-left-small:9px;\"><div class=\"fusion-column-wrapper fusion-column-has-shadow fusion-flex-justify-content-flex-start fusion-content-layout-column\"><div class=\"fusion-text fusion-text-2\" style=\"--awb-font-size:21px;--awb-text-transform:none;--awb-text-color:#000000;--awb-text-font-family:Arial, Helvetica, sans-serif;--awb-text-font-style:normal;--awb-text-font-weight:400;\"><ul>\n<li>3 modes d\u2019\u00e9clairage:\n<ul>\n<li>Faible (large faisceau) gr\u00e2ce \u00e0 3 LEDs p\u00e9riph\u00e9riques<\/li>\n<li>Moyen (faisceau concentr\u00e9) gr\u00e2ce au mode intense de la LED centrale<\/li>\n<li>Intense (faisceaux concentr\u00e9 + large) avec les 4 LEDs<\/li>\n<\/ul>\n<\/li>\n<li>Construction en alliage solide<\/li>\n<li>Excellente prise en main<\/li>\n<li>T\u00eate pivotante \u00e0 140\u00b0 pour diriger la lumi\u00e8re o\u00f9 vous en avez besoin<\/li>\n<li>Interrupteur \u00e0 bouton poussoir facile d\u2019utilisation<\/li>\n<li>Bandouli\u00e8re (incluse)<\/li>\n<li>R\u00e9siste aux chutes jusqu&rsquo;\u00e0 1 m\u00e8tre<\/li>\n<li>IPX4, r\u00e9siste aux intemp\u00e9ries<\/li>\n<li>Fonctionne avec une pile 6V (incluse)<\/li>\n<\/ul>\n<\/div><div class=\"fusion-text fusion-text-3\" style=\"--awb-text-transform:none;\"><div class=\"product-description-table-div\">\n<table class=\"product-description-table\">\n<thead>\n<tr>\n<th align=\"left\">Mode<\/th>\n<th align=\"left\"><img decoding=\"async\" class=\"alignnone size-full wp-image-355\" src=\"\/wp-content\/uploads\/2020\/10\/Image_6.png\" alt=\"\" width=\"44\" height=\"43\" \/><\/p>\n<p>Intensit\u00e9 Lumineuse<\/th>\n<th align=\"left\"><img decoding=\"async\" class=\"alignnone size-full wp-image-357\" src=\"\/wp-content\/uploads\/2020\/10\/Image_7.png\" alt=\"\" width=\"44\" height=\"43\" \/><\/p>\n<p>Dur\u00e9e de fonctionnement<\/th>\n<th align=\"left\"><img decoding=\"async\" class=\"alignnone size-full wp-image-359\" src=\"\/wp-content\/uploads\/2020\/10\/Image_8.png\" alt=\"\" width=\"44\" height=\"43\" \/><\/p>\n<p>R\u00e9sistance aux Chocs<\/th>\n<th align=\"left\"><img decoding=\"async\" class=\"alignnone size-full wp-image-361\" src=\"\/wp-content\/uploads\/2020\/10\/Image_9.png\" alt=\"\" width=\"44\" height=\"43\" \/><\/p>\n<p>R\u00e9sistance \u00e0 l&rsquo;Eau<\/th>\n<\/tr>\n<\/thead>\n<tbody>\n<tr>\n<td align=\"left\">Intense<\/td>\n<td align=\"left\">500 Lumens<\/td>\n<td align=\"left\">40 Heures<\/td>\n<td align=\"left\">1 M\u00e8tre<\/td>\n<td align=\"left\">IPX4<\/td>\n<\/tr>\n<tr>\n<td align=\"left\">Faible<\/td>\n<td align=\"left\">250 lumens<\/td>\n<td align=\"left\">120<\/td>\n<td align=\"left\">2 M\u00e8tres<\/td>\n<td align=\"left\">IPX4<\/td>\n<\/tr>\n<\/tbody>\n<\/table>\n<\/div>\n<\/div><\/div><\/div><\/div><\/div><div class=\"fusion-fullwidth fullwidth-box fusion-builder-row-3 fusion-flex-container nonhundred-percent-fullwidth non-hundred-percent-height-scrolling\" style=\"--awb-border-radius-top-left:0px;--awb-border-radius-top-right:0px;--awb-border-radius-bottom-right:0px;--awb-border-radius-bottom-left:0px;--awb-flex-wrap:wrap;\" ><div class=\"fusion-builder-row fusion-row fusion-flex-align-items-flex-start fusion-flex-content-wrap\" style=\"max-width:calc( 1364px + 18px );margin-left: calc(-18px \/ 2 );margin-right: calc(-18px \/ 2 );\"><div class=\"fusion-layout-column fusion_builder_column fusion-builder-column-5 fusion_builder_column_1_1 1_1 fusion-flex-column\" style=\"--awb-bg-size:cover;--awb-width-large:100%;--awb-margin-top-large:0px;--awb-spacing-right-large:9px;--awb-margin-bottom-large:0px;--awb-spacing-left-large:9px;--awb-width-medium:100%;--awb-spacing-right-medium:9px;--awb-spacing-left-medium:9px;--awb-width-small:100%;--awb-spacing-right-small:9px;--awb-spacing-left-small:9px;\"><div class=\"fusion-column-wrapper fusion-flex-justify-content-flex-start fusion-content-layout-column\"><div class=\"fusion-text fusion-text-4\"><\/div><\/div><\/div><\/div><\/div><\/p>\n","protected":false},"excerpt":{"rendered":"<p>Ce puissant projecteur longue distance pivotable illumine les zones les plus sombres<\/p>\n<p><a style=\"color: #ffffff;\" href=\"\/fr\/produit\/energizer-expert-pro-zone-lumiere\/\"><u>En savoir plus<\/u><\/a><\/p>\n","protected":false},"featured_media":10801,"template":"","meta":[],"product_brand":[],"product_cat":[143,160],"product_tag":[],"class_list":{"0":"post-14179","1":"product","2":"type-product","3":"status-publish","4":"has-post-thumbnail","6":"product_cat-lumieres","7":"product_cat-area-fr","9":"first","10":"instock","11":"shipping-taxable","12":"product-type-simple"},"yoast_head":"<!-- This site is optimized with the Yoast SEO plugin v27.2 - https:\/\/yoast.com\/product\/yoast-seo-wordpress\/ -->\n<title>Lampe LED Energizer Expert Pro | Energizer Industriel<\/title>\n<meta name=\"description\" content=\"La Lanterne Expert Pro LED est un outil polyvalent adapt\u00e9 \u00e0 de nombreux usages professionnels. En savoir plus!\" \/>\n<meta name=\"robots\" content=\"index, follow, max-snippet:-1, max-image-preview:large, max-video-preview:-1\" \/>\n<link rel=\"canonical\" href=\"https:\/\/energizerprofessional.eu\/fr\/produit\/lanterne-led-energizer-expert-pro\/\" \/>\n<meta property=\"og:locale\" content=\"fr_FR\" \/>\n<meta property=\"og:type\" content=\"article\" \/>\n<meta property=\"og:title\" content=\"Lampe LED Energizer Expert Pro | Energizer Industriel\" \/>\n<meta property=\"og:description\" content=\"La Lanterne Expert Pro LED est un outil polyvalent adapt\u00e9 \u00e0 de nombreux usages professionnels. En savoir plus!\" \/>\n<meta property=\"og:url\" content=\"https:\/\/energizerprofessional.eu\/fr\/produit\/lanterne-led-energizer-expert-pro\/\" \/>\n<meta property=\"og:site_name\" content=\"Energizer Professional Europe\" \/>\n<meta property=\"article:modified_time\" content=\"2022-06-13T18:19:11+00:00\" \/>\n<meta property=\"og:image\" content=\"https:\/\/energizerprofessional.eu\/wp-content\/uploads\/2020\/11\/v3ENR_Expert_Pro_LED_Lantern_GRD1LB_Angle_Right_hi1.png\" \/>\n\t<meta property=\"og:image:width\" content=\"403\" \/>\n\t<meta property=\"og:image:height\" content=\"587\" \/>\n\t<meta property=\"og:image:type\" content=\"image\/png\" \/>\n<meta name=\"twitter:card\" content=\"summary_large_image\" \/>\n<meta name=\"twitter:label1\" content=\"Dur\u00e9e de lecture estim\u00e9e\" \/>\n\t<meta name=\"twitter:data1\" content=\"7 minutes\" \/>\n<script type=\"application\/ld+json\" class=\"yoast-schema-graph\">{\"@context\":\"https:\/\/schema.org\",\"@graph\":[{\"@type\":\"WebPage\",\"@id\":\"https:\/\/energizerprofessional.eu\/fr\/produit\/lanterne-led-energizer-expert-pro\/\",\"url\":\"https:\/\/energizerprofessional.eu\/fr\/produit\/lanterne-led-energizer-expert-pro\/\",\"name\":\"Lampe LED Energizer Expert Pro | Energizer Industriel\",\"isPartOf\":{\"@id\":\"https:\/\/energizerprofessional.eu\/fr\/#website\"},\"primaryImageOfPage\":{\"@id\":\"https:\/\/energizerprofessional.eu\/fr\/produit\/lanterne-led-energizer-expert-pro\/#primaryimage\"},\"image\":{\"@id\":\"https:\/\/energizerprofessional.eu\/fr\/produit\/lanterne-led-energizer-expert-pro\/#primaryimage\"},\"thumbnailUrl\":\"https:\/\/energizerprofessional.eu\/wp-content\/uploads\/2020\/11\/v3ENR_Expert_Pro_LED_Lantern_GRD1LB_Angle_Right_hi1.png\",\"datePublished\":\"2020-11-13T14:53:12+00:00\",\"dateModified\":\"2022-06-13T18:19:11+00:00\",\"description\":\"La Lanterne Expert Pro LED est un outil polyvalent adapt\u00e9 \u00e0 de nombreux usages professionnels. En savoir plus!\",\"breadcrumb\":{\"@id\":\"https:\/\/energizerprofessional.eu\/fr\/produit\/lanterne-led-energizer-expert-pro\/#breadcrumb\"},\"inLanguage\":\"fr-FR\",\"potentialAction\":[{\"@type\":\"ReadAction\",\"target\":[\"https:\/\/energizerprofessional.eu\/fr\/produit\/lanterne-led-energizer-expert-pro\/\"]}]},{\"@type\":\"ImageObject\",\"inLanguage\":\"fr-FR\",\"@id\":\"https:\/\/energizerprofessional.eu\/fr\/produit\/lanterne-led-energizer-expert-pro\/#primaryimage\",\"url\":\"https:\/\/energizerprofessional.eu\/wp-content\/uploads\/2020\/11\/v3ENR_Expert_Pro_LED_Lantern_GRD1LB_Angle_Right_hi1.png\",\"contentUrl\":\"https:\/\/energizerprofessional.eu\/wp-content\/uploads\/2020\/11\/v3ENR_Expert_Pro_LED_Lantern_GRD1LB_Angle_Right_hi1.png\",\"width\":403,\"height\":587,\"caption\":\"Lanterne LED Energizer Expert Pro\"},{\"@type\":\"BreadcrumbList\",\"@id\":\"https:\/\/energizerprofessional.eu\/fr\/produit\/lanterne-led-energizer-expert-pro\/#breadcrumb\",\"itemListElement\":[{\"@type\":\"ListItem\",\"position\":1,\"name\":\"Home\",\"item\":\"https:\/\/energizerprofessional.eu\/fr\/\"},{\"@type\":\"ListItem\",\"position\":2,\"name\":\"Priv\u00e9\u00a0: Shop\",\"item\":\"https:\/\/energizerprofessional.eu\/shop\/\"},{\"@type\":\"ListItem\",\"position\":3,\"name\":\"Lanterne LED &lt;i&gt;Energizer&lt;\/i&gt;&lt;sub&gt;\u00ae&lt;\/sub&gt; Expert Pro\"}]},{\"@type\":\"WebSite\",\"@id\":\"https:\/\/energizerprofessional.eu\/fr\/#website\",\"url\":\"https:\/\/energizerprofessional.eu\/fr\/\",\"name\":\"Energizer Industrial\",\"description\":\"\",\"publisher\":{\"@id\":\"https:\/\/energizerprofessional.eu\/fr\/#organization\"},\"potentialAction\":[{\"@type\":\"SearchAction\",\"target\":{\"@type\":\"EntryPoint\",\"urlTemplate\":\"https:\/\/energizerprofessional.eu\/fr\/?s={search_term_string}\"},\"query-input\":{\"@type\":\"PropertyValueSpecification\",\"valueRequired\":true,\"valueName\":\"search_term_string\"}}],\"inLanguage\":\"fr-FR\"},{\"@type\":\"Organization\",\"@id\":\"https:\/\/energizerprofessional.eu\/fr\/#organization\",\"name\":\"Energizer Industrial\",\"url\":\"https:\/\/energizerprofessional.eu\/fr\/\",\"logo\":{\"@type\":\"ImageObject\",\"inLanguage\":\"fr-FR\",\"@id\":\"https:\/\/energizerprofessional.eu\/fr\/#\/schema\/logo\/image\/\",\"url\":\"\/wp-content\/uploads\/2020\/10\/logo.png\",\"contentUrl\":\"\/wp-content\/uploads\/2020\/10\/logo.png\",\"width\":688,\"height\":317,\"caption\":\"Energizer Industrial\"},\"image\":{\"@id\":\"https:\/\/energizerprofessional.eu\/fr\/#\/schema\/logo\/image\/\"}}]}<\/script>\n<!-- \/ Yoast SEO plugin. -->","yoast_head_json":{"title":"Lampe LED Energizer Expert Pro | Energizer Industriel","description":"La Lanterne Expert Pro LED est un outil polyvalent adapt\u00e9 \u00e0 de nombreux usages professionnels. En savoir plus!","robots":{"index":"index","follow":"follow","max-snippet":"max-snippet:-1","max-image-preview":"max-image-preview:large","max-video-preview":"max-video-preview:-1"},"canonical":"https:\/\/energizerprofessional.eu\/fr\/produit\/lanterne-led-energizer-expert-pro\/","og_locale":"fr_FR","og_type":"article","og_title":"Lampe LED Energizer Expert Pro | Energizer Industriel","og_description":"La Lanterne Expert Pro LED est un outil polyvalent adapt\u00e9 \u00e0 de nombreux usages professionnels. En savoir plus!","og_url":"https:\/\/energizerprofessional.eu\/fr\/produit\/lanterne-led-energizer-expert-pro\/","og_site_name":"Energizer Professional Europe","article_modified_time":"2022-06-13T18:19:11+00:00","og_image":[{"width":403,"height":587,"url":"https:\/\/energizerprofessional.eu\/wp-content\/uploads\/2020\/11\/v3ENR_Expert_Pro_LED_Lantern_GRD1LB_Angle_Right_hi1.png","type":"image\/png"}],"twitter_card":"summary_large_image","twitter_misc":{"Dur\u00e9e de lecture estim\u00e9e":"7 minutes"},"schema":{"@context":"https:\/\/schema.org","@graph":[{"@type":"WebPage","@id":"https:\/\/energizerprofessional.eu\/fr\/produit\/lanterne-led-energizer-expert-pro\/","url":"https:\/\/energizerprofessional.eu\/fr\/produit\/lanterne-led-energizer-expert-pro\/","name":"Lampe LED Energizer Expert Pro | Energizer Industriel","isPartOf":{"@id":"https:\/\/energizerprofessional.eu\/fr\/#website"},"primaryImageOfPage":{"@id":"https:\/\/energizerprofessional.eu\/fr\/produit\/lanterne-led-energizer-expert-pro\/#primaryimage"},"image":{"@id":"https:\/\/energizerprofessional.eu\/fr\/produit\/lanterne-led-energizer-expert-pro\/#primaryimage"},"thumbnailUrl":"https:\/\/energizerprofessional.eu\/wp-content\/uploads\/2020\/11\/v3ENR_Expert_Pro_LED_Lantern_GRD1LB_Angle_Right_hi1.png","datePublished":"2020-11-13T14:53:12+00:00","dateModified":"2022-06-13T18:19:11+00:00","description":"La Lanterne Expert Pro LED est un outil polyvalent adapt\u00e9 \u00e0 de nombreux usages professionnels. En savoir plus!","breadcrumb":{"@id":"https:\/\/energizerprofessional.eu\/fr\/produit\/lanterne-led-energizer-expert-pro\/#breadcrumb"},"inLanguage":"fr-FR","potentialAction":[{"@type":"ReadAction","target":["https:\/\/energizerprofessional.eu\/fr\/produit\/lanterne-led-energizer-expert-pro\/"]}]},{"@type":"ImageObject","inLanguage":"fr-FR","@id":"https:\/\/energizerprofessional.eu\/fr\/produit\/lanterne-led-energizer-expert-pro\/#primaryimage","url":"https:\/\/energizerprofessional.eu\/wp-content\/uploads\/2020\/11\/v3ENR_Expert_Pro_LED_Lantern_GRD1LB_Angle_Right_hi1.png","contentUrl":"https:\/\/energizerprofessional.eu\/wp-content\/uploads\/2020\/11\/v3ENR_Expert_Pro_LED_Lantern_GRD1LB_Angle_Right_hi1.png","width":403,"height":587,"caption":"Lanterne LED Energizer Expert Pro"},{"@type":"BreadcrumbList","@id":"https:\/\/energizerprofessional.eu\/fr\/produit\/lanterne-led-energizer-expert-pro\/#breadcrumb","itemListElement":[{"@type":"ListItem","position":1,"name":"Home","item":"https:\/\/energizerprofessional.eu\/fr\/"},{"@type":"ListItem","position":2,"name":"Priv\u00e9\u00a0: Shop","item":"https:\/\/energizerprofessional.eu\/shop\/"},{"@type":"ListItem","position":3,"name":"Lanterne LED &lt;i&gt;Energizer&lt;\/i&gt;&lt;sub&gt;\u00ae&lt;\/sub&gt; Expert Pro"}]},{"@type":"WebSite","@id":"https:\/\/energizerprofessional.eu\/fr\/#website","url":"https:\/\/energizerprofessional.eu\/fr\/","name":"Energizer Industrial","description":"","publisher":{"@id":"https:\/\/energizerprofessional.eu\/fr\/#organization"},"potentialAction":[{"@type":"SearchAction","target":{"@type":"EntryPoint","urlTemplate":"https:\/\/energizerprofessional.eu\/fr\/?s={search_term_string}"},"query-input":{"@type":"PropertyValueSpecification","valueRequired":true,"valueName":"search_term_string"}}],"inLanguage":"fr-FR"},{"@type":"Organization","@id":"https:\/\/energizerprofessional.eu\/fr\/#organization","name":"Energizer Industrial","url":"https:\/\/energizerprofessional.eu\/fr\/","logo":{"@type":"ImageObject","inLanguage":"fr-FR","@id":"https:\/\/energizerprofessional.eu\/fr\/#\/schema\/logo\/image\/","url":"\/wp-content\/uploads\/2020\/10\/logo.png","contentUrl":"\/wp-content\/uploads\/2020\/10\/logo.png","width":688,"height":317,"caption":"Energizer Industrial"},"image":{"@id":"https:\/\/energizerprofessional.eu\/fr\/#\/schema\/logo\/image\/"}}]}},"_links":{"self":[{"href":"https:\/\/energizerprofessional.eu\/fr\/wp-json\/wp\/v2\/product\/14179","targetHints":{"allow":["GET"]}}],"collection":[{"href":"https:\/\/energizerprofessional.eu\/fr\/wp-json\/wp\/v2\/product"}],"about":[{"href":"https:\/\/energizerprofessional.eu\/fr\/wp-json\/wp\/v2\/types\/product"}],"wp:featuredmedia":[{"embeddable":true,"href":"https:\/\/energizerprofessional.eu\/fr\/wp-json\/wp\/v2\/media\/10801"}],"wp:attachment":[{"href":"https:\/\/energizerprofessional.eu\/fr\/wp-json\/wp\/v2\/media?parent=14179"}],"wp:term":[{"taxonomy":"product_brand","embeddable":true,"href":"https:\/\/energizerprofessional.eu\/fr\/wp-json\/wp\/v2\/product_brand?post=14179"},{"taxonomy":"product_cat","embeddable":true,"href":"https:\/\/energizerprofessional.eu\/fr\/wp-json\/wp\/v2\/product_cat?post=14179"},{"taxonomy":"product_tag","embeddable":true,"href":"https:\/\/energizerprofessional.eu\/fr\/wp-json\/wp\/v2\/product_tag?post=14179"}],"curies":[{"name":"wp","href":"https:\/\/api.w.org\/{rel}","templated":true}]}}