{"id":19422,"date":"2023-11-30T09:31:06","date_gmt":"2023-11-30T09:31:06","guid":{"rendered":"https:\/\/energizerprofessional.eu\/?post_type=product&#038;p=19422"},"modified":"2024-01-24T11:34:57","modified_gmt":"2024-01-24T11:34:57","slug":"energizer-pro-series-tm-work-light","status":"publish","type":"product","link":"https:\/\/energizerprofessional.eu\/es\/producto\/energizer-pro-series-tm-work-light\/","title":{"rendered":"Linterna de trabajo <i>Energizer<\/i><sub>\u00ae<\/sub> Pro Series <sup>TM<\/sup>"},"content":{"rendered":"<p><div class=\"fusion-fullwidth fullwidth-box fusion-builder-row-1 fusion-flex-container nonhundred-percent-fullwidth non-hundred-percent-height-scrolling\" style=\"--awb-border-radius-top-left:0px;--awb-border-radius-top-right:0px;--awb-border-radius-bottom-right:0px;--awb-border-radius-bottom-left:0px;--awb-flex-wrap:wrap;\" ><div class=\"fusion-builder-row fusion-row fusion-flex-align-items-flex-start fusion-flex-content-wrap\" style=\"max-width:calc( 1364px + 18px );margin-left: calc(-18px \/ 2 );margin-right: calc(-18px \/ 2 );\"><div class=\"fusion-layout-column fusion_builder_column fusion-builder-column-0 fusion_builder_column_2_5 2_5 fusion-flex-column\" style=\"--awb-bg-size:cover;--awb-width-large:40%;--awb-margin-top-large:0px;--awb-spacing-right-large:9px;--awb-margin-bottom-large:20px;--awb-spacing-left-large:9px;--awb-width-medium:40%;--awb-order-medium:0;--awb-spacing-right-medium:9px;--awb-spacing-left-medium:9px;--awb-width-small:100%;--awb-order-small:0;--awb-spacing-right-small:9px;--awb-spacing-left-small:9px;\"><div class=\"fusion-column-wrapper fusion-column-has-shadow fusion-flex-justify-content-flex-start fusion-content-layout-column\"><div class=\"fusion-image-element \" style=\"text-align:center;--awb-caption-title-font-family:var(--h2_typography-font-family);--awb-caption-title-font-weight:var(--h2_typography-font-weight);--awb-caption-title-font-style:var(--h2_typography-font-style);--awb-caption-title-size:var(--h2_typography-font-size);--awb-caption-title-transform:var(--h2_typography-text-transform);--awb-caption-title-line-height:var(--h2_typography-line-height);--awb-caption-title-letter-spacing:var(--h2_typography-letter-spacing);\"><span class=\" fusion-imageframe imageframe-none imageframe-1 hover-type-none\"><img decoding=\"async\" width=\"333\" height=\"500\" title=\"FY23_ENR_YPWL31_Pro_Series_Work-Light_Lifestyle1\" src=\"https:\/\/energizerprofessional.eu\/wp-content\/uploads\/2023\/11\/FY23_ENR_YPWL31_Pro_Series_Work-Light_Lifestyle1.png\" alt class=\"img-responsive wp-image-19441\" srcset=\"https:\/\/energizerprofessional.eu\/wp-content\/uploads\/2023\/11\/FY23_ENR_YPWL31_Pro_Series_Work-Light_Lifestyle1-200x300.png 200w, https:\/\/energizerprofessional.eu\/wp-content\/uploads\/2023\/11\/FY23_ENR_YPWL31_Pro_Series_Work-Light_Lifestyle1.png 333w\" sizes=\"(max-width: 800px) 100vw, 333px\" \/><\/span><\/div><\/div><\/div><div class=\"fusion-layout-column fusion_builder_column fusion-builder-column-1 fusion_builder_column_3_5 3_5 fusion-flex-column single-flashlight-product-column\" style=\"--awb-bg-size:cover;--awb-width-large:60%;--awb-margin-top-large:0px;--awb-spacing-right-large:9px;--awb-margin-bottom-large:20px;--awb-spacing-left-large:9px;--awb-width-medium:60%;--awb-order-medium:0;--awb-spacing-right-medium:9px;--awb-spacing-left-medium:9px;--awb-width-small:100%;--awb-order-small:0;--awb-spacing-right-small:9px;--awb-spacing-left-small:9px;\"><div class=\"fusion-column-wrapper fusion-column-has-shadow fusion-flex-justify-content-flex-start fusion-content-layout-column\"><div class=\"fusion-title title fusion-title-1 fusion-sep-none fusion-title-text fusion-title-size-two flashlight-product-title\" style=\"--awb-margin-top-small:10px;--awb-margin-right-small:0px;--awb-margin-bottom-small:10px;--awb-margin-left-small:0px;--awb-font-size:45px;\"><h2 class=\"fusion-title-heading title-heading-left\" style=\"font-family:Arial, Helvetica, sans-serif;font-style:normal;font-weight:700;margin:0;font-size:1em;\"><h2><strong>Linterna de trabajo <i>Energizer<\/i><sub>\u00ae<\/sub> Pro Series<sub>\u00ae<\/sub> <\/strong><\/h2><\/h2><\/div><div class=\"fusion-text fusion-text-1\" style=\"--awb-font-size:21px;--awb-text-color:#000000;--awb-text-font-family:Arial, Helvetica, sans-serif;--awb-text-font-style:normal;--awb-text-font-weight:400;\"><p>La linterna de trabajo Energizer\u00ae\u00a0Pro Series\u2122 \u00b9 proporciona la versatilidad de un dispositivo de luz 2 en 1  : \u00a1una luz de \u00e1rea y una luz direccional! Tiene una potente tecnolog\u00eda led que incluye High CRI para una claridad de color de alta definici\u00f3n. Tambi\u00e9n es resistente al agua y al polvo (IP67) para soportar condiciones exigentes. Adem\u00e1s, esta linterna de trabajo proporciona la flexibilidad de la energ\u00eda h\u00edbrida para garantizar que siempre tengas energ\u00eda y luz cuando la necesitas, incluido un power bank con toma USB para cargar dispositivos. Construido con durabilidad y versatilidad en mente, esta linterna de trabajo incluye m\u00faltiples caracter\u00edsticas adicionales que incluyen un gancho para colgar, patas ajustables para dirigir la luz, mango antideslizante, adaptable a tr\u00edpode, imanes para sujeci\u00f3n y almacenamiento, y un indicador de vida de la bater\u00eda recargable \u00a1todo en uno!<\/p>\n<\/div><\/div><\/div><\/div><\/div><div class=\"fusion-fullwidth fullwidth-box fusion-builder-row-2 fusion-flex-container nonhundred-percent-fullwidth non-hundred-percent-height-scrolling\" style=\"--awb-border-radius-top-left:0px;--awb-border-radius-top-right:0px;--awb-border-radius-bottom-right:0px;--awb-border-radius-bottom-left:0px;--awb-flex-wrap:wrap;\" ><div class=\"fusion-builder-row fusion-row fusion-flex-align-items-flex-start fusion-flex-content-wrap\" style=\"max-width:calc( 1364px + 18px );margin-left: calc(-18px \/ 2 );margin-right: calc(-18px \/ 2 );\"><div class=\"fusion-layout-column fusion_builder_column fusion-builder-column-2 fusion_builder_column_1_1 1_1 fusion-flex-column tab-slide\" style=\"--awb-bg-size:cover;--awb-width-large:100%;--awb-margin-top-large:0px;--awb-spacing-right-large:9px;--awb-margin-bottom-large:20px;--awb-spacing-left-large:9px;--awb-width-medium:100%;--awb-order-medium:0;--awb-spacing-right-medium:9px;--awb-spacing-left-medium:9px;--awb-width-small:100%;--awb-order-small:0;--awb-spacing-right-small:9px;--awb-spacing-left-small:9px;\"><div class=\"fusion-column-wrapper fusion-column-has-shadow fusion-flex-justify-content-flex-start fusion-content-layout-column\"><div class=\"fusion-tabs fusion-tabs-1 clean nav-not-justified lithium-tab horizontal-tabs icon-position-left mobile-mode-accordion\" style=\"--awb-title-border-radius-top-left:0px;--awb-title-border-radius-top-right:0px;--awb-title-border-radius-bottom-right:0px;--awb-title-border-radius-bottom-left:0px;--awb-alignment:center;--awb-inactive-color:#92d14f;--awb-background-color:#ea212e;--awb-border-color:#e2e2e2;--awb-active-border-color:#000000;\"><div class=\"nav\"><ul class=\"nav-tabs\" role=\"tablist\"><li class=\"active\" role=\"presentation\"><a class=\"tab-link\" data-toggle=\"tab\" role=\"tab\" aria-controls=\"tab-42d057be94a83f4b2c9\" aria-selected=\"true\" id=\"fusion-tab-worklight(1000l\u00famenes)\" href=\"#tab-42d057be94a83f4b2c9\"><h4 class=\"fusion-tab-heading\">Work Light (1000 l\u00famenes)<\/h4><\/a><\/li><\/ul><\/div><div class=\"tab-content\"><div class=\"nav fusion-mobile-tab-nav\"><ul class=\"nav-tabs\" role=\"tablist\"><li class=\"active\" role=\"presentation\"><a class=\"tab-link\" data-toggle=\"tab\" role=\"tab\" aria-controls=\"tab-42d057be94a83f4b2c9\" aria-selected=\"true\" id=\"mobile-fusion-tab-worklight(1000l\u00famenes)\" href=\"#tab-42d057be94a83f4b2c9\"><h4 class=\"fusion-tab-heading\">Work Light (1000 l\u00famenes)<\/h4><\/a><\/li><\/ul><\/div><div class=\"tab-pane fade fusion-clearfix in active\" role=\"tabpanel\" tabindex=\"0\" aria-labelledby=\"fusion-tab-worklight(1000l\u00famenes)\" id=\"tab-42d057be94a83f4b2c9\">\n<div class=\"tab-slide\">\n<div class=\"fusion-slider-sc fusion-flexslider-loading flexslider flexslider-hover-type-none\" data-slideshow_autoplay=\"0\" data-slideshow_smooth_height=\"0\" data-slideshow_speed=\"7000\" style=\"max-width:100%;height:100%;\"><ul class=\"slides\">\n<li class=\"image\"><a class=\"lightbox-enabled fusion-lightbox\" data-rel=\"iLightbox[slider_carousel_1]\" href=\"\/wp-content\/uploads\/2023\/11\/ENR_ProSeries_YYPWL31P_HybridFL_UnitBox_HeroImage_FRONT_UPN-170845_EMEA.png\" target=\"_self\"><span class=\"fusion-image-hover-element hover-type-none\"><img decoding=\"async\" src=\"\/wp-content\/uploads\/2023\/11\/ENR_ProSeries_YYPWL31P_HybridFL_UnitBox_HeroImage_FRONT_UPN-170845_EMEA.png\" \/><\/span><\/a><\/li>\n<li class=\"image\"><a class=\"lightbox-enabled fusion-lightbox\" data-rel=\"iLightbox[slider_carousel_1]\" href=\"\/wp-content\/uploads\/2023\/11\/FY23_ENR_ProSeries_YPWL31-_HybridWorkLight_eCommerce_P07_AMZ_INTL.png\" target=\"_self\"><span class=\"fusion-image-hover-element hover-type-none\"><img decoding=\"async\" src=\"\/wp-content\/uploads\/2023\/11\/FY23_ENR_ProSeries_YPWL31-_HybridWorkLight_eCommerce_P07_AMZ_INTL.png\" \/><\/span><\/a><\/li>\n<li class=\"image\"><a class=\"lightbox-enabled fusion-lightbox\" data-rel=\"iLightbox[slider_carousel_1]\" href=\"\/wp-content\/uploads\/2023\/11\/FY23_ENR_ProSeries_YPWL31-_HybridWorkLight_eCommerce_P03_AMZ_INTL.png\" target=\"_self\"><span class=\"fusion-image-hover-element hover-type-none\"><img decoding=\"async\" src=\"\/wp-content\/uploads\/2023\/11\/FY23_ENR_ProSeries_YPWL31-_HybridWorkLight_eCommerce_P03_AMZ_INTL.png\" \/><\/span><\/a><\/li>\n<li class=\"image\"><a class=\"lightbox-enabled fusion-lightbox\" data-rel=\"iLightbox[slider_carousel_1]\" href=\"\/wp-content\/uploads\/2023\/11\/FY23_ENR_ProSeries_YPWL31-_HybridWorkLight_eCommerce_P05_AMZ_INTL.png\" target=\"_self\"><span class=\"fusion-image-hover-element hover-type-none\"><img decoding=\"async\" src=\"\/wp-content\/uploads\/2023\/11\/FY23_ENR_ProSeries_YPWL31-_HybridWorkLight_eCommerce_P05_AMZ_INTL.png\" \/><\/span><\/a><\/li>\n<li class=\"image\"><a class=\"lightbox-enabled fusion-lightbox\" data-rel=\"iLightbox[slider_carousel_1]\" href=\"\/wp-content\/uploads\/2023\/11\/work-light5.png\" target=\"_self\"><span class=\"fusion-image-hover-element hover-type-none\"><img decoding=\"async\" src=\"\/wp-content\/uploads\/2023\/11\/work-light5.png\" \/><\/span><\/a><\/li>\n<\/ul><\/div>\n<div style=\"float: left; color: #000000;\">\n<div class=\"fusion-text fusion-text-1 sku-number\" style=\"text-align: left; font-size: 14px; color: #6f6f6f; font-family: 'Arial, Helvetica, sans-serif'; font-weight: 400; padding-bottom: 10px;\"><\/div>\n<h2 style=\"font-size: 46px;\"><em>Energizer<\/em><sub>\u00ae<\/sub> Pro Series\u2122 &#8211; Work Light (1000 l\u00famenes)<\/h2>\n<ul style=\"font-size: 21px;\">\n<li>Alimentacion h\u00edbrida : Funciona con una bater\u00eda recargable de ion litio o con 3 pilas AA<\/li>\n<li>Vers\u00e1til 2 en 1 : Una luz de \u00e1rea (3 modos :alto, medio, bajo) y una luz direccional<\/li>\n<li>Alto \u00edndice de reproducci\u00f3n de color de 90+ para una calidad de color de alta definici\u00f3n<\/li>\n<li>Resistencia : 2m de ca\u00edda<\/li>\n<li>Resistente al agua y al polvo (IP67)<\/li>\n<li>Mango antideslizante<\/li>\n<li>Imanes para almacenamiento o para dejar manos libres<\/li>\n<li>Interruptor f\u00e1cil de pulsar<\/li>\n<li>gancho de suspensi\u00f3n<\/li>\n<li>tr\u00edpode adaptable<\/li>\n<li>Soporte para ajustar la luz directa<\/li>\n<li>power bank para cargar otros dispositivos<\/li>\n<li>Indicador de duraci\u00f3n de la bater\u00eda recargable<\/li>\n<li>CCT: 5000K<\/li>\n<li>Peso 805g<\/li>\n<li>94mmx92mmx225mm<\/li>\n<\/ul>\n<div class=\"fusion-video fusion-youtube\" style=\"--awb-max-width:600px;--awb-max-height:360px;\"><div class=\"video-shortcode\"><div class=\"fluid-width-video-wrapper\" style=\"padding-top:60%;\" ><iframe title=\"YouTube video player 1\" src=\"https:\/\/www.youtube.com\/embed\/V1yl4t_cBTQ?wmode=transparent&autoplay=0&amp;mute=1\" width=\"600\" height=\"360\" allowfullscreen allow=\"autoplay; clipboard-write; encrypted-media; gyroscope; picture-in-picture;\"><\/iframe><\/div><\/div><\/div>\n<div class=\"product-description-table-div\" style=\"margin-top: 20px!important;\">\n<table class=\"product-description-table\">\n<thead>\n<tr>\n<th align=\"left\"><\/th>\n<th align=\"left\">Modo<\/th>\n<th align=\"left\"><img decoding=\"async\" class=\"alignnone size-full wp-image-355\" src=\"\/wp-content\/uploads\/2020\/10\/Image_6.png\" alt=\"\" width=\"44\" height=\"43\"><\/p>\n<p>Salida de luz<\/th>\n<th align=\"left\"><img decoding=\"async\" class=\"alignnone size-full wp-image-357\" src=\"\/wp-content\/uploads\/2020\/10\/Image_7.png\" alt=\"\" width=\"44\" height=\"43\"><\/p>\n<p>Tiempo de ejecuci\u00f3n<\/th>\n<th align=\"left\"><img decoding=\"async\" class=\"alignnone wp-image-1273 size-full\" src=\"\/wp-content\/uploads\/2020\/11\/beam_distance.png\" alt=\"\" width=\"46\" height=\"46\"><\/p>\n<p>Distancia del haz<\/th>\n<th align=\"left\"><img decoding=\"async\" class=\"alignnone wp-image-359 size-full\" src=\"\/wp-content\/uploads\/2020\/10\/Image_8.png\" alt=\"\" width=\"46\" height=\"46\"><\/p>\n<p>Resistente a impactos<\/th>\n<th align=\"left\"><img decoding=\"async\" class=\"alignnone size-full wp-image-361\" src=\"\/wp-content\/uploads\/2020\/10\/Image_9.png\" alt=\"\" width=\"44\" height=\"43\"><\/p>\n<p>Resistente al agua<\/th>\n<\/tr>\n<\/thead>\n<tbody>\n<tr>\n<td rowspan=\"3\" align=\"left\">con la bater\u00eda recargable de ion litio<\/td>\n<td align=\"left\">Alto<\/td>\n<td align=\"left\">\u00a01000 l\u00famenes<\/td>\n<td align=\"left\">6 horas<\/td>\n<td align=\"left\"><\/td>\n<td rowspan=\"9\" align=\"left\">2 metros<\/td>\n<td rowspan=\"9\" align=\"left\">IP67<\/td>\n<\/tr>\n<tr>\n<td align=\"left\">Bajo<\/td>\n<td align=\"left\">100 l\u00famenes<\/td>\n<td align=\"left\">60 horas<\/td>\n<td align=\"left\">150 metros<\/td>\n<\/tr>\n<tr>\n<td height=\"20\">luz direcci\u00f3nal<\/td>\n<td>400 l\u00famenes<\/td>\n<td>15 horas<\/td>\n<td><\/td>\n<\/tr>\n<\/tbody>\n<\/table>\n<\/div>\n<\/div>\n<\/div>\n<\/div><\/div><\/div><\/div><\/div><\/div><\/div><div class=\"fusion-fullwidth fullwidth-box fusion-builder-row-3 fusion-flex-container nonhundred-percent-fullwidth non-hundred-percent-height-scrolling\" style=\"--awb-border-radius-top-left:0px;--awb-border-radius-top-right:0px;--awb-border-radius-bottom-right:0px;--awb-border-radius-bottom-left:0px;--awb-flex-wrap:wrap;\" ><div class=\"fusion-builder-row fusion-row fusion-flex-align-items-flex-start fusion-flex-content-wrap\" style=\"max-width:calc( 1364px + 18px );margin-left: calc(-18px \/ 2 );margin-right: calc(-18px \/ 2 );\"><\/div><\/div><\/p>\n","protected":false},"excerpt":{"rendered":"<div>\u00a1La linterna de trabajo Energizer\u00ae\u00a0Pro Series\u2122, proporciona la versatilidad de una luz de \u00e1rea o direccional con un dise\u00f1o de manos libres para dirigir la luz seg\u00fan sea necesario para cualquier tarea! Adem\u00e1s, se han incluido un gran n\u00famero de caracter\u00edsticas para ayudar a los profesionales a realizar el trabajo correcto! <\/div>\n<div>Conozca m\u00e1s sobre sobre\u00a0la linterna de trabajo Energizer\u00ae\u00a0Pro Series\u2122 <a style=\"color: #ffffff;\" href=\"\/es\/producto\/energizer-pro-series-tm-work-light\/\"> <u>aqu\u00ed<\/u><\/a><\/div>\n","protected":false},"featured_media":19428,"template":"","meta":[],"product_brand":[],"product_cat":[164,201],"product_tag":[],"class_list":{"0":"post-19422","1":"product","2":"type-product","3":"status-publish","4":"has-post-thumbnail","6":"product_cat-area-es","7":"product_cat-pro-series-es","9":"first","10":"instock","11":"shipping-taxable","12":"product-type-simple"},"yoast_head":"<!-- This site is optimized with the Yoast SEO plugin v27.2 - https:\/\/yoast.com\/product\/yoast-seo-wordpress\/ -->\n<title>Linterna de trabajo Energizer\u00ae Pro Series TM| Energizer Industrial<\/title>\n<meta name=\"description\" content=\"Linterna de trabajo Energizer\u00ae Pro Series TM\" \/>\n<meta name=\"robots\" content=\"index, follow, max-snippet:-1, max-image-preview:large, max-video-preview:-1\" \/>\n<link rel=\"canonical\" href=\"https:\/\/energizerprofessional.eu\/es\/producto\/energizer-pro-series-tm-work-light\/\" \/>\n<meta property=\"og:locale\" content=\"es_ES\" \/>\n<meta property=\"og:type\" content=\"article\" \/>\n<meta property=\"og:title\" content=\"Linterna de trabajo Energizer\u00ae Pro Series TM| Energizer Industrial\" \/>\n<meta property=\"og:description\" content=\"Linterna de trabajo Energizer\u00ae Pro Series TM\" \/>\n<meta property=\"og:url\" content=\"https:\/\/energizerprofessional.eu\/es\/producto\/energizer-pro-series-tm-work-light\/\" \/>\n<meta property=\"og:site_name\" content=\"Energizer Professional Europe\" \/>\n<meta property=\"article:modified_time\" content=\"2024-01-24T11:34:57+00:00\" \/>\n<meta property=\"og:image\" content=\"https:\/\/energizerprofessional.eu\/wp-content\/uploads\/2023\/11\/worklight.png\" \/>\n\t<meta property=\"og:image:width\" content=\"600\" \/>\n\t<meta property=\"og:image:height\" content=\"301\" \/>\n\t<meta property=\"og:image:type\" content=\"image\/png\" \/>\n<meta name=\"twitter:card\" content=\"summary_large_image\" \/>\n<meta name=\"twitter:label1\" content=\"Tiempo de lectura\" \/>\n\t<meta name=\"twitter:data1\" content=\"4 minutos\" \/>\n<script type=\"application\/ld+json\" class=\"yoast-schema-graph\">{\"@context\":\"https:\/\/schema.org\",\"@graph\":[{\"@type\":\"WebPage\",\"@id\":\"https:\/\/energizerprofessional.eu\/es\/producto\/energizer-pro-series-tm-work-light\/\",\"url\":\"https:\/\/energizerprofessional.eu\/es\/producto\/energizer-pro-series-tm-work-light\/\",\"name\":\"Linterna de trabajo Energizer\u00ae Pro Series TM| Energizer Industrial\",\"isPartOf\":{\"@id\":\"https:\/\/energizerprofessional.eu\/es\/#website\"},\"primaryImageOfPage\":{\"@id\":\"https:\/\/energizerprofessional.eu\/es\/producto\/energizer-pro-series-tm-work-light\/#primaryimage\"},\"image\":{\"@id\":\"https:\/\/energizerprofessional.eu\/es\/producto\/energizer-pro-series-tm-work-light\/#primaryimage\"},\"thumbnailUrl\":\"https:\/\/energizerprofessional.eu\/wp-content\/uploads\/2023\/11\/worklight.png\",\"datePublished\":\"2023-11-30T09:31:06+00:00\",\"dateModified\":\"2024-01-24T11:34:57+00:00\",\"description\":\"Linterna de trabajo Energizer\u00ae Pro Series TM\",\"breadcrumb\":{\"@id\":\"https:\/\/energizerprofessional.eu\/es\/producto\/energizer-pro-series-tm-work-light\/#breadcrumb\"},\"inLanguage\":\"es\",\"potentialAction\":[{\"@type\":\"ReadAction\",\"target\":[\"https:\/\/energizerprofessional.eu\/es\/producto\/energizer-pro-series-tm-work-light\/\"]}]},{\"@type\":\"ImageObject\",\"inLanguage\":\"es\",\"@id\":\"https:\/\/energizerprofessional.eu\/es\/producto\/energizer-pro-series-tm-work-light\/#primaryimage\",\"url\":\"https:\/\/energizerprofessional.eu\/wp-content\/uploads\/2023\/11\/worklight.png\",\"contentUrl\":\"https:\/\/energizerprofessional.eu\/wp-content\/uploads\/2023\/11\/worklight.png\",\"width\":600,\"height\":301},{\"@type\":\"BreadcrumbList\",\"@id\":\"https:\/\/energizerprofessional.eu\/es\/producto\/energizer-pro-series-tm-work-light\/#breadcrumb\",\"itemListElement\":[{\"@type\":\"ListItem\",\"position\":1,\"name\":\"Home\",\"item\":\"https:\/\/energizerprofessional.eu\/es\/\"},{\"@type\":\"ListItem\",\"position\":2,\"name\":\"Priv\u00e9\u00a0: Shop\",\"item\":\"https:\/\/energizerprofessional.eu\/shop\/\"},{\"@type\":\"ListItem\",\"position\":3,\"name\":\"Linterna de trabajo Energizer\u00ae Pro Series TM\"}]},{\"@type\":\"WebSite\",\"@id\":\"https:\/\/energizerprofessional.eu\/es\/#website\",\"url\":\"https:\/\/energizerprofessional.eu\/es\/\",\"name\":\"Energizer Industrial\",\"description\":\"\",\"publisher\":{\"@id\":\"https:\/\/energizerprofessional.eu\/es\/#organization\"},\"potentialAction\":[{\"@type\":\"SearchAction\",\"target\":{\"@type\":\"EntryPoint\",\"urlTemplate\":\"https:\/\/energizerprofessional.eu\/es\/?s={search_term_string}\"},\"query-input\":{\"@type\":\"PropertyValueSpecification\",\"valueRequired\":true,\"valueName\":\"search_term_string\"}}],\"inLanguage\":\"es\"},{\"@type\":\"Organization\",\"@id\":\"https:\/\/energizerprofessional.eu\/es\/#organization\",\"name\":\"Energizer Industrial\",\"url\":\"https:\/\/energizerprofessional.eu\/es\/\",\"logo\":{\"@type\":\"ImageObject\",\"inLanguage\":\"es\",\"@id\":\"https:\/\/energizerprofessional.eu\/es\/#\/schema\/logo\/image\/\",\"url\":\"\/wp-content\/uploads\/2020\/10\/logo.png\",\"contentUrl\":\"\/wp-content\/uploads\/2020\/10\/logo.png\",\"width\":688,\"height\":317,\"caption\":\"Energizer Industrial\"},\"image\":{\"@id\":\"https:\/\/energizerprofessional.eu\/es\/#\/schema\/logo\/image\/\"}}]}<\/script>\n<!-- \/ Yoast SEO plugin. -->","yoast_head_json":{"title":"Linterna de trabajo Energizer\u00ae Pro Series TM| Energizer Industrial","description":"Linterna de trabajo Energizer\u00ae Pro Series TM","robots":{"index":"index","follow":"follow","max-snippet":"max-snippet:-1","max-image-preview":"max-image-preview:large","max-video-preview":"max-video-preview:-1"},"canonical":"https:\/\/energizerprofessional.eu\/es\/producto\/energizer-pro-series-tm-work-light\/","og_locale":"es_ES","og_type":"article","og_title":"Linterna de trabajo Energizer\u00ae Pro Series TM| Energizer Industrial","og_description":"Linterna de trabajo Energizer\u00ae Pro Series TM","og_url":"https:\/\/energizerprofessional.eu\/es\/producto\/energizer-pro-series-tm-work-light\/","og_site_name":"Energizer Professional Europe","article_modified_time":"2024-01-24T11:34:57+00:00","og_image":[{"width":600,"height":301,"url":"https:\/\/energizerprofessional.eu\/wp-content\/uploads\/2023\/11\/worklight.png","type":"image\/png"}],"twitter_card":"summary_large_image","twitter_misc":{"Tiempo de lectura":"4 minutos"},"schema":{"@context":"https:\/\/schema.org","@graph":[{"@type":"WebPage","@id":"https:\/\/energizerprofessional.eu\/es\/producto\/energizer-pro-series-tm-work-light\/","url":"https:\/\/energizerprofessional.eu\/es\/producto\/energizer-pro-series-tm-work-light\/","name":"Linterna de trabajo Energizer\u00ae Pro Series TM| Energizer Industrial","isPartOf":{"@id":"https:\/\/energizerprofessional.eu\/es\/#website"},"primaryImageOfPage":{"@id":"https:\/\/energizerprofessional.eu\/es\/producto\/energizer-pro-series-tm-work-light\/#primaryimage"},"image":{"@id":"https:\/\/energizerprofessional.eu\/es\/producto\/energizer-pro-series-tm-work-light\/#primaryimage"},"thumbnailUrl":"https:\/\/energizerprofessional.eu\/wp-content\/uploads\/2023\/11\/worklight.png","datePublished":"2023-11-30T09:31:06+00:00","dateModified":"2024-01-24T11:34:57+00:00","description":"Linterna de trabajo Energizer\u00ae Pro Series TM","breadcrumb":{"@id":"https:\/\/energizerprofessional.eu\/es\/producto\/energizer-pro-series-tm-work-light\/#breadcrumb"},"inLanguage":"es","potentialAction":[{"@type":"ReadAction","target":["https:\/\/energizerprofessional.eu\/es\/producto\/energizer-pro-series-tm-work-light\/"]}]},{"@type":"ImageObject","inLanguage":"es","@id":"https:\/\/energizerprofessional.eu\/es\/producto\/energizer-pro-series-tm-work-light\/#primaryimage","url":"https:\/\/energizerprofessional.eu\/wp-content\/uploads\/2023\/11\/worklight.png","contentUrl":"https:\/\/energizerprofessional.eu\/wp-content\/uploads\/2023\/11\/worklight.png","width":600,"height":301},{"@type":"BreadcrumbList","@id":"https:\/\/energizerprofessional.eu\/es\/producto\/energizer-pro-series-tm-work-light\/#breadcrumb","itemListElement":[{"@type":"ListItem","position":1,"name":"Home","item":"https:\/\/energizerprofessional.eu\/es\/"},{"@type":"ListItem","position":2,"name":"Priv\u00e9\u00a0: Shop","item":"https:\/\/energizerprofessional.eu\/shop\/"},{"@type":"ListItem","position":3,"name":"Linterna de trabajo Energizer\u00ae Pro Series TM"}]},{"@type":"WebSite","@id":"https:\/\/energizerprofessional.eu\/es\/#website","url":"https:\/\/energizerprofessional.eu\/es\/","name":"Energizer Industrial","description":"","publisher":{"@id":"https:\/\/energizerprofessional.eu\/es\/#organization"},"potentialAction":[{"@type":"SearchAction","target":{"@type":"EntryPoint","urlTemplate":"https:\/\/energizerprofessional.eu\/es\/?s={search_term_string}"},"query-input":{"@type":"PropertyValueSpecification","valueRequired":true,"valueName":"search_term_string"}}],"inLanguage":"es"},{"@type":"Organization","@id":"https:\/\/energizerprofessional.eu\/es\/#organization","name":"Energizer Industrial","url":"https:\/\/energizerprofessional.eu\/es\/","logo":{"@type":"ImageObject","inLanguage":"es","@id":"https:\/\/energizerprofessional.eu\/es\/#\/schema\/logo\/image\/","url":"\/wp-content\/uploads\/2020\/10\/logo.png","contentUrl":"\/wp-content\/uploads\/2020\/10\/logo.png","width":688,"height":317,"caption":"Energizer Industrial"},"image":{"@id":"https:\/\/energizerprofessional.eu\/es\/#\/schema\/logo\/image\/"}}]}},"_links":{"self":[{"href":"https:\/\/energizerprofessional.eu\/es\/wp-json\/wp\/v2\/product\/19422","targetHints":{"allow":["GET"]}}],"collection":[{"href":"https:\/\/energizerprofessional.eu\/es\/wp-json\/wp\/v2\/product"}],"about":[{"href":"https:\/\/energizerprofessional.eu\/es\/wp-json\/wp\/v2\/types\/product"}],"wp:featuredmedia":[{"embeddable":true,"href":"https:\/\/energizerprofessional.eu\/es\/wp-json\/wp\/v2\/media\/19428"}],"wp:attachment":[{"href":"https:\/\/energizerprofessional.eu\/es\/wp-json\/wp\/v2\/media?parent=19422"}],"wp:term":[{"taxonomy":"product_brand","embeddable":true,"href":"https:\/\/energizerprofessional.eu\/es\/wp-json\/wp\/v2\/product_brand?post=19422"},{"taxonomy":"product_cat","embeddable":true,"href":"https:\/\/energizerprofessional.eu\/es\/wp-json\/wp\/v2\/product_cat?post=19422"},{"taxonomy":"product_tag","embeddable":true,"href":"https:\/\/energizerprofessional.eu\/es\/wp-json\/wp\/v2\/product_tag?post=19422"}],"curies":[{"name":"wp","href":"https:\/\/api.w.org\/{rel}","templated":true}]}}