{"id":14190,"date":"2020-11-13T14:53:12","date_gmt":"2020-11-13T14:53:12","guid":{"rendered":"https:\/\/staging.energizerindustrial.eu\/product\/luz-de-area-energizer-expert-pro\/"},"modified":"2022-02-18T12:46:05","modified_gmt":"2022-02-18T12:46:05","slug":"energizer-expert-pro-area-luz","status":"publish","type":"product","link":"https:\/\/energizerprofessional.eu\/es\/producto\/energizer-expert-pro-area-luz\/","title":{"rendered":"Luz de \u00e1rea Expert Pro <i>Energizer<\/i><sub>\u00ae<\/sub>"},"content":{"rendered":"<p><div class=\"fusion-fullwidth fullwidth-box fusion-builder-row-1 fusion-flex-container nonhundred-percent-fullwidth non-hundred-percent-height-scrolling\" style=\"--awb-border-radius-top-left:0px;--awb-border-radius-top-right:0px;--awb-border-radius-bottom-right:0px;--awb-border-radius-bottom-left:0px;--awb-flex-wrap:wrap;\" ><div class=\"fusion-builder-row fusion-row fusion-flex-align-items-flex-start fusion-flex-content-wrap\" style=\"max-width:calc( 1364px + 18px );margin-left: calc(-18px \/ 2 );margin-right: calc(-18px \/ 2 );\"><div class=\"fusion-layout-column fusion_builder_column fusion-builder-column-0 fusion_builder_column_2_5 2_5 fusion-flex-column\" style=\"--awb-bg-size:cover;--awb-width-large:40%;--awb-margin-top-large:0px;--awb-spacing-right-large:9px;--awb-margin-bottom-large:20px;--awb-spacing-left-large:9px;--awb-width-medium:40%;--awb-order-medium:0;--awb-spacing-right-medium:9px;--awb-spacing-left-medium:9px;--awb-width-small:100%;--awb-order-small:0;--awb-spacing-right-small:9px;--awb-spacing-left-small:9px;\"><div class=\"fusion-column-wrapper fusion-column-has-shadow fusion-flex-justify-content-flex-start fusion-content-layout-column\"><div class=\"fusion-image-element \" style=\"text-align:right;--awb-margin-right:20px;--awb-max-width:320px;--awb-caption-title-font-family:var(--h2_typography-font-family);--awb-caption-title-font-weight:var(--h2_typography-font-weight);--awb-caption-title-font-style:var(--h2_typography-font-style);--awb-caption-title-size:var(--h2_typography-font-size);--awb-caption-title-transform:var(--h2_typography-text-transform);--awb-caption-title-line-height:var(--h2_typography-line-height);--awb-caption-title-letter-spacing:var(--h2_typography-letter-spacing);\"><span class=\" fusion-imageframe imageframe-none imageframe-1 hover-type-none\"><img decoding=\"async\" width=\"732\" height=\"732\" alt=\"Luz Energizer Expert Pro\" title=\"Visuel Expert LED ficha Energie\" src=\"\/wp-content\/uploads\/2020\/11\/Visuel-Expert-LED-fiche-Energie.jpg\" class=\"img-responsive wp-image-10489\" srcset=\"https:\/\/energizerprofessional.eu\/wp-content\/uploads\/2020\/11\/Visuel-Expert-LED-fiche-Energie-200x200.jpg 200w, https:\/\/energizerprofessional.eu\/wp-content\/uploads\/2020\/11\/Visuel-Expert-LED-fiche-Energie-400x400.jpg 400w, https:\/\/energizerprofessional.eu\/wp-content\/uploads\/2020\/11\/Visuel-Expert-LED-fiche-Energie-600x600.jpg 600w, https:\/\/energizerprofessional.eu\/wp-content\/uploads\/2020\/11\/Visuel-Expert-LED-fiche-Energie.jpg 732w\" sizes=\"(max-width: 800px) 100vw, 600px\" \/><\/span><\/div><\/div><\/div><div class=\"fusion-layout-column fusion_builder_column fusion-builder-column-1 fusion_builder_column_3_5 3_5 fusion-flex-column single-flashlight-product-column\" style=\"--awb-padding-left:5%;--awb-bg-size:cover;--awb-width-large:60%;--awb-margin-top-large:0px;--awb-spacing-right-large:9px;--awb-margin-bottom-large:20px;--awb-spacing-left-large:9px;--awb-width-medium:60%;--awb-order-medium:0;--awb-spacing-right-medium:9px;--awb-spacing-left-medium:9px;--awb-width-small:100%;--awb-order-small:0;--awb-spacing-right-small:9px;--awb-spacing-left-small:9px;\"><div class=\"fusion-column-wrapper fusion-column-has-shadow fusion-flex-justify-content-flex-start fusion-content-layout-column\"><div class=\"fusion-title title fusion-title-1 fusion-sep-none fusion-title-text fusion-title-size-two flashlight-product-title\" style=\"--awb-margin-top-small:10px;--awb-margin-right-small:0px;--awb-margin-bottom-small:10px;--awb-margin-left-small:0px;--awb-font-size:45px;\"><h2 class=\"fusion-title-heading title-heading-left\" style=\"font-family:Arial, Helvetica, sans-serif;font-style:normal;font-weight:700;margin:0;font-size:1em;\"><h2><strong>Expert Pro LED <em>Energizer<\/em><sub>\u00ae<\/sub><\/strong><\/h2><\/h2><\/div><div class=\"fusion-text fusion-text-1\" style=\"--awb-font-size:21px;--awb-text-transform:none;--awb-text-color:#000000;--awb-text-font-family:Arial, Helvetica, sans-serif;--awb-text-font-style:normal;--awb-text-font-weight:400;\"><p style=\"max-width: 75%; margin-top: 2em;\">Con 140\u00b0 para dirigir la luz donde la necesite, una colocaci\u00f3n sencilla de la pila, con base resistente y m\u00faltiples modos de luz, la linterna LED Expert Pro es una herramienta vers\u00e1til lista para diversas aplicaciones de trabajo.<\/p>\n<\/div><\/div><\/div><div class=\"fusion-layout-column fusion_builder_column fusion-builder-column-2 fusion_builder_column_1_1 1_1 fusion-flex-column\" style=\"--awb-bg-size:cover;--awb-width-large:100%;--awb-margin-top-large:0px;--awb-spacing-right-large:9px;--awb-margin-bottom-large:20px;--awb-spacing-left-large:9px;--awb-width-medium:100%;--awb-order-medium:0;--awb-spacing-right-medium:9px;--awb-spacing-left-medium:9px;--awb-width-small:100%;--awb-order-small:0;--awb-spacing-right-small:9px;--awb-spacing-left-small:9px;\"><div class=\"fusion-column-wrapper fusion-column-has-shadow fusion-flex-justify-content-flex-start fusion-content-layout-column\"><div class=\"fusion-separator fusion-no-small-visibility fusion-no-medium-visibility fusion-full-width-sep\" style=\"align-self: center;margin-left: auto;margin-right: auto;margin-top:25px;width:100%;\"><\/div><\/div><\/div><\/div><\/div><div class=\"fusion-fullwidth fullwidth-box fusion-builder-row-2 fusion-flex-container nonhundred-percent-fullwidth non-hundred-percent-height-scrolling\" style=\"--awb-border-radius-top-left:0px;--awb-border-radius-top-right:0px;--awb-border-radius-bottom-right:0px;--awb-border-radius-bottom-left:0px;--awb-flex-wrap:wrap;\" ><div class=\"fusion-builder-row fusion-row fusion-flex-align-items-flex-start fusion-flex-content-wrap\" style=\"max-width:calc( 1364px + 18px );margin-left: calc(-18px \/ 2 );margin-right: calc(-18px \/ 2 );\"><div class=\"fusion-layout-column fusion_builder_column fusion-builder-column-3 fusion_builder_column_2_5 2_5 fusion-flex-column tab-slide\" style=\"--awb-padding-left:30%;--awb-bg-size:cover;--awb-width-large:40%;--awb-margin-top-large:0px;--awb-spacing-right-large:9px;--awb-margin-bottom-large:20px;--awb-spacing-left-large:9px;--awb-width-medium:40%;--awb-order-medium:0;--awb-spacing-right-medium:9px;--awb-spacing-left-medium:9px;--awb-width-small:100%;--awb-order-small:0;--awb-spacing-right-small:9px;--awb-spacing-left-small:9px;\"><div class=\"fusion-column-wrapper fusion-column-has-shadow fusion-flex-justify-content-flex-start fusion-content-layout-column\"><div class=\"fusion-slider-sc\"><div class=\"fusion-flexslider-loading flexslider flexslider-hover-type-none\" data-slideshow_autoplay=\"1\" data-slideshow_smooth_height=\"0\" data-slideshow_speed=\"7000\" style=\"max-width:100%;height:100%;\"><ul class=\"slides\"><li class=\"image\"><a class=\"lightbox-enabled fusion-lightbox\" data-rel=\"iLightbox[slider_carousel_1]\" title=\"ENR_Expert_Pro_LED_Lantern_GRD1LB_Angle_Right_hi-600&#215;770\" data-title=\"ENR_Expert_Pro_LED_Lantern_GRD1LB_Angle_Right_hi-600&#215;770\" aria-label=\"ENR_Expert_Pro_LED_Lantern_GRD1LB_Angle_Right_hi-600&#215;770\" href=\"\/wp-content\/uploads\/2021\/11\/ENR_Expert_Pro_LED_Lantern_GRD1LB_Angle_Right_hi-600x770-1.png\" target=\"_self\"><span class=\"fusion-image-hover-element hover-type-none\"><img decoding=\"async\" src=\"\/wp-content\/uploads\/2021\/11\/ENR_Expert_Pro_LED_Lantern_GRD1LB_Angle_Right_hi-600x770-1.png\" width=\"600\" height=\"600\" class=\"wp-image-12710\" srcset=\"https:\/\/energizerprofessional.eu\/wp-content\/uploads\/2021\/11\/ENR_Expert_Pro_LED_Lantern_GRD1LB_Angle_Right_hi-600x770-1-200x200.png 200w, https:\/\/energizerprofessional.eu\/wp-content\/uploads\/2021\/11\/ENR_Expert_Pro_LED_Lantern_GRD1LB_Angle_Right_hi-600x770-1-400x400.png 400w, https:\/\/energizerprofessional.eu\/wp-content\/uploads\/2021\/11\/ENR_Expert_Pro_LED_Lantern_GRD1LB_Angle_Right_hi-600x770-1.png 600w\" sizes=\"(max-width: 800px) 100vw, 400px\" \/><\/span><\/a><\/li><li class=\"image\"><a class=\"lightbox-enabled fusion-lightbox\" data-rel=\"iLightbox[slider_carousel_1]\" title=\"rigth-side\" data-title=\"rigth-side\" aria-label=\"rigth-side\" href=\"\/wp-content\/uploads\/2021\/11\/lado derecho.png\" target=\"_self\"><span class=\"fusion-image-hover-element hover-type-none\"><img decoding=\"async\" src=\"\/wp-content\/uploads\/2021\/11\/rigth-side.png\" width=\"600\" height=\"600\" class=\"wp-image-12644\" srcset=\"https:\/\/energizerprofessional.eu\/wp-content\/uploads\/2021\/11\/rigth-side-200x200.png 200w, https:\/\/energizerprofessional.eu\/wp-content\/uploads\/2021\/11\/rigth-side-400x400.png 400w, https:\/\/energizerprofessional.eu\/wp-content\/uploads\/2021\/11\/rigth-side.png 600w\" sizes=\"(max-width: 800px) 100vw, 400px\" \/><\/span><\/a><\/li><li class=\"image\"><a class=\"lightbox-enabled fusion-lightbox\" data-rel=\"iLightbox[slider_carousel_1]\" title=\"left-side\" data-title=\"left-side\" aria-label=\"left-side\" href=\"\/wp-content\/uploads\/2021\/11\/lado izquierdo.png\" target=\"_self\"><span class=\"fusion-image-hover-element hover-type-none\"><img decoding=\"async\" src=\"\/wp-content\/uploads\/2021\/11\/left-side.png\" width=\"600\" height=\"600\" class=\"wp-image-12638\" srcset=\"https:\/\/energizerprofessional.eu\/wp-content\/uploads\/2021\/11\/left-side-200x200.png 200w, https:\/\/energizerprofessional.eu\/wp-content\/uploads\/2021\/11\/left-side-400x400.png 400w, https:\/\/energizerprofessional.eu\/wp-content\/uploads\/2021\/11\/left-side.png 600w\" sizes=\"(max-width: 800px) 100vw, 400px\" \/><\/span><\/a><\/li><li class=\"image\"><a class=\"lightbox-enabled fusion-lightbox\" data-rel=\"iLightbox[slider_carousel_1]\" title=\"side-on\" data-title=\"side-on\" aria-label=\"side-on\" href=\"\/wp-content\/uploads\/2021\/11\/side-on.png\" target=\"_self\"><span class=\"fusion-image-hover-element hover-type-none\"><img decoding=\"async\" src=\"\/wp-content\/uploads\/2021\/11\/side-on.png\" width=\"600\" height=\"600\" class=\"wp-image-12632\" srcset=\"https:\/\/energizerprofessional.eu\/wp-content\/uploads\/2021\/11\/side-on-200x200.png 200w, https:\/\/energizerprofessional.eu\/wp-content\/uploads\/2021\/11\/side-on-400x400.png 400w, https:\/\/energizerprofessional.eu\/wp-content\/uploads\/2021\/11\/side-on.png 600w\" sizes=\"(max-width: 800px) 100vw, 400px\" \/><\/span><\/a><\/li><\/ul><\/div><\/div><\/div><\/div><div class=\"fusion-layout-column fusion_builder_column fusion-builder-column-4 fusion_builder_column_3_5 3_5 fusion-flex-column\" style=\"--awb-padding-top:5%;--awb-bg-size:cover;--awb-width-large:60%;--awb-margin-top-large:0px;--awb-spacing-right-large:9px;--awb-margin-bottom-large:20px;--awb-spacing-left-large:9px;--awb-width-medium:60%;--awb-order-medium:0;--awb-spacing-right-medium:9px;--awb-spacing-left-medium:9px;--awb-width-small:100%;--awb-order-small:0;--awb-spacing-right-small:9px;--awb-spacing-left-small:9px;\"><div class=\"fusion-column-wrapper fusion-column-has-shadow fusion-flex-justify-content-flex-start fusion-content-layout-column\"><div class=\"fusion-title title fusion-title-2 fusion-sep-none fusion-title-text fusion-title-size-three\" style=\"--awb-margin-top-small:10px;--awb-margin-right-small:0px;--awb-margin-bottom-small:10px;--awb-margin-left-small:0px;--awb-font-size:45px;\"><h3 class=\"fusion-title-heading title-heading-left\" style=\"font-family:Arial, Helvetica, sans-serif;font-style:normal;font-weight:400;margin:0;font-size:1em;\"><strong>Destacados<\/strong><\/h3><\/div><div class=\"fusion-text fusion-text-2\" style=\"--awb-font-size:21px;--awb-text-transform:none;--awb-text-color:#000000;--awb-text-font-family:Arial, Helvetica, sans-serif;--awb-text-font-style:normal;--awb-text-font-weight:400;\"><ul>\n<li>Dise\u00f1o de aleaci\u00f3n fuerte<\/li>\n<li>Agarre excepcional<\/li>\n<li>La cabeza gira 140\u00b0 para dirigir la luz donde la necesite<\/li>\n<li>Interruptor de bot\u00f3n f\u00e1cil de usar<\/li>\n<li>Cambio de pila sencillo<\/li>\n<li>Horas de ejecuci\u00f3n<\/li>\n<li>3 modos de luz:\n<ul>\n<li>Bajo (haz ancho) gracias a 3 LED perif\u00e9ricos<\/li>\n<li>Moderado (haz concentrado) gracias a un LED central de modo alto<\/li>\n<li>Alto (concentrado + haz ancho) con sus 4 LEDs<\/li>\n<\/ul>\n<\/li>\n<li>Dimensiones: (Al) 288x (An) 280x (Pr) 93 mm<\/li>\n<li>Peso 1990g<\/li>\n<\/ul>\n<\/div><div class=\"fusion-text fusion-text-3\" style=\"--awb-text-transform:none;\"><div class=\"product-description-table-div\">\n<table class=\"product-description-table\">\n<thead>\n<tr>\n<th align=\"left\">Modo<\/th>\n<th align=\"left\"><img decoding=\"async\" class=\"alignnone size-full wp-image-355\" src=\"\/wp-content\/uploads\/2020\/10\/Image_6.png\" alt=\"\" width=\"44\" height=\"43\"><\/p>\n<p>Salida de luz<\/th>\n<th align=\"left\"><img decoding=\"async\" class=\"alignnone size-full wp-image-357\" src=\"\/wp-content\/uploads\/2020\/10\/Image_7.png\" alt=\"\" width=\"44\" height=\"43\"><\/p>\n<p>Tiempo de ejecuci\u00f3n<\/th>\n<th align=\"left\"><img decoding=\"async\" class=\"alignnone size-full wp-image-359\" src=\"\/wp-content\/uploads\/2020\/10\/Image_8.png\" alt=\"\" width=\"44\" height=\"43\"><\/p>\n<p>Resistencia al impacto<\/th>\n<th align=\"left\"><img decoding=\"async\" class=\"alignnone size-full wp-image-361\" src=\"\/wp-content\/uploads\/2020\/10\/Image_9.png\" alt=\"\" width=\"44\" height=\"43\"><\/p>\n<p>Resistencia al agua<\/th>\n<\/tr>\n<\/thead>\n<tbody>\n<tr>\n<td align=\"left\">Elevado<\/td>\n<td align=\"left\">500 l\u00famenes<\/td>\n<td align=\"left\">40 horas<\/td>\n<td align=\"left\">1 metro<\/td>\n<td align=\"left\">IPX4<\/td>\n<\/tr>\n<tr>\n<td align=\"left\">Bajo<\/td>\n<td align=\"left\">250 l\u00famenes<\/td>\n<td align=\"left\">120<\/td>\n<td align=\"left\">2 metros<\/td>\n<td align=\"left\">IPX4<\/td>\n<\/tr>\n<\/tbody>\n<\/table>\n<\/div>\n<\/div><\/div><\/div><\/div><\/div><div class=\"fusion-fullwidth fullwidth-box fusion-builder-row-3 fusion-flex-container nonhundred-percent-fullwidth non-hundred-percent-height-scrolling\" style=\"--awb-border-radius-top-left:0px;--awb-border-radius-top-right:0px;--awb-border-radius-bottom-right:0px;--awb-border-radius-bottom-left:0px;--awb-flex-wrap:wrap;\" ><div class=\"fusion-builder-row fusion-row fusion-flex-align-items-flex-start fusion-flex-content-wrap\" style=\"max-width:calc( 1364px + 18px );margin-left: calc(-18px \/ 2 );margin-right: calc(-18px \/ 2 );\"><div class=\"fusion-layout-column fusion_builder_column fusion-builder-column-5 fusion_builder_column_1_1 1_1 fusion-flex-column\" style=\"--awb-bg-size:cover;--awb-width-large:100%;--awb-margin-top-large:0px;--awb-spacing-right-large:9px;--awb-margin-bottom-large:0px;--awb-spacing-left-large:9px;--awb-width-medium:100%;--awb-spacing-right-medium:9px;--awb-spacing-left-medium:9px;--awb-width-small:100%;--awb-spacing-right-small:9px;--awb-spacing-left-small:9px;\"><div class=\"fusion-column-wrapper fusion-flex-justify-content-flex-start fusion-content-layout-column\"><div class=\"fusion-text fusion-text-4\"><\/div><\/div><\/div><\/div><\/div><\/p>\n","protected":false},"excerpt":{"rendered":"<p>Este potente foco orientable de larga distancia ilumina las zonas m\u00e1s oscuras.<\/p>\n<p><a style=\"color: #ffffff;\" href=\"\/es\/producto\/energizer-expert-pro-area-luz\/\"><u>M\u00e1s informaci\u00f3n<\/u><\/a><\/p>\n","protected":false},"featured_media":10805,"template":"","meta":[],"product_brand":[],"product_cat":[164,151],"product_tag":[],"class_list":{"0":"post-14190","1":"product","2":"type-product","3":"status-publish","4":"has-post-thumbnail","6":"product_cat-area-es","7":"product_cat-luces","9":"first","10":"instock","11":"shipping-taxable","12":"product-type-simple"},"yoast_head":"<!-- This site is optimized with the Yoast SEO plugin v27.2 - https:\/\/yoast.com\/product\/yoast-seo-wordpress\/ -->\n<title>Luz LED Energizer Expert Pro | Energizer Industrial<\/title>\n<meta name=\"description\" content=\"La linterna LED Expert Pro es una herramienta vers\u00e1til lista para diversas aplicaciones de trabajo. \u00a1M\u00e1s informaci\u00f3n!\" \/>\n<meta name=\"robots\" content=\"index, follow, max-snippet:-1, max-image-preview:large, max-video-preview:-1\" \/>\n<link rel=\"canonical\" href=\"https:\/\/energizerprofessional.eu\/es\/producto\/energizer-expert-pro-area-luz\/\" \/>\n<meta property=\"og:locale\" content=\"es_ES\" \/>\n<meta property=\"og:type\" content=\"article\" \/>\n<meta property=\"og:title\" content=\"Luz LED Energizer Expert Pro | Energizer Industrial\" \/>\n<meta property=\"og:description\" content=\"La linterna LED Expert Pro es una herramienta vers\u00e1til lista para diversas aplicaciones de trabajo. \u00a1M\u00e1s informaci\u00f3n!\" \/>\n<meta property=\"og:url\" content=\"https:\/\/energizerprofessional.eu\/es\/producto\/energizer-expert-pro-area-luz\/\" \/>\n<meta property=\"og:site_name\" content=\"Energizer Professional Europe\" \/>\n<meta property=\"article:modified_time\" content=\"2022-02-18T12:46:05+00:00\" \/>\n<meta property=\"og:image\" content=\"https:\/\/energizerprofessional.eu\/wp-content\/uploads\/2020\/11\/v3ENR_Expert_Pro_LED_Lantern_GRD1LB_Angle_Right_hi1.png\" \/>\n\t<meta property=\"og:image:width\" content=\"403\" \/>\n\t<meta property=\"og:image:height\" content=\"587\" \/>\n\t<meta property=\"og:image:type\" content=\"image\/png\" \/>\n<meta name=\"twitter:card\" content=\"summary_large_image\" \/>\n<meta name=\"twitter:label1\" content=\"Tiempo de lectura\" \/>\n\t<meta name=\"twitter:data1\" content=\"15 minutos\" \/>\n<script type=\"application\/ld+json\" class=\"yoast-schema-graph\">{\"@context\":\"https:\/\/schema.org\",\"@graph\":[{\"@type\":\"WebPage\",\"@id\":\"https:\/\/energizerprofessional.eu\/es\/producto\/energizer-expert-pro-area-luz\/\",\"url\":\"https:\/\/energizerprofessional.eu\/es\/producto\/energizer-expert-pro-area-luz\/\",\"name\":\"Luz LED Energizer Expert Pro | Energizer Industrial\",\"isPartOf\":{\"@id\":\"https:\/\/energizerprofessional.eu\/es\/#website\"},\"primaryImageOfPage\":{\"@id\":\"https:\/\/energizerprofessional.eu\/es\/producto\/energizer-expert-pro-area-luz\/#primaryimage\"},\"image\":{\"@id\":\"https:\/\/energizerprofessional.eu\/es\/producto\/energizer-expert-pro-area-luz\/#primaryimage\"},\"thumbnailUrl\":\"https:\/\/energizerprofessional.eu\/wp-content\/uploads\/2020\/11\/v3ENR_Expert_Pro_LED_Lantern_GRD1LB_Angle_Right_hi1.png\",\"datePublished\":\"2020-11-13T14:53:12+00:00\",\"dateModified\":\"2022-02-18T12:46:05+00:00\",\"description\":\"La linterna LED Expert Pro es una herramienta vers\u00e1til lista para diversas aplicaciones de trabajo. \u00a1M\u00e1s informaci\u00f3n!\",\"breadcrumb\":{\"@id\":\"https:\/\/energizerprofessional.eu\/es\/producto\/energizer-expert-pro-area-luz\/#breadcrumb\"},\"inLanguage\":\"es\",\"potentialAction\":[{\"@type\":\"ReadAction\",\"target\":[\"https:\/\/energizerprofessional.eu\/es\/producto\/energizer-expert-pro-area-luz\/\"]}]},{\"@type\":\"ImageObject\",\"inLanguage\":\"es\",\"@id\":\"https:\/\/energizerprofessional.eu\/es\/producto\/energizer-expert-pro-area-luz\/#primaryimage\",\"url\":\"https:\/\/energizerprofessional.eu\/wp-content\/uploads\/2020\/11\/v3ENR_Expert_Pro_LED_Lantern_GRD1LB_Angle_Right_hi1.png\",\"contentUrl\":\"https:\/\/energizerprofessional.eu\/wp-content\/uploads\/2020\/11\/v3ENR_Expert_Pro_LED_Lantern_GRD1LB_Angle_Right_hi1.png\",\"width\":403,\"height\":587,\"caption\":\"Linterna LED Expert Pro Energizer\"},{\"@type\":\"BreadcrumbList\",\"@id\":\"https:\/\/energizerprofessional.eu\/es\/producto\/energizer-expert-pro-area-luz\/#breadcrumb\",\"itemListElement\":[{\"@type\":\"ListItem\",\"position\":1,\"name\":\"Home\",\"item\":\"https:\/\/energizerprofessional.eu\/es\/\"},{\"@type\":\"ListItem\",\"position\":2,\"name\":\"Priv\u00e9\u00a0: Shop\",\"item\":\"https:\/\/energizerprofessional.eu\/shop\/\"},{\"@type\":\"ListItem\",\"position\":3,\"name\":\"Luz de \u00e1rea Expert Pro &lt;i&gt;Energizer&lt;\/i&gt;&lt;sub&gt;\u00ae&lt;\/sub&gt;\"}]},{\"@type\":\"WebSite\",\"@id\":\"https:\/\/energizerprofessional.eu\/es\/#website\",\"url\":\"https:\/\/energizerprofessional.eu\/es\/\",\"name\":\"Energizer Industrial\",\"description\":\"\",\"publisher\":{\"@id\":\"https:\/\/energizerprofessional.eu\/es\/#organization\"},\"potentialAction\":[{\"@type\":\"SearchAction\",\"target\":{\"@type\":\"EntryPoint\",\"urlTemplate\":\"https:\/\/energizerprofessional.eu\/es\/?s={search_term_string}\"},\"query-input\":{\"@type\":\"PropertyValueSpecification\",\"valueRequired\":true,\"valueName\":\"search_term_string\"}}],\"inLanguage\":\"es\"},{\"@type\":\"Organization\",\"@id\":\"https:\/\/energizerprofessional.eu\/es\/#organization\",\"name\":\"Energizer Industrial\",\"url\":\"https:\/\/energizerprofessional.eu\/es\/\",\"logo\":{\"@type\":\"ImageObject\",\"inLanguage\":\"es\",\"@id\":\"https:\/\/energizerprofessional.eu\/es\/#\/schema\/logo\/image\/\",\"url\":\"\/wp-content\/uploads\/2020\/10\/logo.png\",\"contentUrl\":\"\/wp-content\/uploads\/2020\/10\/logo.png\",\"width\":688,\"height\":317,\"caption\":\"Energizer Industrial\"},\"image\":{\"@id\":\"https:\/\/energizerprofessional.eu\/es\/#\/schema\/logo\/image\/\"}}]}<\/script>\n<!-- \/ Yoast SEO plugin. -->","yoast_head_json":{"title":"Luz LED Energizer Expert Pro | Energizer Industrial","description":"La linterna LED Expert Pro es una herramienta vers\u00e1til lista para diversas aplicaciones de trabajo. \u00a1M\u00e1s informaci\u00f3n!","robots":{"index":"index","follow":"follow","max-snippet":"max-snippet:-1","max-image-preview":"max-image-preview:large","max-video-preview":"max-video-preview:-1"},"canonical":"https:\/\/energizerprofessional.eu\/es\/producto\/energizer-expert-pro-area-luz\/","og_locale":"es_ES","og_type":"article","og_title":"Luz LED Energizer Expert Pro | Energizer Industrial","og_description":"La linterna LED Expert Pro es una herramienta vers\u00e1til lista para diversas aplicaciones de trabajo. \u00a1M\u00e1s informaci\u00f3n!","og_url":"https:\/\/energizerprofessional.eu\/es\/producto\/energizer-expert-pro-area-luz\/","og_site_name":"Energizer Professional Europe","article_modified_time":"2022-02-18T12:46:05+00:00","og_image":[{"width":403,"height":587,"url":"https:\/\/energizerprofessional.eu\/wp-content\/uploads\/2020\/11\/v3ENR_Expert_Pro_LED_Lantern_GRD1LB_Angle_Right_hi1.png","type":"image\/png"}],"twitter_card":"summary_large_image","twitter_misc":{"Tiempo de lectura":"15 minutos"},"schema":{"@context":"https:\/\/schema.org","@graph":[{"@type":"WebPage","@id":"https:\/\/energizerprofessional.eu\/es\/producto\/energizer-expert-pro-area-luz\/","url":"https:\/\/energizerprofessional.eu\/es\/producto\/energizer-expert-pro-area-luz\/","name":"Luz LED Energizer Expert Pro | Energizer Industrial","isPartOf":{"@id":"https:\/\/energizerprofessional.eu\/es\/#website"},"primaryImageOfPage":{"@id":"https:\/\/energizerprofessional.eu\/es\/producto\/energizer-expert-pro-area-luz\/#primaryimage"},"image":{"@id":"https:\/\/energizerprofessional.eu\/es\/producto\/energizer-expert-pro-area-luz\/#primaryimage"},"thumbnailUrl":"https:\/\/energizerprofessional.eu\/wp-content\/uploads\/2020\/11\/v3ENR_Expert_Pro_LED_Lantern_GRD1LB_Angle_Right_hi1.png","datePublished":"2020-11-13T14:53:12+00:00","dateModified":"2022-02-18T12:46:05+00:00","description":"La linterna LED Expert Pro es una herramienta vers\u00e1til lista para diversas aplicaciones de trabajo. \u00a1M\u00e1s informaci\u00f3n!","breadcrumb":{"@id":"https:\/\/energizerprofessional.eu\/es\/producto\/energizer-expert-pro-area-luz\/#breadcrumb"},"inLanguage":"es","potentialAction":[{"@type":"ReadAction","target":["https:\/\/energizerprofessional.eu\/es\/producto\/energizer-expert-pro-area-luz\/"]}]},{"@type":"ImageObject","inLanguage":"es","@id":"https:\/\/energizerprofessional.eu\/es\/producto\/energizer-expert-pro-area-luz\/#primaryimage","url":"https:\/\/energizerprofessional.eu\/wp-content\/uploads\/2020\/11\/v3ENR_Expert_Pro_LED_Lantern_GRD1LB_Angle_Right_hi1.png","contentUrl":"https:\/\/energizerprofessional.eu\/wp-content\/uploads\/2020\/11\/v3ENR_Expert_Pro_LED_Lantern_GRD1LB_Angle_Right_hi1.png","width":403,"height":587,"caption":"Linterna LED Expert Pro Energizer"},{"@type":"BreadcrumbList","@id":"https:\/\/energizerprofessional.eu\/es\/producto\/energizer-expert-pro-area-luz\/#breadcrumb","itemListElement":[{"@type":"ListItem","position":1,"name":"Home","item":"https:\/\/energizerprofessional.eu\/es\/"},{"@type":"ListItem","position":2,"name":"Priv\u00e9\u00a0: Shop","item":"https:\/\/energizerprofessional.eu\/shop\/"},{"@type":"ListItem","position":3,"name":"Luz de \u00e1rea Expert Pro &lt;i&gt;Energizer&lt;\/i&gt;&lt;sub&gt;\u00ae&lt;\/sub&gt;"}]},{"@type":"WebSite","@id":"https:\/\/energizerprofessional.eu\/es\/#website","url":"https:\/\/energizerprofessional.eu\/es\/","name":"Energizer Industrial","description":"","publisher":{"@id":"https:\/\/energizerprofessional.eu\/es\/#organization"},"potentialAction":[{"@type":"SearchAction","target":{"@type":"EntryPoint","urlTemplate":"https:\/\/energizerprofessional.eu\/es\/?s={search_term_string}"},"query-input":{"@type":"PropertyValueSpecification","valueRequired":true,"valueName":"search_term_string"}}],"inLanguage":"es"},{"@type":"Organization","@id":"https:\/\/energizerprofessional.eu\/es\/#organization","name":"Energizer Industrial","url":"https:\/\/energizerprofessional.eu\/es\/","logo":{"@type":"ImageObject","inLanguage":"es","@id":"https:\/\/energizerprofessional.eu\/es\/#\/schema\/logo\/image\/","url":"\/wp-content\/uploads\/2020\/10\/logo.png","contentUrl":"\/wp-content\/uploads\/2020\/10\/logo.png","width":688,"height":317,"caption":"Energizer Industrial"},"image":{"@id":"https:\/\/energizerprofessional.eu\/es\/#\/schema\/logo\/image\/"}}]}},"_links":{"self":[{"href":"https:\/\/energizerprofessional.eu\/es\/wp-json\/wp\/v2\/product\/14190","targetHints":{"allow":["GET"]}}],"collection":[{"href":"https:\/\/energizerprofessional.eu\/es\/wp-json\/wp\/v2\/product"}],"about":[{"href":"https:\/\/energizerprofessional.eu\/es\/wp-json\/wp\/v2\/types\/product"}],"wp:featuredmedia":[{"embeddable":true,"href":"https:\/\/energizerprofessional.eu\/es\/wp-json\/wp\/v2\/media\/10805"}],"wp:attachment":[{"href":"https:\/\/energizerprofessional.eu\/es\/wp-json\/wp\/v2\/media?parent=14190"}],"wp:term":[{"taxonomy":"product_brand","embeddable":true,"href":"https:\/\/energizerprofessional.eu\/es\/wp-json\/wp\/v2\/product_brand?post=14190"},{"taxonomy":"product_cat","embeddable":true,"href":"https:\/\/energizerprofessional.eu\/es\/wp-json\/wp\/v2\/product_cat?post=14190"},{"taxonomy":"product_tag","embeddable":true,"href":"https:\/\/energizerprofessional.eu\/es\/wp-json\/wp\/v2\/product_tag?post=14190"}],"curies":[{"name":"wp","href":"https:\/\/api.w.org\/{rel}","templated":true}]}}