{"id":14182,"date":"2020-11-13T14:53:12","date_gmt":"2020-11-13T14:53:12","guid":{"rendered":"https:\/\/staging.energizerindustrial.eu\/product\/energizer-expert-pro-flaechenlicht\/"},"modified":"2022-06-04T18:38:22","modified_gmt":"2022-06-04T18:38:22","slug":"energizer-expert-pro-flaechenlicht","status":"publish","type":"product","link":"https:\/\/energizerprofessional.eu\/de\/produkt\/energizer-expert-pro-flaechenlicht\/","title":{"rendered":"<i>Energizer<\/i><sub>\u00ae<\/sub> Expert Pro Area Light"},"content":{"rendered":"<p><div class=\"fusion-fullwidth fullwidth-box fusion-builder-row-1 fusion-flex-container nonhundred-percent-fullwidth non-hundred-percent-height-scrolling\" style=\"--awb-border-radius-top-left:0px;--awb-border-radius-top-right:0px;--awb-border-radius-bottom-right:0px;--awb-border-radius-bottom-left:0px;--awb-flex-wrap:wrap;\" ><div class=\"fusion-builder-row fusion-row fusion-flex-align-items-flex-start fusion-flex-content-wrap\" style=\"max-width:calc( 1364px + 18px );margin-left: calc(-18px \/ 2 );margin-right: calc(-18px \/ 2 );\"><div class=\"fusion-layout-column fusion_builder_column fusion-builder-column-0 fusion_builder_column_2_5 2_5 fusion-flex-column\" style=\"--awb-bg-size:cover;--awb-width-large:40%;--awb-margin-top-large:0px;--awb-spacing-right-large:9px;--awb-margin-bottom-large:20px;--awb-spacing-left-large:9px;--awb-width-medium:40%;--awb-order-medium:0;--awb-spacing-right-medium:9px;--awb-spacing-left-medium:9px;--awb-width-small:100%;--awb-order-small:0;--awb-spacing-right-small:9px;--awb-spacing-left-small:9px;\"><div class=\"fusion-column-wrapper fusion-column-has-shadow fusion-flex-justify-content-flex-start fusion-content-layout-column\"><div class=\"fusion-image-element \" style=\"text-align:right;--awb-margin-right:20px;--awb-max-width:320px;--awb-caption-title-font-family:var(--h2_typography-font-family);--awb-caption-title-font-weight:var(--h2_typography-font-weight);--awb-caption-title-font-style:var(--h2_typography-font-style);--awb-caption-title-size:var(--h2_typography-font-size);--awb-caption-title-transform:var(--h2_typography-text-transform);--awb-caption-title-line-height:var(--h2_typography-line-height);--awb-caption-title-letter-spacing:var(--h2_typography-letter-spacing);\"><span class=\" fusion-imageframe imageframe-none imageframe-1 hover-type-none\"><img decoding=\"async\" width=\"732\" height=\"732\" alt=\"Energizer Expert Pro Licht\" title=\"Visuel Expert LED-Datenblatt Energie\" src=\"\/wp-content\/uploads\/2020\/11\/Visuel-Expert-LED-fiche-Energie.jpg\" class=\"img-responsive wp-image-10486\" srcset=\"https:\/\/energizerprofessional.eu\/wp-content\/uploads\/2020\/11\/Visuel-Expert-LED-fiche-Energie-200x200.jpg 200w, https:\/\/energizerprofessional.eu\/wp-content\/uploads\/2020\/11\/Visuel-Expert-LED-fiche-Energie-400x400.jpg 400w, https:\/\/energizerprofessional.eu\/wp-content\/uploads\/2020\/11\/Visuel-Expert-LED-fiche-Energie-600x600.jpg 600w, https:\/\/energizerprofessional.eu\/wp-content\/uploads\/2020\/11\/Visuel-Expert-LED-fiche-Energie.jpg 732w\" sizes=\"(max-width: 800px) 100vw, 600px\" \/><\/span><\/div><\/div><\/div><div class=\"fusion-layout-column fusion_builder_column fusion-builder-column-1 fusion_builder_column_3_5 3_5 fusion-flex-column single-flashlight-product-column\" style=\"--awb-padding-left:5%;--awb-bg-size:cover;--awb-width-large:60%;--awb-margin-top-large:0px;--awb-spacing-right-large:9px;--awb-margin-bottom-large:20px;--awb-spacing-left-large:9px;--awb-width-medium:60%;--awb-order-medium:0;--awb-spacing-right-medium:9px;--awb-spacing-left-medium:9px;--awb-width-small:100%;--awb-order-small:0;--awb-spacing-right-small:9px;--awb-spacing-left-small:9px;\"><div class=\"fusion-column-wrapper fusion-column-has-shadow fusion-flex-justify-content-flex-start fusion-content-layout-column\"><div class=\"fusion-title title fusion-title-1 fusion-sep-none fusion-title-text fusion-title-size-two flashlight-product-title\" style=\"--awb-margin-top-small:10px;--awb-margin-right-small:0px;--awb-margin-bottom-small:10px;--awb-margin-left-small:0px;--awb-font-size:45px;\"><h2 class=\"fusion-title-heading title-heading-left\" style=\"font-family:Arial, Helvetica, sans-serif;font-style:normal;font-weight:700;margin:0;font-size:1em;\"><h2><strong><em>Energizer<\/em><sub>\u00ae<\/sub> Expert Pro LED<\/strong><\/h2><\/h2><\/div><div class=\"fusion-text fusion-text-1\" style=\"--awb-font-size:21px;--awb-text-transform:none;--awb-text-color:#000000;--awb-text-font-family:Arial, Helvetica, sans-serif;--awb-text-font-style:normal;--awb-text-font-weight:400;\"><p style=\"max-width: 75%; margin-top: 2em;\">Mit einem Winkel von 140\u00b0, um das Licht dorthin zu richten, wo es ben\u00f6tigt wird, einer einfachen Batteriebest\u00fcckung, einem stabilen Sockel und mehreren Leuchtmodi ist die Expert Pro LED-Laterne ein vielseitiges Werkzeug, welches f\u00fcr die unterschiedlichsten Arbeitseins\u00e4tze geeignet ist.<\/p>\n<\/div><\/div><\/div><div class=\"fusion-layout-column fusion_builder_column fusion-builder-column-2 fusion_builder_column_1_1 1_1 fusion-flex-column\" style=\"--awb-bg-size:cover;--awb-width-large:100%;--awb-margin-top-large:0px;--awb-spacing-right-large:9px;--awb-margin-bottom-large:20px;--awb-spacing-left-large:9px;--awb-width-medium:100%;--awb-order-medium:0;--awb-spacing-right-medium:9px;--awb-spacing-left-medium:9px;--awb-width-small:100%;--awb-order-small:0;--awb-spacing-right-small:9px;--awb-spacing-left-small:9px;\"><div class=\"fusion-column-wrapper fusion-column-has-shadow fusion-flex-justify-content-flex-start fusion-content-layout-column\"><div class=\"fusion-separator fusion-no-small-visibility fusion-no-medium-visibility fusion-full-width-sep\" style=\"align-self: center;margin-left: auto;margin-right: auto;margin-top:25px;width:100%;\"><\/div><\/div><\/div><\/div><\/div><div class=\"fusion-fullwidth fullwidth-box fusion-builder-row-2 fusion-flex-container nonhundred-percent-fullwidth non-hundred-percent-height-scrolling\" style=\"--awb-border-radius-top-left:0px;--awb-border-radius-top-right:0px;--awb-border-radius-bottom-right:0px;--awb-border-radius-bottom-left:0px;--awb-flex-wrap:wrap;\" ><div class=\"fusion-builder-row fusion-row fusion-flex-align-items-flex-start fusion-flex-content-wrap\" style=\"max-width:calc( 1364px + 18px );margin-left: calc(-18px \/ 2 );margin-right: calc(-18px \/ 2 );\"><div class=\"fusion-layout-column fusion_builder_column fusion-builder-column-3 fusion_builder_column_2_5 2_5 fusion-flex-column tab-slide\" style=\"--awb-padding-left:30%;--awb-bg-size:cover;--awb-width-large:40%;--awb-margin-top-large:0px;--awb-spacing-right-large:9px;--awb-margin-bottom-large:20px;--awb-spacing-left-large:9px;--awb-width-medium:40%;--awb-order-medium:0;--awb-spacing-right-medium:9px;--awb-spacing-left-medium:9px;--awb-width-small:100%;--awb-order-small:0;--awb-spacing-right-small:9px;--awb-spacing-left-small:9px;\"><div class=\"fusion-column-wrapper fusion-column-has-shadow fusion-flex-justify-content-flex-start fusion-content-layout-column\"><div class=\"fusion-slider-sc\"><div class=\"fusion-flexslider-loading flexslider flexslider-hover-type-none\" data-slideshow_autoplay=\"1\" data-slideshow_smooth_height=\"0\" data-slideshow_speed=\"7000\" style=\"max-width:100%;height:100%;\"><ul class=\"slides\"><li class=\"image\"><a class=\"lightbox-enabled fusion-lightbox\" data-rel=\"iLightbox[slider_carousel_1]\" title=\"ENR_Expert_Pro_LED_Lantern_GRD1LB_Angle_Right_hi-600&#215;770\" data-title=\"ENR_Expert_Pro_LED_Lantern_GRD1LB_Angle_Right_hi-600&#215;770\" aria-label=\"ENR_Expert_Pro_LED_Lantern_GRD1LB_Angle_Right_hi-600&#215;770\" href=\"\/wp-content\/uploads\/2021\/11\/ENR_Expert_Pro_LED_Lantern_GRD1LB_Angle_Right_hi-600x770-1.png\" target=\"_self\"><span class=\"fusion-image-hover-element hover-type-none\"><img decoding=\"async\" src=\"\/wp-content\/uploads\/2021\/11\/ENR_Expert_Pro_LED_Lantern_GRD1LB_Angle_Right_hi-600x770-1.png\" width=\"600\" height=\"600\" class=\"wp-image-12710\" srcset=\"https:\/\/energizerprofessional.eu\/wp-content\/uploads\/2021\/11\/ENR_Expert_Pro_LED_Lantern_GRD1LB_Angle_Right_hi-600x770-1-200x200.png 200w, https:\/\/energizerprofessional.eu\/wp-content\/uploads\/2021\/11\/ENR_Expert_Pro_LED_Lantern_GRD1LB_Angle_Right_hi-600x770-1-400x400.png 400w, https:\/\/energizerprofessional.eu\/wp-content\/uploads\/2021\/11\/ENR_Expert_Pro_LED_Lantern_GRD1LB_Angle_Right_hi-600x770-1.png 600w\" sizes=\"(max-width: 800px) 100vw, 400px\" \/><\/span><\/a><\/li><li class=\"image\"><a class=\"lightbox-enabled fusion-lightbox\" data-rel=\"iLightbox[slider_carousel_1]\" title=\"rigth-side\" data-title=\"rigth-side\" aria-label=\"rigth-side\" href=\"\/wp-content\/uploads\/2021\/11\/right-side.png\" target=\"_self\"><span class=\"fusion-image-hover-element hover-type-none\"><img decoding=\"async\" src=\"\/wp-content\/uploads\/2021\/11\/rigth-side.png\" width=\"600\" height=\"600\" class=\"wp-image-12644\" srcset=\"https:\/\/energizerprofessional.eu\/wp-content\/uploads\/2021\/11\/rigth-side-200x200.png 200w, https:\/\/energizerprofessional.eu\/wp-content\/uploads\/2021\/11\/rigth-side-400x400.png 400w, https:\/\/energizerprofessional.eu\/wp-content\/uploads\/2021\/11\/rigth-side.png 600w\" sizes=\"(max-width: 800px) 100vw, 400px\" \/><\/span><\/a><\/li><li class=\"image\"><a class=\"lightbox-enabled fusion-lightbox\" data-rel=\"iLightbox[slider_carousel_1]\" title=\"left-side\" data-title=\"left-side\" aria-label=\"left-side\" href=\"\/wp-content\/uploads\/2021\/11\/left-side.png\" target=\"_self\"><span class=\"fusion-image-hover-element hover-type-none\"><img decoding=\"async\" src=\"\/wp-content\/uploads\/2021\/11\/left-side.png\" width=\"600\" height=\"600\" class=\"wp-image-12638\" srcset=\"https:\/\/energizerprofessional.eu\/wp-content\/uploads\/2021\/11\/left-side-200x200.png 200w, https:\/\/energizerprofessional.eu\/wp-content\/uploads\/2021\/11\/left-side-400x400.png 400w, https:\/\/energizerprofessional.eu\/wp-content\/uploads\/2021\/11\/left-side.png 600w\" sizes=\"(max-width: 800px) 100vw, 400px\" \/><\/span><\/a><\/li><li class=\"image\"><a class=\"lightbox-enabled fusion-lightbox\" data-rel=\"iLightbox[slider_carousel_1]\" title=\"side-on\" data-title=\"side-on\" aria-label=\"side-on\" href=\"\/wp-content\/uploads\/2021\/11\/side-on.png\" target=\"_self\"><span class=\"fusion-image-hover-element hover-type-none\"><img decoding=\"async\" src=\"\/wp-content\/uploads\/2021\/11\/side-on.png\" width=\"600\" height=\"600\" class=\"wp-image-12632\" srcset=\"https:\/\/energizerprofessional.eu\/wp-content\/uploads\/2021\/11\/side-on-200x200.png 200w, https:\/\/energizerprofessional.eu\/wp-content\/uploads\/2021\/11\/side-on-400x400.png 400w, https:\/\/energizerprofessional.eu\/wp-content\/uploads\/2021\/11\/side-on.png 600w\" sizes=\"(max-width: 800px) 100vw, 400px\" \/><\/span><\/a><\/li><\/ul><\/div><\/div><\/div><\/div><div class=\"fusion-layout-column fusion_builder_column fusion-builder-column-4 fusion_builder_column_3_5 3_5 fusion-flex-column\" style=\"--awb-padding-top:5%;--awb-bg-size:cover;--awb-width-large:60%;--awb-margin-top-large:0px;--awb-spacing-right-large:9px;--awb-margin-bottom-large:20px;--awb-spacing-left-large:9px;--awb-width-medium:60%;--awb-order-medium:0;--awb-spacing-right-medium:9px;--awb-spacing-left-medium:9px;--awb-width-small:100%;--awb-order-small:0;--awb-spacing-right-small:9px;--awb-spacing-left-small:9px;\"><div class=\"fusion-column-wrapper fusion-column-has-shadow fusion-flex-justify-content-flex-start fusion-content-layout-column\"><div class=\"fusion-title title fusion-title-2 fusion-sep-none fusion-title-text fusion-title-size-three\" style=\"--awb-margin-top-small:10px;--awb-margin-right-small:0px;--awb-margin-bottom-small:10px;--awb-margin-left-small:0px;--awb-font-size:45px;\"><h3 class=\"fusion-title-heading title-heading-left\" style=\"font-family:Arial, Helvetica, sans-serif;font-style:normal;font-weight:400;margin:0;font-size:1em;\"><strong>Highlights<\/strong><\/h3><\/div><div class=\"fusion-text fusion-text-2\" style=\"--awb-font-size:21px;--awb-text-transform:none;--awb-text-color:#000000;--awb-text-font-family:Arial, Helvetica, sans-serif;--awb-text-font-style:normal;--awb-text-font-weight:400;\"><ul>\n<li>Geh\u00e4use aus robuster legierung<\/li>\n<li>Optimaler Tragekomfort<\/li>\n<li>Der Kopf ist um 140\u00b0 schwenkbar, um das Licht dorthin zu lenken, wo Sie es brauchen<\/li>\n<li>Benutzerfreundlicher Druckknopfschalter<\/li>\n<li>Einfacher Batteriewechsel<\/li>\n<li>Stundenlange Laufzeit<\/li>\n<li>3 Lichtmodi:\n<ul>\n<li>Niedrig ( breiter Lichtstrahl ) dank 3 peripherer LEDs<\/li>\n<li>Mittel (konzentrierter Lichtstrahl) dank einer zentralen LED mit hoher Leuchtkraft<\/li>\n<li>Hoch (konzentrierter + breiter Lichtstrahl) mit allen 4 LEDs<\/li>\n<\/ul>\n<\/li>\n<li>Abmessungen: (H) 288 x (B) 280 x (T) 93 mm<\/li>\n<li>Gewicht 1990 g<\/li>\n<\/ul>\n<\/div><div class=\"fusion-text fusion-text-3\" style=\"--awb-text-transform:none;\"><div class=\"product-description-table-div\">\n<table class=\"product-description-table\">\n<thead>\n<tr>\n<th align=\"left\">Modus<\/th>\n<th align=\"left\"><img decoding=\"async\" class=\"alignnone size-full wp-image-355\" src=\"\/wp-content\/uploads\/2020\/10\/Image_6.png\" alt=\"\" width=\"44\" height=\"43\" \/><\/p>\n<p>Lichtmenge<\/th>\n<th align=\"left\"><img decoding=\"async\" class=\"alignnone size-full wp-image-357\" src=\"\/wp-content\/uploads\/2020\/10\/Image_7.png\" alt=\"\" width=\"44\" height=\"43\" \/><\/p>\n<p>Betriebsdauer<\/th>\n<th align=\"left\"><img decoding=\"async\" class=\"alignnone size-full wp-image-359\" src=\"\/wp-content\/uploads\/2020\/10\/Image_8.png\" alt=\"\" width=\"44\" height=\"43\" \/><\/p>\n<p>Sto\u00dffestigkeit<\/th>\n<th align=\"left\"><img decoding=\"async\" class=\"alignnone size-full wp-image-361\" src=\"\/wp-content\/uploads\/2020\/10\/Image_9.png\" alt=\"\" width=\"44\" height=\"43\" \/><\/p>\n<p>Wasserfestigkeit<\/th>\n<\/tr>\n<\/thead>\n<tbody>\n<tr>\n<td align=\"left\">Hoch<\/td>\n<td align=\"left\">500 Lumen<\/td>\n<td align=\"left\">40 Stunden<\/td>\n<td align=\"left\">1 Meter<\/td>\n<td align=\"left\">IPX4<\/td>\n<\/tr>\n<tr>\n<td align=\"left\">Niedrig<\/td>\n<td align=\"left\">250 Lumen<\/td>\n<td align=\"left\">120<\/td>\n<td align=\"left\">2 Meter<\/td>\n<td align=\"left\">IPX4<\/td>\n<\/tr>\n<\/tbody>\n<\/table>\n<\/div>\n<\/div><\/div><\/div><\/div><\/div><div class=\"fusion-fullwidth fullwidth-box fusion-builder-row-3 fusion-flex-container nonhundred-percent-fullwidth non-hundred-percent-height-scrolling\" style=\"--awb-border-radius-top-left:0px;--awb-border-radius-top-right:0px;--awb-border-radius-bottom-right:0px;--awb-border-radius-bottom-left:0px;--awb-flex-wrap:wrap;\" ><div class=\"fusion-builder-row fusion-row fusion-flex-align-items-flex-start fusion-flex-content-wrap\" style=\"max-width:calc( 1364px + 18px );margin-left: calc(-18px \/ 2 );margin-right: calc(-18px \/ 2 );\"><div class=\"fusion-layout-column fusion_builder_column fusion-builder-column-5 fusion_builder_column_1_1 1_1 fusion-flex-column\" style=\"--awb-bg-size:cover;--awb-width-large:100%;--awb-margin-top-large:0px;--awb-spacing-right-large:9px;--awb-margin-bottom-large:0px;--awb-spacing-left-large:9px;--awb-width-medium:100%;--awb-spacing-right-medium:9px;--awb-spacing-left-medium:9px;--awb-width-small:100%;--awb-spacing-right-small:9px;--awb-spacing-left-small:9px;\"><div class=\"fusion-column-wrapper fusion-flex-justify-content-flex-start fusion-content-layout-column\"><div class=\"fusion-text fusion-text-4\"><\/div><\/div><\/div><\/div><\/div><\/p>\n","protected":false},"excerpt":{"rendered":"<p>Dieser leistungsstarke, schwenkbare Fernstrahler bringt Licht in die dunkelsten Bereiche.<\/p>\n<p><a style=\"color: #ffffff;\" href=\"\/de\/produkt\/energizer-expert-pro-flaechenlicht\/\"><u>Erfahren Sie mehr dar\u00fcber<\/u><\/a><\/p>\n","protected":false},"featured_media":10802,"template":"","meta":[],"product_brand":[],"product_cat":[161,145],"product_tag":[],"class_list":{"0":"post-14182","1":"product","2":"type-product","3":"status-publish","4":"has-post-thumbnail","6":"product_cat-area-de","7":"product_cat-beleuchtung","9":"first","10":"instock","11":"shipping-taxable","12":"product-type-simple"},"yoast_head":"<!-- This site is optimized with the Yoast SEO plugin v27.2 - https:\/\/yoast.com\/product\/yoast-seo-wordpress\/ -->\n<title>Energizer Expert Pro LED Leuchte | Energizer Industrial<\/title>\n<meta name=\"description\" content=\"Die Expert Pro LED-Laterne ist ein vielseitiges Werkzeug, welches f\u00fcr die verschiedensten Eins\u00e4tze bereit ist. Erfahren Sie mehr!\" \/>\n<meta name=\"robots\" content=\"index, follow, max-snippet:-1, max-image-preview:large, max-video-preview:-1\" \/>\n<link rel=\"canonical\" href=\"https:\/\/energizerprofessional.eu\/de\/produkt\/energizer-expert-pro-flaechenlicht\/\" \/>\n<meta property=\"og:locale\" content=\"de_DE\" \/>\n<meta property=\"og:type\" content=\"article\" \/>\n<meta property=\"og:title\" content=\"Energizer Expert Pro LED Leuchte | Energizer Industrial\" \/>\n<meta property=\"og:description\" content=\"Die Expert Pro LED-Laterne ist ein vielseitiges Werkzeug, welches f\u00fcr die verschiedensten Eins\u00e4tze bereit ist. Erfahren Sie mehr!\" \/>\n<meta property=\"og:url\" content=\"https:\/\/energizerprofessional.eu\/de\/produkt\/energizer-expert-pro-flaechenlicht\/\" \/>\n<meta property=\"og:site_name\" content=\"Energizer Professional Europe\" \/>\n<meta property=\"article:modified_time\" content=\"2022-06-04T18:38:22+00:00\" \/>\n<meta property=\"og:image\" content=\"https:\/\/energizerprofessional.eu\/wp-content\/uploads\/2020\/11\/v3ENR_Expert_Pro_LED_Lantern_GRD1LB_Angle_Right_hi1.png\" \/>\n\t<meta property=\"og:image:width\" content=\"403\" \/>\n\t<meta property=\"og:image:height\" content=\"587\" \/>\n\t<meta property=\"og:image:type\" content=\"image\/png\" \/>\n<meta name=\"twitter:card\" content=\"summary_large_image\" \/>\n<meta name=\"twitter:label1\" content=\"Gesch\u00e4tzte Lesezeit\" \/>\n\t<meta name=\"twitter:data1\" content=\"15\u00a0Minuten\" \/>\n<script type=\"application\/ld+json\" class=\"yoast-schema-graph\">{\"@context\":\"https:\/\/schema.org\",\"@graph\":[{\"@type\":\"WebPage\",\"@id\":\"https:\/\/energizerprofessional.eu\/de\/produkt\/energizer-expert-pro-flaechenlicht\/\",\"url\":\"https:\/\/energizerprofessional.eu\/de\/produkt\/energizer-expert-pro-flaechenlicht\/\",\"name\":\"Energizer Expert Pro LED Leuchte | Energizer Industrial\",\"isPartOf\":{\"@id\":\"https:\/\/energizerprofessional.eu\/de\/#website\"},\"primaryImageOfPage\":{\"@id\":\"https:\/\/energizerprofessional.eu\/de\/produkt\/energizer-expert-pro-flaechenlicht\/#primaryimage\"},\"image\":{\"@id\":\"https:\/\/energizerprofessional.eu\/de\/produkt\/energizer-expert-pro-flaechenlicht\/#primaryimage\"},\"thumbnailUrl\":\"https:\/\/energizerprofessional.eu\/wp-content\/uploads\/2020\/11\/v3ENR_Expert_Pro_LED_Lantern_GRD1LB_Angle_Right_hi1.png\",\"datePublished\":\"2020-11-13T14:53:12+00:00\",\"dateModified\":\"2022-06-04T18:38:22+00:00\",\"description\":\"Die Expert Pro LED-Laterne ist ein vielseitiges Werkzeug, welches f\u00fcr die verschiedensten Eins\u00e4tze bereit ist. Erfahren Sie mehr!\",\"breadcrumb\":{\"@id\":\"https:\/\/energizerprofessional.eu\/de\/produkt\/energizer-expert-pro-flaechenlicht\/#breadcrumb\"},\"inLanguage\":\"de\",\"potentialAction\":[{\"@type\":\"ReadAction\",\"target\":[\"https:\/\/energizerprofessional.eu\/de\/produkt\/energizer-expert-pro-flaechenlicht\/\"]}]},{\"@type\":\"ImageObject\",\"inLanguage\":\"de\",\"@id\":\"https:\/\/energizerprofessional.eu\/de\/produkt\/energizer-expert-pro-flaechenlicht\/#primaryimage\",\"url\":\"https:\/\/energizerprofessional.eu\/wp-content\/uploads\/2020\/11\/v3ENR_Expert_Pro_LED_Lantern_GRD1LB_Angle_Right_hi1.png\",\"contentUrl\":\"https:\/\/energizerprofessional.eu\/wp-content\/uploads\/2020\/11\/v3ENR_Expert_Pro_LED_Lantern_GRD1LB_Angle_Right_hi1.png\",\"width\":403,\"height\":587,\"caption\":\"Energizer Expert Pro LED-Laterne\"},{\"@type\":\"BreadcrumbList\",\"@id\":\"https:\/\/energizerprofessional.eu\/de\/produkt\/energizer-expert-pro-flaechenlicht\/#breadcrumb\",\"itemListElement\":[{\"@type\":\"ListItem\",\"position\":1,\"name\":\"Home\",\"item\":\"https:\/\/energizerprofessional.eu\/de\/\"},{\"@type\":\"ListItem\",\"position\":2,\"name\":\"Priv\u00e9\u00a0: Shop\",\"item\":\"https:\/\/energizerprofessional.eu\/shop\/\"},{\"@type\":\"ListItem\",\"position\":3,\"name\":\"Energizer\u00ae Expert Pro Area Light\"}]},{\"@type\":\"WebSite\",\"@id\":\"https:\/\/energizerprofessional.eu\/de\/#website\",\"url\":\"https:\/\/energizerprofessional.eu\/de\/\",\"name\":\"Energizer Industrial\",\"description\":\"\",\"publisher\":{\"@id\":\"https:\/\/energizerprofessional.eu\/de\/#organization\"},\"potentialAction\":[{\"@type\":\"SearchAction\",\"target\":{\"@type\":\"EntryPoint\",\"urlTemplate\":\"https:\/\/energizerprofessional.eu\/de\/?s={search_term_string}\"},\"query-input\":{\"@type\":\"PropertyValueSpecification\",\"valueRequired\":true,\"valueName\":\"search_term_string\"}}],\"inLanguage\":\"de\"},{\"@type\":\"Organization\",\"@id\":\"https:\/\/energizerprofessional.eu\/de\/#organization\",\"name\":\"Energizer Industrial\",\"url\":\"https:\/\/energizerprofessional.eu\/de\/\",\"logo\":{\"@type\":\"ImageObject\",\"inLanguage\":\"de\",\"@id\":\"https:\/\/energizerprofessional.eu\/de\/#\/schema\/logo\/image\/\",\"url\":\"\/wp-content\/uploads\/2020\/10\/logo.png\",\"contentUrl\":\"\/wp-content\/uploads\/2020\/10\/logo.png\",\"width\":688,\"height\":317,\"caption\":\"Energizer Industrial\"},\"image\":{\"@id\":\"https:\/\/energizerprofessional.eu\/de\/#\/schema\/logo\/image\/\"}}]}<\/script>\n<!-- \/ Yoast SEO plugin. -->","yoast_head_json":{"title":"Energizer Expert Pro LED Leuchte | Energizer Industrial","description":"Die Expert Pro LED-Laterne ist ein vielseitiges Werkzeug, welches f\u00fcr die verschiedensten Eins\u00e4tze bereit ist. Erfahren Sie mehr!","robots":{"index":"index","follow":"follow","max-snippet":"max-snippet:-1","max-image-preview":"max-image-preview:large","max-video-preview":"max-video-preview:-1"},"canonical":"https:\/\/energizerprofessional.eu\/de\/produkt\/energizer-expert-pro-flaechenlicht\/","og_locale":"de_DE","og_type":"article","og_title":"Energizer Expert Pro LED Leuchte | Energizer Industrial","og_description":"Die Expert Pro LED-Laterne ist ein vielseitiges Werkzeug, welches f\u00fcr die verschiedensten Eins\u00e4tze bereit ist. Erfahren Sie mehr!","og_url":"https:\/\/energizerprofessional.eu\/de\/produkt\/energizer-expert-pro-flaechenlicht\/","og_site_name":"Energizer Professional Europe","article_modified_time":"2022-06-04T18:38:22+00:00","og_image":[{"width":403,"height":587,"url":"https:\/\/energizerprofessional.eu\/wp-content\/uploads\/2020\/11\/v3ENR_Expert_Pro_LED_Lantern_GRD1LB_Angle_Right_hi1.png","type":"image\/png"}],"twitter_card":"summary_large_image","twitter_misc":{"Gesch\u00e4tzte Lesezeit":"15\u00a0Minuten"},"schema":{"@context":"https:\/\/schema.org","@graph":[{"@type":"WebPage","@id":"https:\/\/energizerprofessional.eu\/de\/produkt\/energizer-expert-pro-flaechenlicht\/","url":"https:\/\/energizerprofessional.eu\/de\/produkt\/energizer-expert-pro-flaechenlicht\/","name":"Energizer Expert Pro LED Leuchte | Energizer Industrial","isPartOf":{"@id":"https:\/\/energizerprofessional.eu\/de\/#website"},"primaryImageOfPage":{"@id":"https:\/\/energizerprofessional.eu\/de\/produkt\/energizer-expert-pro-flaechenlicht\/#primaryimage"},"image":{"@id":"https:\/\/energizerprofessional.eu\/de\/produkt\/energizer-expert-pro-flaechenlicht\/#primaryimage"},"thumbnailUrl":"https:\/\/energizerprofessional.eu\/wp-content\/uploads\/2020\/11\/v3ENR_Expert_Pro_LED_Lantern_GRD1LB_Angle_Right_hi1.png","datePublished":"2020-11-13T14:53:12+00:00","dateModified":"2022-06-04T18:38:22+00:00","description":"Die Expert Pro LED-Laterne ist ein vielseitiges Werkzeug, welches f\u00fcr die verschiedensten Eins\u00e4tze bereit ist. Erfahren Sie mehr!","breadcrumb":{"@id":"https:\/\/energizerprofessional.eu\/de\/produkt\/energizer-expert-pro-flaechenlicht\/#breadcrumb"},"inLanguage":"de","potentialAction":[{"@type":"ReadAction","target":["https:\/\/energizerprofessional.eu\/de\/produkt\/energizer-expert-pro-flaechenlicht\/"]}]},{"@type":"ImageObject","inLanguage":"de","@id":"https:\/\/energizerprofessional.eu\/de\/produkt\/energizer-expert-pro-flaechenlicht\/#primaryimage","url":"https:\/\/energizerprofessional.eu\/wp-content\/uploads\/2020\/11\/v3ENR_Expert_Pro_LED_Lantern_GRD1LB_Angle_Right_hi1.png","contentUrl":"https:\/\/energizerprofessional.eu\/wp-content\/uploads\/2020\/11\/v3ENR_Expert_Pro_LED_Lantern_GRD1LB_Angle_Right_hi1.png","width":403,"height":587,"caption":"Energizer Expert Pro LED-Laterne"},{"@type":"BreadcrumbList","@id":"https:\/\/energizerprofessional.eu\/de\/produkt\/energizer-expert-pro-flaechenlicht\/#breadcrumb","itemListElement":[{"@type":"ListItem","position":1,"name":"Home","item":"https:\/\/energizerprofessional.eu\/de\/"},{"@type":"ListItem","position":2,"name":"Priv\u00e9\u00a0: Shop","item":"https:\/\/energizerprofessional.eu\/shop\/"},{"@type":"ListItem","position":3,"name":"Energizer\u00ae Expert Pro Area Light"}]},{"@type":"WebSite","@id":"https:\/\/energizerprofessional.eu\/de\/#website","url":"https:\/\/energizerprofessional.eu\/de\/","name":"Energizer Industrial","description":"","publisher":{"@id":"https:\/\/energizerprofessional.eu\/de\/#organization"},"potentialAction":[{"@type":"SearchAction","target":{"@type":"EntryPoint","urlTemplate":"https:\/\/energizerprofessional.eu\/de\/?s={search_term_string}"},"query-input":{"@type":"PropertyValueSpecification","valueRequired":true,"valueName":"search_term_string"}}],"inLanguage":"de"},{"@type":"Organization","@id":"https:\/\/energizerprofessional.eu\/de\/#organization","name":"Energizer Industrial","url":"https:\/\/energizerprofessional.eu\/de\/","logo":{"@type":"ImageObject","inLanguage":"de","@id":"https:\/\/energizerprofessional.eu\/de\/#\/schema\/logo\/image\/","url":"\/wp-content\/uploads\/2020\/10\/logo.png","contentUrl":"\/wp-content\/uploads\/2020\/10\/logo.png","width":688,"height":317,"caption":"Energizer Industrial"},"image":{"@id":"https:\/\/energizerprofessional.eu\/de\/#\/schema\/logo\/image\/"}}]}},"_links":{"self":[{"href":"https:\/\/energizerprofessional.eu\/de\/wp-json\/wp\/v2\/product\/14182","targetHints":{"allow":["GET"]}}],"collection":[{"href":"https:\/\/energizerprofessional.eu\/de\/wp-json\/wp\/v2\/product"}],"about":[{"href":"https:\/\/energizerprofessional.eu\/de\/wp-json\/wp\/v2\/types\/product"}],"wp:featuredmedia":[{"embeddable":true,"href":"https:\/\/energizerprofessional.eu\/de\/wp-json\/wp\/v2\/media\/10802"}],"wp:attachment":[{"href":"https:\/\/energizerprofessional.eu\/de\/wp-json\/wp\/v2\/media?parent=14182"}],"wp:term":[{"taxonomy":"product_brand","embeddable":true,"href":"https:\/\/energizerprofessional.eu\/de\/wp-json\/wp\/v2\/product_brand?post=14182"},{"taxonomy":"product_cat","embeddable":true,"href":"https:\/\/energizerprofessional.eu\/de\/wp-json\/wp\/v2\/product_cat?post=14182"},{"taxonomy":"product_tag","embeddable":true,"href":"https:\/\/energizerprofessional.eu\/de\/wp-json\/wp\/v2\/product_tag?post=14182"}],"curies":[{"name":"wp","href":"https:\/\/api.w.org\/{rel}","templated":true}]}}